{"id":11,"date":"2012-07-24T23:58:53","date_gmt":"2012-07-24T22:58:53","guid":{"rendered":"http:\/\/ecoledelacroiseedeschemins.fr\/?page_id=11"},"modified":"2015-04-21T15:46:19","modified_gmt":"2015-04-21T13:46:19","slug":"formation","status":"publish","type":"page","link":"http:\/\/ecoledelacroiseedeschemins.fr\/en\/formation\/","title":{"rendered":"Formations"},"content":{"rendered":"<p style=\"text-align: center;\"><a href=\"http:\/\/ecoledelacroiseedeschemins.fr\/formation\/centre-formation\/\"><strong>Pr\u00e9sentation du centre de formation<\/strong><\/a><\/p>\n<p style=\"text-align: center;\"><img loading=\"lazy\" class=\"alignleft wp-image-2589 size-full\" src=\"http:\/\/ecoledelacroiseedeschemins.fr\/wp-content\/uploads\/2012\/07\/logo-formations-ecran.png\" alt=\"logo La Crois\u00e9e des Chemins - formations\" width=\"241\" height=\"269\" \/><strong>Nos propositions :<\/strong><\/p>\n<p style=\"text-align: center;\"><strong><a href=\"http:\/\/ecoledelacroiseedeschemins.fr\/formation\/cursus-facilitation-apprentissage\/\">Cursus sur la facilitation de l&#8217;apprentissage<\/a><\/strong><\/p>\n<p style=\"text-align: center;\"><a href=\"http:\/\/ecoledelacroiseedeschemins.fr\/formation\/boite-outils-vivre-ensemble\/\"><strong>La bo\u00eete \u00e0 outils du vivre ensemble<\/strong><\/a><\/p>\n<p style=\"text-align: center;\"><a href=\"http:\/\/ecoledelacroiseedeschemins.fr\/formation\/creer-lecole-de-mes-reves\/\"><strong>Cr\u00e9er l&#8217;\u00e9cole de mes r\u00eaves<\/strong><\/a><\/p>\n<p style=\"text-align: center;\"><a href=\"http:\/\/ecoledelacroiseedeschemins.fr\/formation\/accompagner-jeunes\/\"><strong>Accompagner les jeunes &#8211; vivre la relation<\/strong><\/a><\/p>\n<p style=\"text-align: right;\"><a href=\"http:\/\/ecoledelacroiseedeschemins.fr\/formation\/accompagnement-de-projet\/\"><strong>Accompagnement de projet en individuel ou en \u00e9quipe<\/strong><\/a><\/p>\n","protected":false},"excerpt":{"rendered":"<p>Pr\u00e9sentation du centre de formation Nos propositions : Cursus sur la facilitation de l&#8217;apprentissage La bo\u00eete \u00e0 outils du vivre ensemble Cr\u00e9er l&#8217;\u00e9cole de mes r\u00eaves Accompagner les jeunes &#8211; vivre la relation Accompagnement de projet en individuel ou en \u00e9quipe<\/p>\n","protected":false},"author":14,"featured_media":0,"parent":0,"menu_order":6,"comment_status":"closed","ping_status":"closed","template":"","meta":{"ngg_post_thumbnail":0},"_links":{"self":[{"href":"http:\/\/ecoledelacroiseedeschemins.fr\/en\/wp-json\/wp\/v2\/pages\/11"}],"collection":[{"href":"http:\/\/ecoledelacroiseedeschemins.fr\/en\/wp-json\/wp\/v2\/pages"}],"about":[{"href":"http:\/\/ecoledelacroiseedeschemins.fr\/en\/wp-json\/wp\/v2\/types\/page"}],"author":[{"embeddable":true,"href":"http:\/\/ecoledelacroiseedeschemins.fr\/en\/wp-json\/wp\/v2\/users\/14"}],"replies":[{"embeddable":true,"href":"http:\/\/ecoledelacroiseedeschemins.fr\/en\/wp-json\/wp\/v2\/comments?post=11"}],"version-history":[{"count":0,"href":"http:\/\/ecoledelacroiseedeschemins.fr\/en\/wp-json\/wp\/v2\/pages\/11\/revisions"}],"wp:attachment":[{"href":"http:\/\/ecoledelacroiseedeschemins.fr\/en\/wp-json\/wp\/v2\/media?parent=11"}],"curies":[{"name":"wp","href":"https:\/\/api.w.org\/{rel}","templated":true}]}}