{"id":1232,"date":"2014-05-25T09:57:14","date_gmt":"2014-05-25T08:57:14","guid":{"rendered":"http:\/\/ecoledelacroiseedeschemins.fr\/?page_id=1232"},"modified":"2016-09-08T16:06:11","modified_gmt":"2016-09-08T14:06:11","slug":"videos","status":"publish","type":"page","link":"http:\/\/ecoledelacroiseedeschemins.fr\/en\/a-propos\/videos\/","title":{"rendered":"Vid\u00e9os"},"content":{"rendered":"<p><strong>La bande-annonce d&#8217;un film documentaire allemand sur les \u00e9coles d\u00e9mocratiques dans le monde. <\/strong>Il a \u00e9t\u00e9 projet\u00e9 en avant-premi\u00e8re \u00e0 la conf\u00e9rence EUDEC \u00e0 laquelle nous avons particip\u00e9 en ao\u00fbt 2015 en Pologne.<strong><br \/>\n<\/strong><\/p>\n<p><iframe loading=\"lazy\" width=\"604\" height=\"340\" src=\"https:\/\/www.youtube.com\/embed\/pfHrgRITnVM?feature=oembed\" frameborder=\"0\" allowfullscreen><\/iframe><\/p>\n<p><strong>Un documentaire donne la parole \u00e0 d&#8217;anciens \u00e9l\u00e8ves de l&#8217;\u00e9cole d\u00e9mocratique de Summerhill, fond\u00e9e en 1921 en Angleterre :<br \/>\nQue sont-ils devenus ?\u00a0 Quel regard portent-ils sur leur exp\u00e9rience d&#8217;enfant dans cette \u00e9cole ?<br \/>\n<\/strong><\/p>\n<p><iframe loading=\"lazy\" width=\"604\" height=\"453\" src=\"https:\/\/www.youtube.com\/embed\/_xqFSHa1FE8?feature=oembed\" frameborder=\"0\" allowfullscreen><\/iframe><\/p>\n<p><strong>Un site\u00a0en anglais rassemblant des interviews\u00a0 d&#8217;\u00e9l\u00e8ves d&#8217;\u00e9coles d\u00e9mocratiques inspir\u00e9es de l&#8217;\u00e9cole de Sudbury Valley :<br \/>\n<\/strong><\/p>\n<p><a href=\"http:\/\/www.sudbury-schools-interviews.com\/\" target=\"_blank\">http:\/\/www.sudbury-schools-interviews.com\/<\/a><\/p>\n<p><strong>D&#8217;autres vid\u00e9os int\u00e9ressantes sur l&#8217;apprentissage, l&#8217;\u00e9ducation, l&#8217;\u00e9cole :<br \/>\n<\/strong><\/p>\n<p><ul class=\"lcp_catlist\" id=\"lcp_instance_0\"><li><a href=\"http:\/\/ecoledelacroiseedeschemins.fr\/en\/que-deviennent-les-anciens-eleves-une-bande-annonce\/\">(Fran\u00e7ais) Que deviennent les anciens \u00e9l\u00e8ves ? Une bande-annonce<\/a><\/li><li><a href=\"http:\/\/ecoledelacroiseedeschemins.fr\/en\/ecole-democratique-en-3-minutes\/\">(Fran\u00e7ais) Qu&#8217;est-ce qu&#8217;une \u00e9cole d\u00e9mocratique ? R\u00e9ponse en 3 minutes<\/a><\/li><li><a href=\"http:\/\/ecoledelacroiseedeschemins.fr\/en\/une-emission-de-radio-sur-lecole\/\">(Fran\u00e7ais) Une \u00e9mission de radio sur l&#8217;\u00e9cole<\/a><\/li><li><a href=\"http:\/\/ecoledelacroiseedeschemins.fr\/en\/ramin-farhangi-tedx-saclay\/\">(Fran\u00e7ais) Pourquoi j\u2019ai cr\u00e9\u00e9 une \u00e9cole o\u00f9 les enfants font ce qu\u2019ils veulent.<\/a><\/li><li><a href=\"http:\/\/ecoledelacroiseedeschemins.fr\/en\/jeu-education\/\">(Fran\u00e7ais) L&#8217;importance du jeu dans l&#8217;\u00e9ducation<\/a><\/li><li><a href=\"http:\/\/ecoledelacroiseedeschemins.fr\/en\/lecole-dynamique-paris-interview-sur-tv5-monde\/\">L&#8217;\u00e9cole dynamique (Paris) &#8211; interview sur TV5 Monde<\/a><\/li><li><a href=\"http:\/\/ecoledelacroiseedeschemins.fr\/en\/lecole-sudbury-valley\/\">L&#8217;\u00e9cole Sudbury Valley<\/a><\/li><li><a href=\"http:\/\/ecoledelacroiseedeschemins.fr\/en\/jouer-est-un-droit-de-lenfant\/\">Jouer est un droit de l&#8217;enfant !<\/a><\/li><li><a href=\"http:\/\/ecoledelacroiseedeschemins.fr\/en\/etre-et-devenir\/\">Un film documentaire sur les apprentissages autonomes : &#8220;\u00eatre et devenir&#8221;<\/a><\/li><li><a href=\"http:\/\/ecoledelacroiseedeschemins.fr\/en\/ken-robinson\/\">Ken Robinson : Le changement de paradigme du syst\u00e8me d&#8217;\u00e9ducation<\/a><\/li><li><a href=\"http:\/\/ecoledelacroiseedeschemins.fr\/en\/jerry-mintz\/\">The Power of Democratic Process in Schools : Jerry Mintz at TEDxYouth@BFS<\/a><\/li><li><a href=\"http:\/\/ecoledelacroiseedeschemins.fr\/en\/andre-stern\/\">Et je ne suis jamais all\u00e9 \u00e0 l&#8217;\u00e9cole<\/a><\/li><\/ul><\/p>","protected":false},"excerpt":{"rendered":"<p>La bande-annonce d&#8217;un film documentaire allemand sur les \u00e9coles d\u00e9mocratiques dans le monde. Il a \u00e9t\u00e9 projet\u00e9 en avant-premi\u00e8re \u00e0 la conf\u00e9rence EUDEC \u00e0 laquelle nous avons particip\u00e9 en ao\u00fbt 2015 en Pologne. Un documentaire donne la parole \u00e0 d&#8217;anciens \u00e9l\u00e8ves de l&#8217;\u00e9cole d\u00e9mocratique de Summerhill, fond\u00e9e en 1921 en Angleterre : Que sont-ils devenus &hellip; <a href=\"http:\/\/ecoledelacroiseedeschemins.fr\/en\/a-propos\/videos\/\" class=\"more-link\">Continue reading <span class=\"screen-reader-text\">Vid\u00e9os<\/span> <span class=\"meta-nav\">&rarr;<\/span><\/a><\/p>\n","protected":false},"author":14,"featured_media":0,"parent":1593,"menu_order":2,"comment_status":"closed","ping_status":"closed","template":"","meta":{"ngg_post_thumbnail":0},"_links":{"self":[{"href":"http:\/\/ecoledelacroiseedeschemins.fr\/en\/wp-json\/wp\/v2\/pages\/1232"}],"collection":[{"href":"http:\/\/ecoledelacroiseedeschemins.fr\/en\/wp-json\/wp\/v2\/pages"}],"about":[{"href":"http:\/\/ecoledelacroiseedeschemins.fr\/en\/wp-json\/wp\/v2\/types\/page"}],"author":[{"embeddable":true,"href":"http:\/\/ecoledelacroiseedeschemins.fr\/en\/wp-json\/wp\/v2\/users\/14"}],"replies":[{"embeddable":true,"href":"http:\/\/ecoledelacroiseedeschemins.fr\/en\/wp-json\/wp\/v2\/comments?post=1232"}],"version-history":[{"count":0,"href":"http:\/\/ecoledelacroiseedeschemins.fr\/en\/wp-json\/wp\/v2\/pages\/1232\/revisions"}],"up":[{"embeddable":true,"href":"http:\/\/ecoledelacroiseedeschemins.fr\/en\/wp-json\/wp\/v2\/pages\/1593"}],"wp:attachment":[{"href":"http:\/\/ecoledelacroiseedeschemins.fr\/en\/wp-json\/wp\/v2\/media?parent=1232"}],"curies":[{"name":"wp","href":"https:\/\/api.w.org\/{rel}","templated":true}]}}