{"id":1382,"date":"2014-06-02T19:10:49","date_gmt":"2014-06-02T18:10:49","guid":{"rendered":"http:\/\/ecoledelacroiseedeschemins.fr\/?page_id=1382"},"modified":"2017-02-13T18:00:51","modified_gmt":"2017-02-13T17:00:51","slug":"accompagner-jeunes","status":"publish","type":"page","link":"http:\/\/ecoledelacroiseedeschemins.fr\/en\/formation\/accompagner-jeunes\/","title":{"rendered":"Accompagner les jeunes \u2013 vivre la relation"},"content":{"rendered":"<p><\/p>\n<h2><span style=\"color: #000000;\">Notre intention<\/span><\/h2>\n<p><span style=\"color: #000000;\">Nous vous proposons d&#8217;explorer ensemble l&#8217;application de l&#8217;approche centr\u00e9e sur la personne \u00e0 l&#8217;accompagnement des jeunes.<\/span><\/p>\n<ul>\n<li><span style=\"color: #000000;\">\u00c9coute et communication : int\u00e9grer les attitudes centrales de l&#8217;approche centr\u00e9e sur la personne : congruence, empathie, consid\u00e9ration positive inconditionnelle.<\/span><\/li>\n<li><span style=\"color: #000000;\">Le d\u00e9veloppement des enfants : identifier leurs besoins et accueillir leurs \u00e9motions.<\/span><\/li>\n<li><span style=\"color: #000000;\">\u00catre le meilleur des accompagnateur sans s&#8217;oublier de<\/span><span style=\"color: #000000;\"> prendre soin de soi, aussi&#8230;<\/span><span style=\"color: #000000;\"> (parce que les adultes sont \u00e9galement des \u00eatres sensibles, n&#8217;est-ce pas ?)<br \/>\n<\/span><\/li>\n<li><span style=\"color: #000000;\">Incarner au quotidien la joie de vivre ensemble&#8230; et jouer !<\/span><\/li>\n<\/ul>\n<h2><span style=\"color: #000000;\">Pistes d&#8217;exploration possibles<\/span><\/h2>\n<ul>\n<li><span style=\"color: #000000;\">Le conseil (de famille, d&#8217;\u00e9cole) : quelles r\u00e8gles pour vivre ensemble ?<br \/>\n<\/span><\/li>\n<li><span style=\"color: #000000;\">La question <\/span><span style=\"color: #000000;\">de l&#8217;actualisation du potentiel de chaque enfant : comment faciliter les <\/span><span style=\"color: #000000;\">apprentissages ?<br \/>\n<\/span><\/li>\n<li><span style=\"color: #000000;\">L&#8217;utilisation des nouvelles technologies<\/span><\/li>\n<li><span style=\"color: #000000;\">Le conflit et les approches \u00e0 notre disposition<\/span><\/li>\n<li><span style=\"color: #000000;\">Les questions li\u00e9es aux interrelations et \u00e0 l&#8217;organisation familiales : le couple et l&#8217;enfant \u2013 la fratrie et sa dynamique relationnelle&#8230;<\/span><\/li>\n<li><span style=\"color: #000000;\">Grandir ensemble<\/span><\/li>\n<li><span style=\"color: #000000;\">Comment notre v\u00e9cu d&#8217;enfant \/ notre culture impr\u00e8gnent notre regard sur &#8220;l&#8217;enfance&#8221;, nos valeurs, nos prises de position, nos attitudes&#8230;<\/span><\/li>\n<li><span style=\"color: #000000;\">Vie quotidienne : le jeu, la parole, l&#8217;alimentation, l&#8217;ordre et la propret\u00e9&#8230;<\/span><\/li>\n<li><span style=\"color: #000000;\">La question de la violence, les sujets <em>tabous<\/em><\/span><span style=\"color: #000000;\">, <\/span><span style=\"color: #000000;\">les non-dits et autres secrets&#8230;<\/span><\/li>\n<\/ul>\n<p><span style=\"color: #000000;\">Nous souhaitons donner aux personnes participant \u00e0 ce stage un environnement emprunt de s\u00e9curit\u00e9 et de libert\u00e9 de fa\u00e7on \u00e0 ce que chacun-e puisse simplement parler de ce qui le\/la pr\u00e9occupe, l&#8217;interroge, de ce qui l&#8217;anime profond\u00e9ment, et de ce \u00e0 quoi il\/elle souhaite donner plus de consistance&#8230; en prenant le temps de s&#8217;\u00e9couter, de ressentir, d&#8217;identifier ses besoins et d&#8217;aller \u00e0 la fois vers plus de spontan\u00e9it\u00e9 et de s\u00e9r\u00e9nit\u00e9, quelques soient les buts poursuivis, personnels ou professionnels.<\/span><\/p>\n<h2><span style=\"color: #000000;\">Pour qui ?<\/span><\/h2>\n<p><span style=\"color: #000000;\">Cette formation est ouverte \u00e0 toute personne d\u00e9sireuse d&#8217;approfondir cette th\u00e9matique de la relation aux jeunes : parents, \u00e9ducateurs, professeurs, animateurs, ou personnes ayant un projet en relation avec l&#8217;accompagnement des jeunes.<\/span><\/p>\n<h2>Organisation pratique<\/h2>\n<p><span style=\"color: #000000;\"><strong>Les intervenants<\/strong><br \/>\n<a href=\"http:\/\/ecoledelacroiseedeschemins.fr\/association\/membres-de-lassociation\/#fleur\">Fleur Mathet-Jolly<\/a> et <a href=\"http:\/\/ecoledelacroiseedeschemins.fr\/association\/membres-de-lassociation\/#thomas\" target=\"_blank\">Thomas Marshall<\/a><\/span><\/p>\n<p><span style=\"color: #000000;\">Int\u00e9ress\u00e9s par l&#8217;accompagnement des personnes dans les nombreux d\u00e9fis qui se pr\u00e9sentent au quotidien dans les relations avec les jeunes, nous proposons <strong>un parcours \u00e0 travers 6 rencontres<\/strong> d&#8217;une journ\u00e9e.<\/span><\/p>\n<p><strong>Dates 2015<br \/>\n<\/strong><span style=\"color: #000000;\">Les samedis 24 janvier &#8211;\u00a0 21 f\u00e9vrier &#8211; 28 mars &#8211; 25 avril &#8211; 23 mai &amp; 27 juin.<br \/>\nEn fonction des demandes, nous pourrons \u00e9galement programmer ce parcours \u00e0 d&#8217;autres p\u00e9riodes (par exemple pendant les vacances d&#8217;\u00e9t\u00e9)<br \/>\n<\/span><\/p>\n<p><strong>Horaires<br \/>\n<\/strong><span style=\"color: #000000;\">de 9 heures 30 \u00e0 18 heures.<\/span><\/p>\n<p><strong>Lieu<\/strong><br \/>\n<span style=\"color: #000000;\">\u00c9cole de la Crois\u00e9e des Chemins \u2013 10 rue de la Marseillaise \u00e0 Dijon.<\/span><br \/>\n<span style=\"color: #000000;\"> Accessibilit\u00e9 par les transports en commun depuis la gare de Dijon\u00a0: Tram T2 arr\u00eats Nation ou Europe.<\/span><\/p>\n<p><strong>Co\u00fbt p\u00e9dagogique<\/strong><br \/>\n<span style=\"color: #000000;\">A titre individuel : 570 \u20ac<\/span><br \/>\n<span style=\"color: #000000;\"> Dans le cadre de la formation continue : 810 \u20ac<\/span><\/p>\n<p><strong>Modalit\u00e9s de paiement<\/strong><br \/>\n<span style=\"color: #000000;\"><em>Dans le cadre d\u2019une prise en charge individuelle :<\/em> \u00e9tablissement d\u2019un contrat de formation et paiement d\u2019un acompte de 95 \u20ac (soit le prix de la premi\u00e8re journ\u00e9e), ou paiement comptant \u00e0 l\u2019inscription. A l\u2019issue de la premi\u00e8re journ\u00e9e, nous vous demandons de vous engager sur la totalit\u00e9 des 6 journ\u00e9es de formation.<\/span><\/p>\n<p><span style=\"color: #000000;\"><em>Dans le cadre de la formation continue :<\/em> \u00e9tablissement d\u2019une convention de formation et paiement \u00e0 l\u2019issue de chacune des sessions \u00e0 r\u00e9ception de la facture.<\/span><\/p>\n<p><span style=\"color: #000000;\">Il est possible de faire les jours \u00e9ventuellement manqu\u00e9s lors d\u2019une session de formation organis\u00e9e l\u2019ann\u00e9e suivante.<\/span><\/p>\n<p><strong>Inscription et annulation<\/strong><br \/>\n<span style=\"color: #000000;\">Pour vous inscrire, merci d\u2019envoyer votre bulletin d\u2019inscription\u00a0 accompagn\u00e9 d\u2019un ch\u00e8que du montant de la premi\u00e8re journ\u00e9e ou de faire la demande de l\u2019\u00e9tablissement d\u2019une convention de formation.<\/span><\/p>\n<p><span style=\"color: #000000;\">Un nombre minimum de personnes est requis pour que cette proposition soit maintenue. La tenue de la formation sera donc confirm\u00e9e un mois avant le premier jour du stage.<\/span><\/p>\n<p><span style=\"color: #000000;\">En cas de d\u00e9sistement moins de 15 jours avant le d\u00e9but de la formation, l\u2019acompte sera retenu.<\/span><\/p>\n<p><strong>H\u00e9bergement et restauration<\/strong><br \/>\n<span style=\"color: #000000;\">Nous pouvons vous mettre en relation avec des personnes proposant un h\u00e9bergement \u00e9conomique. Pour les repas, nous vous proposons des menus pr\u00e9par\u00e9s avec des produits biologiques et d\u2019origine v\u00e9g\u00e9tale pour une somme \u00e0 convenir entre nous en fonction des besoins. Merci de renseigner votre bulletin d\u2019inscription sur vos \u00e9ventuelles intol\u00e9rances ou allergies que nous puissions composer les menus de mani\u00e8re satisfaisante pour chacune d\u2019entre vous.<\/span><\/p>\n<p><strong>Et les b\u00e9b\u00e9-e-s ?<\/strong><br \/>\n<span style=\"color: #000000;\">Votre b\u00e9b\u00e9-e peut vous accompagner si sa pr\u00e9sence ne vous emp\u00eache pas de suivre pleinement la formation et de mani\u00e8re paisible pour le groupe. Un-e accompagnateur-trice peut \u00eatre utile si l\u2019enfant a besoin de se promener dans la journ\u00e9e. Merci dans ce cas de nous pr\u00e9venir d\u00e8s l\u2019inscription.<\/span><\/p>\n<p><strong>Supervision de la formation<\/strong><br \/>\n<span style=\"color: #000000;\">Le contenu et la facilitation de la formation sont supervis\u00e9s par un-e psychoth\u00e9rapeute form\u00e9 \u00e0 l\u2019approche centr\u00e9e sur la personne et sensibilis\u00e9 \u00e0 la question de la facilitation de l\u2019apprentissage.<\/span><\/p>\n<p><strong>Recours<\/strong><br \/>\n<span style=\"color: #000000;\">Un-e m\u00e9diateur-trice ext\u00e9rieur-e sera sollicit\u00e9-e au cours de la formation dans le cas d\u2019un conflit non-r\u00e9solu dans le cadre pr\u00e9vu et d\u00e9crit dans ce document.<\/span><\/p>\n<p><strong>Contact<\/strong><br \/>\n<span style=\"color: #000000;\">Pour tout renseignement, vous pouvez contacter Fleur Mathet-Jolly via notre formulaire de contact.<\/span><\/p>\n<p><span style=\"color: #000000;\">Pour renvoyer votre dossier d\u2019inscription par voie postale, merci de l\u2019adresser \u00e0 :<\/span><br \/>\n<span style=\"color: #000000;\"> \u00c9cole de la Crois\u00e9e des Chemins \u2013 10 rue de la Marseillaise \u2013 21000 Dijon.<\/span><\/p>\n<h2 style=\"text-align: center;\">Au plaisir de faire votre connaissance !<\/h2>\n<p><div role=\"form\" class=\"wpcf7\" id=\"wpcf7-f10-o2\" lang=\"en-US\" dir=\"ltr\">\n<div class=\"screen-reader-response\"><p role=\"status\" aria-live=\"polite\" aria-atomic=\"true\"><\/p> <ul><\/ul><\/div>\n<form action=\"\/en\/wp-json\/wp\/v2\/pages\/1382#wpcf7-f10-o2\" method=\"post\" class=\"wpcf7-form init\" novalidate=\"novalidate\" data-status=\"init\">\n<div style=\"display: none;\">\n<input type=\"hidden\" name=\"_wpcf7\" value=\"10\" \/>\n<input type=\"hidden\" name=\"_wpcf7_version\" value=\"5.5.6.1\" \/>\n<input type=\"hidden\" name=\"_wpcf7_locale\" value=\"en_US\" \/>\n<input type=\"hidden\" name=\"_wpcf7_unit_tag\" value=\"wpcf7-f10-o2\" \/>\n<input type=\"hidden\" name=\"_wpcf7_container_post\" value=\"0\" \/>\n<input type=\"hidden\" name=\"_wpcf7_posted_data_hash\" value=\"\" \/>\n<\/div>\n<p>Votre nom (obligatoire)<br \/>\n    <span class=\"wpcf7-form-control-wrap your-name\"><input type=\"text\" name=\"your-name\" value=\"\" size=\"40\" class=\"wpcf7-form-control wpcf7-text wpcf7-validates-as-required\" aria-required=\"true\" aria-invalid=\"false\" \/><\/span> <\/p>\n<p>Votre email (obligatoire)<br \/>\n    <span class=\"wpcf7-form-control-wrap your-email\"><input type=\"email\" name=\"your-email\" value=\"\" size=\"40\" class=\"wpcf7-form-control wpcf7-text wpcf7-email wpcf7-validates-as-required wpcf7-validates-as-email\" aria-required=\"true\" aria-invalid=\"false\" \/><\/span> <\/p>\n<p>Votre num\u00e9ro de tel (utile en cas de probl\u00e8me technique avec l'email)<br \/>\n<span class=\"wpcf7-form-control-wrap tel-938\"><input type=\"tel\" name=\"tel-938\" value=\"\" size=\"40\" class=\"wpcf7-form-control wpcf7-text wpcf7-tel wpcf7-validates-as-required wpcf7-validates-as-tel\" aria-required=\"true\" aria-invalid=\"false\" \/><\/span><\/p>\n<p>Sujet<br \/>\n    <span class=\"wpcf7-form-control-wrap your-subject\"><input type=\"text\" name=\"your-subject\" value=\"\" size=\"40\" class=\"wpcf7-form-control wpcf7-text\" aria-invalid=\"false\" \/><\/span> <\/p>\n<p>Votre message<br \/>\n    <span class=\"wpcf7-form-control-wrap your-message\"><textarea name=\"your-message\" cols=\"40\" rows=\"10\" class=\"wpcf7-form-control wpcf7-textarea\" aria-invalid=\"false\"><\/textarea><\/span> <\/p>\n<p>[recaptcha]<\/p>\n<p><input type=\"submit\" value=\"Envoyer\" class=\"wpcf7-form-control has-spinner wpcf7-submit\" \/><\/p>\n<p style=\"display: none !important;\" class=\"akismet-fields-container\" data-prefix=\"_wpcf7_ak_\"><label>&#916;<textarea name=\"_wpcf7_ak_hp_textarea\" cols=\"45\" rows=\"8\" maxlength=\"100\"><\/textarea><\/label><input type=\"hidden\" id=\"ak_js_2\" name=\"_wpcf7_ak_js\" value=\"128\"\/><script>document.getElementById( \"ak_js_2\" ).setAttribute( \"value\", ( new Date() ).getTime() );<\/script><\/p><div class=\"wpcf7-response-output\" aria-hidden=\"true\"><\/div><\/form><\/div><\/p>","protected":false},"excerpt":{"rendered":"<p>Notre intention Nous vous proposons d&#8217;explorer ensemble l&#8217;application de l&#8217;approche centr\u00e9e sur la personne \u00e0 l&#8217;accompagnement des jeunes. \u00c9coute et communication : int\u00e9grer les attitudes centrales de l&#8217;approche centr\u00e9e sur la personne : congruence, empathie, consid\u00e9ration positive inconditionnelle. Le d\u00e9veloppement des enfants : identifier leurs besoins et accueillir leurs \u00e9motions. \u00catre le meilleur des accompagnateur &hellip; <a href=\"http:\/\/ecoledelacroiseedeschemins.fr\/en\/formation\/accompagner-jeunes\/\" class=\"more-link\">Continue reading <span class=\"screen-reader-text\">Accompagner les jeunes \u2013 vivre la relation<\/span> <span class=\"meta-nav\">&rarr;<\/span><\/a><\/p>\n","protected":false},"author":14,"featured_media":0,"parent":11,"menu_order":3,"comment_status":"closed","ping_status":"closed","template":"","meta":{"ngg_post_thumbnail":0},"_links":{"self":[{"href":"http:\/\/ecoledelacroiseedeschemins.fr\/en\/wp-json\/wp\/v2\/pages\/1382"}],"collection":[{"href":"http:\/\/ecoledelacroiseedeschemins.fr\/en\/wp-json\/wp\/v2\/pages"}],"about":[{"href":"http:\/\/ecoledelacroiseedeschemins.fr\/en\/wp-json\/wp\/v2\/types\/page"}],"author":[{"embeddable":true,"href":"http:\/\/ecoledelacroiseedeschemins.fr\/en\/wp-json\/wp\/v2\/users\/14"}],"replies":[{"embeddable":true,"href":"http:\/\/ecoledelacroiseedeschemins.fr\/en\/wp-json\/wp\/v2\/comments?post=1382"}],"version-history":[{"count":0,"href":"http:\/\/ecoledelacroiseedeschemins.fr\/en\/wp-json\/wp\/v2\/pages\/1382\/revisions"}],"up":[{"embeddable":true,"href":"http:\/\/ecoledelacroiseedeschemins.fr\/en\/wp-json\/wp\/v2\/pages\/11"}],"wp:attachment":[{"href":"http:\/\/ecoledelacroiseedeschemins.fr\/en\/wp-json\/wp\/v2\/media?parent=1382"}],"curies":[{"name":"wp","href":"https:\/\/api.w.org\/{rel}","templated":true}]}}