{"id":1536,"date":"2014-06-09T10:26:08","date_gmt":"2014-06-09T09:26:08","guid":{"rendered":"http:\/\/ecoledelacroiseedeschemins.fr\/?page_id=1536"},"modified":"2016-04-26T07:19:17","modified_gmt":"2016-04-26T05:19:17","slug":"accompagnement-projet-developpement-professionnel","status":"publish","type":"page","link":"http:\/\/ecoledelacroiseedeschemins.fr\/en\/formation\/accompagnement-de-projet\/accompagnement-projet-developpement-professionnel\/","title":{"rendered":"Accompagnement de projet et d\u00e9veloppement professionnel"},"content":{"rendered":"<p><\/p>\n<p style=\"text-align: right;\"><strong>Entretiens en individuel propos\u00e9s par Fleur Mathet-Jolly,\u00a0\u00a0\u00a0\u00a0\u00a0\u00a0\u00a0\u00a0\u00a0\u00a0\u00a0\u00a0\u00a0\u00a0\u00a0\u00a0\u00a0\u00a0\u00a0\u00a0\u00a0\u00a0\u00a0\u00a0\u00a0\u00a0\u00a0\u00a0\u00a0\u00a0\u00a0\u00a0\u00a0\u00a0\u00a0\u00a0\u00a0\u00a0 Facilitatrice et psychopraticienne.<\/strong><\/p>\n<p><strong><a href=\"#accompagnement\">Accompagnement de projet<\/a> <strong>\u2013<\/strong> <a href=\"#developpement\">D\u00e9veloppement professionnel<\/a> \u2013 <a href=\"#je-propose\">Ce que je vous propose<\/a> \u2013 <a href=\"#intention\">Mon intention<\/a> \u2013 <a href=\"#autres-outils\">Autres outils et ressources<\/a> \u2013<a href=\"#formation\">Ma formation<\/a> \u2013 <a href=\"#pratique\">Ma pratique<\/a> \u2013 <a href=\"#evaluation\">\u00c9valuation<\/a> \u2013 <a href=\"#modalites\">Modalit\u00e9s pratiques<\/a><\/strong><\/p>\n<div id=\"accompagnement\">\n<h3><strong><span style=\"color: #000000;\">Accompagnement de projet<\/span><\/strong><\/h3>\n<p><em><span style=\"color: #000000;\">Vous avez un projet en t\u00eate et souhaitez \u00eatre accompagn\u00e9-e dans les \u00e9tapes de sa r\u00e9alisation\u00a0? Quelque soit ce projet, vous \u00eates le\/la bienvenu-e.<\/span><\/em><\/p>\n<\/div>\n<p><em><span style=\"color: #000000;\">Vous avez en particulier un projet&#8230;<\/span><\/em><\/p>\n<ul>\n<li><span style=\"color: #000000;\">en relation avec l&#8217;accompagnement des personnes, des jeunes, l&#8217;apprentissage, un projet d&#8217;\u00e9cole&#8230;<\/span><\/li>\n<li><span style=\"color: #000000;\">d&#8217;int\u00e9gration de l&#8217;approche centr\u00e9e sur la personne \u00e0 un projet existant,<\/span><\/li>\n<li><span style=\"color: #000000;\">en relation avec la recherche d&#8217;une organisation plus d\u00e9mocratique de votre institution,<\/span><\/li>\n<\/ul>\n<p><em><span style=\"color: #000000;\">et aimeriez\u00a0:<\/span><\/em><\/p>\n<ul>\n<li><span style=\"color: #000000;\">explorer diff\u00e9rents aspects de la question,<\/span><\/li>\n<li><span style=\"color: #000000;\">mettre le doigt sur la mani\u00e8re la plus ad\u00e9quate de le mettre en \u0153uvre.<\/span><\/li>\n<\/ul>\n<div id=\"developpement\">\n<h3><strong><span style=\"color: #000000;\">D\u00e9veloppement professionnel<\/span><\/strong><\/h3>\n<p><em><span style=\"color: #000000;\">Vous \u00eates d\u00e9j\u00e0 engag\u00e9-e dans un projet et souhaitez\u00a0:<\/span><\/em><\/p>\n<\/div>\n<ul>\n<li><em><span style=\"color: #000000;\">disposer de moments de recul sur votre pratique professionnelle,<\/span><\/em><\/li>\n<li><em><span style=\"color: #000000;\">b\u00e9n\u00e9ficier d\u2019une \u00e9coute empathique, d\u2019un regard positif sur vous-m\u00eame et votre pratique,<\/span><\/em><\/li>\n<li><em><span style=\"color: #000000;\">vous lancer dans un nouvel apprentissage, acqu\u00e9rir de nouvelles connaissances, de nouvelles comp\u00e9tences \u2013 et le faire d\u2019une mani\u00e8re \u00e9galement nouvelle, accord\u00e9e \u00e0 votre personnalit\u00e9, en harmonie avec votre vie actuelle,<\/span><\/em><\/li>\n<li><em><span style=\"color: #000000;\">acqu\u00e9rir de nouvelles aptitudes relationnelles\u2026<\/span><\/em><\/li>\n<\/ul>\n<h3><span style=\"color: #000000;\"><strong>En une phrase\u2026<\/strong><\/span><\/h3>\n<p><span style=\"color: #000000;\">Vous avez besoin d\u2019\u00e9coute et de soutien, tout simplement, de mani\u00e8re ponctuelle ou plus r\u00e9guli\u00e8re, pour avancer dans quelque chose qui vous tient \u00e0 c\u0153ur.<\/span><\/p>\n<div id=\"je-propose\">\n<h3><strong><span style=\"color: #000000;\">Ce que je vous propose<\/span><\/strong><\/h3>\n<\/div>\n<ul>\n<li><span style=\"color: #000000;\">un cadre \u00e0 la fois stimulant et respectueux de votre rythme propre, de votre histoire, de vos valeurs, au sein duquel vous pourrez explorer vos id\u00e9es, vos ressentis, votre monde int\u00e9rieur de mani\u00e8re verbale mais \u00e9galement non-verbale par le jeu et la cr\u00e9ativit\u00e9.<\/span><\/li>\n<\/ul>\n<ul>\n<li><span style=\"color: #000000;\">des entretiens \u00e0 la carte, en fonction de vos besoins et de votre disponibilit\u00e9.<\/span><\/li>\n<\/ul>\n<div id=\"intention\">\n<h3><strong><span style=\"color: #000000;\">Mon intention<\/span><\/strong><\/h3>\n<\/div>\n<p><span style=\"color: #000000;\">Vous t\u00e9moigner congruence, empathie et consid\u00e9ration positive inconditionnelle, les trois attitudes centrales de l\u2019Approche centr\u00e9e sur la Personne. Je souhaite ainsi vous permettre de disposer de la libert\u00e9 et de la s\u00e9curit\u00e9 n\u00e9cessaires :<\/span><\/p>\n<ul>\n<li><span style=\"color: #000000;\">\u00e0 l\u2019exploration des d\u00e9fis et des nouveaux apprentissages auxquels vous \u00eates amen\u00e9-e \u00e0 faire face ;<\/span><\/li>\n<\/ul>\n<ul>\n<li><span style=\"color: #000000;\">au d\u00e9ploiement de vos ressources personnelles, dans la perspective de la pleine actualisation de votre potentiel ;<\/span><\/li>\n<\/ul>\n<ul>\n<li><span style=\"color: #000000;\">\u00e0 la mise en \u0153uvre des solutions originales qu\u2019il vous sera permis de trouver tout au long du chemin.<\/span><\/li>\n<\/ul>\n<p><span style=\"color: #000000;\">Je suis \u00e0 la disposition de votre projet particulier, \u00e0 l\u2019\u00e9coute de vos intuitions propres quant \u00e0 la nature de l\u2019aide que vous souhaitez recevoir pour donner corps \u00e0 votre projet et vous confronter \u00e0 de nouveaux apprentissages.<\/span><\/p>\n<h3 id=\"autres-outils\"><span style=\"color: #000000;\"><strong>Autres outils et ressources<\/strong><\/span><\/h3>\n<ul>\n<li><span style=\"color: #000000;\">identifier ses motivations personnelles,<\/span><\/li>\n<li><span style=\"color: #000000;\">d\u00e9finir son projet,<\/span><\/li>\n<li><span style=\"color: #000000;\">faire le point sur les diff\u00e9rents environnements dans lesquels vous \u00eates amen\u00e9s \u00e0 \u00e9voluer, leurs ressources, leurs contraintes,<\/span><\/li>\n<li><span style=\"color: #000000;\">savoir reconna\u00eetre atouts et d\u00e9fis personnels,<\/span><\/li>\n<li><span style=\"color: #000000;\">oser demander l\u2019aide dont j\u2019ai besoin,<\/span><\/li>\n<li><span style=\"color: #000000;\">\u00e9crire\u2026 son projet \/ des listes \/ un journal de bord\u2026<\/span><\/li>\n<li><span style=\"color: #000000;\">visualiser, dessiner,<\/span><\/li>\n<li><span style=\"color: #000000;\">mettre ses id\u00e9es \u00e0 l\u2019\u00e9preuve de ses ressentis int\u00e9rieurs,<\/span><\/li>\n<li><span style=\"color: #000000;\">faire des choix \u00e9clair\u00e9s,<\/span><\/li>\n<li><span style=\"color: #000000;\">vivre au sein d\u2019une \u00e9quipe,<\/span><\/li>\n<li><span style=\"color: #000000;\">organiser le contenu des r\u00e9unions,<\/span><\/li>\n<li><span style=\"color: #000000;\">prendre des d\u00e9cisions au consentement<\/span><\/li>\n<li><span style=\"color: #000000;\">g\u00e9rer les relations avec les fournisseurs,<\/span><\/li>\n<li><span style=\"color: #000000;\">faire face aux impr\u00e9vus,<\/span><\/li>\n<li><span style=\"color: #000000;\">concilier vie de couple \/ vie familiale \/ vie du projet et accomplissement personnel,<\/span><\/li>\n<li><span style=\"color: #000000;\">\u00e9couter, ressentir, se positionner, accueillir l\u2019autre\u2026 trouver l\u2019espace de confiance qui permet d\u2019habiter sereinement l\u2019instant pr\u00e9sent (apport de la communication non-violente, notamment),<\/span><\/li>\n<li><span style=\"color: #000000;\">se prot\u00e9ger, se reposer, souffler,<\/span><\/li>\n<li><span style=\"color: #000000;\">sans oublier\u2026 de se f\u00e9liciter et de c\u00e9l\u00e9brer les avanc\u00e9es !<\/span><\/li>\n<\/ul>\n<h3 id=\"formation\"><strong>Ma formation<\/strong><\/h3>\n<p><span style=\"color: #000000;\">Je suis dipl\u00f4m\u00e9e en psychologie et en anthropologie, form\u00e9e \u00e0 l\u2019Approche Centr\u00e9e sur la Personne\u00a0 aupr\u00e8s de l\u2019IFRDP et du PCAI France, \u00e0 la th\u00e9rapie par le jeu ainsi qu\u2019\u00e0 diff\u00e9rentes pratiques d\u2019expression et d\u2019accompagnement des personnes et des groupes. Je suis membre de l\u2019AFP-ACP et j\u2019ai une pratique r\u00e9guli\u00e8re de la supervision au sein d\u2019ACP France.<\/span><\/p>\n<div id=\"pratique\">\n<h3><strong><span style=\"color: #000000;\">Ma pratique<\/span><\/strong><\/h3>\n<p><span style=\"color: #000000;\">Ma pratique de l\u2019\u00e9coute centr\u00e9e sur la personne int\u00e8gre l\u2019enseignement de Natalie Rogers sur l\u2019utilisation de la cr\u00e9ativit\u00e9 dans l\u2019accompagnement des personnes et des groupes. Cette approche multimodale offre la possibilit\u00e9 de s\u2019exprimer et d\u2019interagir librement, non seulement par la parole mais \u00e9galement par tout moyen d\u2019expression \u00e0 notre disposition : voix, son, mouvement, jeu, mise en sc\u00e8ne, imaginaire, dessin, collage, \u00e9criture, modelage, confection d\u2019objets\u2026 au gr\u00e9 des envies et des affinit\u00e9s de chacun-e.<\/span><\/p>\n<\/div>\n<div id=\"evaluation\">\n<h3><span style=\"color: #000000;\"><strong>\u00c9valuation<\/strong><\/span><\/h3>\n<p><span style=\"color: #000000;\">R\u00e9guli\u00e8rement, nous pourrons faire le point sur le chemin parcouru et actualiser le cadre de notre collaboration.<\/span><\/p>\n<\/div>\n<p><span style=\"color: #000000;\">Je vous invite \u00e0 me faire part de toutes questions ou retours quels qu\u2019ils soient : je t\u00e2cherai de les accueillir et d\u2019y r\u00e9pondre de mon mieux. Je pourrai vous orienter vers des ressources compl\u00e9mentaires et \/ ou des personnes plus comp\u00e9tentes au besoin.<\/span><\/p>\n<p><span style=\"color: #000000;\">Mon coll\u00e8gue Thomas Marshall propose lui aussi un accompagnement de projet et il est tout \u00e0 fait possible de tester avec chacun d\u2019entre nous ce qui peut vous convenir le mieux.<\/span><\/p>\n<div id=\"modalites\">\n<h3><span style=\"color: #000000;\"><strong>Modalit\u00e9s pratiques<\/strong><\/span><\/h3>\n<\/div>\n<p><span style=\"color: #000000;\"><strong>Les rencontres ont lieu sur rendez-vous\u00a0:<\/strong><\/span><\/p>\n<ul>\n<li><span style=\"color: #000000;\">soit 10 rue de la Marseillaise \u00e0 Dijon,<\/span><\/li>\n<li><span style=\"color: #000000;\">soit \u00e0 distance\u00a0: de vive voix par t\u00e9l\u00e9phone ou par skype, ou encore par \u00e9crit.<\/span><\/li>\n<\/ul>\n<p><span style=\"color: #000000;\">Je peux partager avec vous des ressources diverses, en fonction de vos questions, de vos demandes et de mon inspiration.<\/span><\/p>\n<p><span style=\"color: #000000;\"><strong>Tarif<\/strong><\/span><\/p>\n<p><span style=\"color: #000000;\">Le tarif est de 60 \u20ac par heure \/ 90 \u20ac si prise en charge par la formation continue. \u00c9tudiant-e-s ou personnes sans emploi\u00a0: nous contacter.<\/span><\/p>\n<p><span style=\"color: #000000;\">Je suis \u00e0 votre disposition pour un premier \u00e9change qui nous permettra de faire connaissance et de nous projeter dans une \u00e9ventuelle collaboration\u00a0: nous prendrons le soin de poser nos besoins, nos valeurs et nos limites, ainsi que de nous mettre d\u2019accord sur la dur\u00e9e, la fr\u00e9quence et le tarif des rencontres.<\/span><\/p>\n<p><span style=\"color: #000000;\"><strong>Me contacter<\/strong><\/span><\/p>\n<p><span style=\"color: #000000;\">Si vous avez besoin d\u2019informations compl\u00e9mentaires, je me tiens \u00e0 votre disposition.<\/span><\/p>\n<p><span style=\"color: #000000;\"><div role=\"form\" class=\"wpcf7\" id=\"wpcf7-f10-o2\" lang=\"en-US\" dir=\"ltr\">\n<div class=\"screen-reader-response\"><p role=\"status\" aria-live=\"polite\" aria-atomic=\"true\"><\/p> <ul><\/ul><\/div>\n<form action=\"\/en\/wp-json\/wp\/v2\/pages\/1536#wpcf7-f10-o2\" method=\"post\" class=\"wpcf7-form init\" novalidate=\"novalidate\" data-status=\"init\">\n<div style=\"display: none;\">\n<input type=\"hidden\" name=\"_wpcf7\" value=\"10\" \/>\n<input type=\"hidden\" name=\"_wpcf7_version\" value=\"5.5.6.1\" \/>\n<input type=\"hidden\" name=\"_wpcf7_locale\" value=\"en_US\" \/>\n<input type=\"hidden\" name=\"_wpcf7_unit_tag\" value=\"wpcf7-f10-o2\" \/>\n<input type=\"hidden\" name=\"_wpcf7_container_post\" value=\"0\" \/>\n<input type=\"hidden\" name=\"_wpcf7_posted_data_hash\" value=\"\" \/>\n<\/div>\n<p>Votre nom (obligatoire)<br \/>\n    <span class=\"wpcf7-form-control-wrap your-name\"><input type=\"text\" name=\"your-name\" value=\"\" size=\"40\" class=\"wpcf7-form-control wpcf7-text wpcf7-validates-as-required\" aria-required=\"true\" aria-invalid=\"false\" \/><\/span> <\/p>\n<p>Votre email (obligatoire)<br \/>\n    <span class=\"wpcf7-form-control-wrap your-email\"><input type=\"email\" name=\"your-email\" value=\"\" size=\"40\" class=\"wpcf7-form-control wpcf7-text wpcf7-email wpcf7-validates-as-required wpcf7-validates-as-email\" aria-required=\"true\" aria-invalid=\"false\" \/><\/span> <\/p>\n<p>Votre num\u00e9ro de tel (utile en cas de probl\u00e8me technique avec l'email)<br \/>\n<span class=\"wpcf7-form-control-wrap tel-938\"><input type=\"tel\" name=\"tel-938\" value=\"\" size=\"40\" class=\"wpcf7-form-control wpcf7-text wpcf7-tel wpcf7-validates-as-required wpcf7-validates-as-tel\" aria-required=\"true\" aria-invalid=\"false\" \/><\/span><\/p>\n<p>Sujet<br \/>\n    <span class=\"wpcf7-form-control-wrap your-subject\"><input type=\"text\" name=\"your-subject\" value=\"\" size=\"40\" class=\"wpcf7-form-control wpcf7-text\" aria-invalid=\"false\" \/><\/span> <\/p>\n<p>Votre message<br \/>\n    <span class=\"wpcf7-form-control-wrap your-message\"><textarea name=\"your-message\" cols=\"40\" rows=\"10\" class=\"wpcf7-form-control wpcf7-textarea\" aria-invalid=\"false\"><\/textarea><\/span> <\/p>\n<p>[recaptcha]<\/p>\n<p><input type=\"submit\" value=\"Envoyer\" class=\"wpcf7-form-control has-spinner wpcf7-submit\" \/><\/p>\n<p style=\"display: none !important;\" class=\"akismet-fields-container\" data-prefix=\"_wpcf7_ak_\"><label>&#916;<textarea name=\"_wpcf7_ak_hp_textarea\" cols=\"45\" rows=\"8\" maxlength=\"100\"><\/textarea><\/label><input type=\"hidden\" id=\"ak_js_2\" name=\"_wpcf7_ak_js\" value=\"149\"\/><script>document.getElementById( \"ak_js_2\" ).setAttribute( \"value\", ( new Date() ).getTime() );<\/script><\/p><div class=\"wpcf7-response-output\" aria-hidden=\"true\"><\/div><\/form><\/div><\/span><\/p>","protected":false},"excerpt":{"rendered":"<p>Entretiens en individuel propos\u00e9s par Fleur Mathet-Jolly,\u00a0\u00a0\u00a0\u00a0\u00a0\u00a0\u00a0\u00a0\u00a0\u00a0\u00a0\u00a0\u00a0\u00a0\u00a0\u00a0\u00a0\u00a0\u00a0\u00a0\u00a0\u00a0\u00a0\u00a0\u00a0\u00a0\u00a0\u00a0\u00a0\u00a0\u00a0\u00a0\u00a0\u00a0\u00a0\u00a0\u00a0\u00a0 Facilitatrice et psychopraticienne. Accompagnement de projet \u2013 D\u00e9veloppement professionnel \u2013 Ce que je vous propose \u2013 Mon intention \u2013 Autres outils et ressources \u2013Ma formation \u2013 Ma pratique \u2013 \u00c9valuation \u2013 Modalit\u00e9s pratiques Accompagnement de projet Vous avez un projet en t\u00eate et souhaitez \u00eatre accompagn\u00e9-e dans les &hellip; <a href=\"http:\/\/ecoledelacroiseedeschemins.fr\/en\/formation\/accompagnement-de-projet\/accompagnement-projet-developpement-professionnel\/\" class=\"more-link\">Continue reading <span class=\"screen-reader-text\">Accompagnement de projet et d\u00e9veloppement professionnel<\/span> <span class=\"meta-nav\">&rarr;<\/span><\/a><\/p>\n","protected":false},"author":14,"featured_media":0,"parent":1538,"menu_order":2,"comment_status":"closed","ping_status":"closed","template":"","meta":{"ngg_post_thumbnail":0},"_links":{"self":[{"href":"http:\/\/ecoledelacroiseedeschemins.fr\/en\/wp-json\/wp\/v2\/pages\/1536"}],"collection":[{"href":"http:\/\/ecoledelacroiseedeschemins.fr\/en\/wp-json\/wp\/v2\/pages"}],"about":[{"href":"http:\/\/ecoledelacroiseedeschemins.fr\/en\/wp-json\/wp\/v2\/types\/page"}],"author":[{"embeddable":true,"href":"http:\/\/ecoledelacroiseedeschemins.fr\/en\/wp-json\/wp\/v2\/users\/14"}],"replies":[{"embeddable":true,"href":"http:\/\/ecoledelacroiseedeschemins.fr\/en\/wp-json\/wp\/v2\/comments?post=1536"}],"version-history":[{"count":0,"href":"http:\/\/ecoledelacroiseedeschemins.fr\/en\/wp-json\/wp\/v2\/pages\/1536\/revisions"}],"up":[{"embeddable":true,"href":"http:\/\/ecoledelacroiseedeschemins.fr\/en\/wp-json\/wp\/v2\/pages\/1538"}],"wp:attachment":[{"href":"http:\/\/ecoledelacroiseedeschemins.fr\/en\/wp-json\/wp\/v2\/media?parent=1536"}],"curies":[{"name":"wp","href":"https:\/\/api.w.org\/{rel}","templated":true}]}}