{"id":1738,"date":"2014-06-20T16:31:14","date_gmt":"2014-06-20T15:31:14","guid":{"rendered":"http:\/\/ecoledelacroiseedeschemins.fr\/?page_id=1738"},"modified":"2015-09-14T11:33:49","modified_gmt":"2015-09-14T09:33:49","slug":"activites-enfants-jeunes","status":"publish","type":"page","link":"http:\/\/ecoledelacroiseedeschemins.fr\/en\/activites-enfants-jeunes\/","title":{"rendered":"Activit\u00e9s enfants-jeunes"},"content":{"rendered":"<p><span style=\"color: #000000;\">La Crois\u00e9e des Chemins propose \u00e9galement\u00a0une diversit\u00e9 de propositions pour tous les enfants et jeunes, o\u00f9 qu&#8217;ils soient scolaris\u00e9s, ou bien instruits en famille.<\/span><\/p>\n<p><span style=\"color: #000000;\"><img loading=\"lazy\" class=\"aligncenter  wp-image-1988\" title=\"atelier argile\" src=\"http:\/\/ecoledelacroiseedeschemins.fr\/wp-content\/uploads\/2014\/06\/DSC_0235-300x199.jpg\" alt=\"\" width=\"300\" height=\"199\" srcset=\"http:\/\/ecoledelacroiseedeschemins.fr\/wp-content\/uploads\/2014\/06\/DSC_0235-300x199.jpg 300w, http:\/\/ecoledelacroiseedeschemins.fr\/wp-content\/uploads\/2014\/06\/DSC_0235-1024x680.jpg 1024w, http:\/\/ecoledelacroiseedeschemins.fr\/wp-content\/uploads\/2014\/06\/DSC_0235-600x398.jpg 600w\" sizes=\"(max-width: 300px) 100vw, 300px\" \/><\/span><\/p>\n<p><span style=\"color: #000000;\">Le projet de l&#8217;association se d\u00e9cline ainsi :<\/span><\/p>\n<ul>\n<li><span style=\"color: #000000;\">\u00e0 travers des activit\u00e9s \u00e0 th\u00e8me, mises en place par l&#8217;association (faites-nous part de vos id\u00e9es !),<\/span><\/li>\n<li><span style=\"color: #000000;\">\u00e0 travers des ateliers propos\u00e9s dans d&#8217;autres \u00e9coles, lors du temps p\u00e9riscolaire,<\/span><\/li>\n<li><span style=\"color: #000000;\">\u00e0 travers des temps de d\u00e9couverte de l&#8217;\u00e9cole d\u00e9mocratique les mercredis et pendant les vacances scolaires.<\/span><\/li>\n<\/ul>\n<p><span style=\"color: #000000;\">Par exemple, le<\/span> <a href=\"http:\/\/ecoledelacroiseedeschemins.fr\/tout-public\/yoga-par-le-jeu\/\" target=\"_blank\">yoga par le jeu<\/a> a \u00e9<span style=\"color: #000000;\">t\u00e9 propos\u00e9 aussi bien en fin de journ\u00e9e dans nos locaux que dans des \u00e9coles, pour le compte de la Ville de Dijon (jusqu&#8217;en juin 2015).<\/span><\/p>\n<p><span style=\"color: #000000;\">Nous avons propos\u00e9 \u00e0 la Ville de Dijon diff\u00e9rentes activit\u00e9s pour le programme de &#8220;Vacances pour ceux qui restent&#8221; en 2016.<br \/>\n<a href=\"http:\/\/ecoledelacroiseedeschemins.fr\/tout-public\/yoga-par-le-jeu\/\"><img loading=\"lazy\" class=\"aligncenter size-medium wp-image-1015\" title=\"yoga enfants\" src=\"http:\/\/ecoledelacroiseedeschemins.fr\/wp-content\/uploads\/2014\/05\/yoga-enfants-200x300.jpg\" alt=\"\" width=\"200\" height=\"300\" srcset=\"http:\/\/ecoledelacroiseedeschemins.fr\/wp-content\/uploads\/2014\/05\/yoga-enfants-200x300.jpg 200w, http:\/\/ecoledelacroiseedeschemins.fr\/wp-content\/uploads\/2014\/05\/yoga-enfants-683x1024.jpg 683w, http:\/\/ecoledelacroiseedeschemins.fr\/wp-content\/uploads\/2014\/05\/yoga-enfants-600x899.jpg 600w, http:\/\/ecoledelacroiseedeschemins.fr\/wp-content\/uploads\/2014\/05\/yoga-enfants.jpg 854w\" sizes=\"(max-width: 200px) 100vw, 200px\" \/><\/a>Quel que soit le contexte, il s&#8217;agit toujours, selon la mission de l&#8217;association, de<\/span><br \/>\n<span style=\"color: #000000;\"> &#8220;proposer au public des activit\u00e9s d\u2019apprentissage exp\u00e9rientiel, de cr\u00e9ativit\u00e9, de coop\u00e9ration, dans une approche centr\u00e9e sur la personne.&#8221;<\/span><\/p>\n","protected":false},"excerpt":{"rendered":"<p>La Crois\u00e9e des Chemins propose \u00e9galement\u00a0une diversit\u00e9 de propositions pour tous les enfants et jeunes, o\u00f9 qu&#8217;ils soient scolaris\u00e9s, ou bien instruits en famille. Le projet de l&#8217;association se d\u00e9cline ainsi : \u00e0 travers des activit\u00e9s \u00e0 th\u00e8me, mises en place par l&#8217;association (faites-nous part de vos id\u00e9es !), \u00e0 travers des ateliers propos\u00e9s dans &hellip; <a href=\"http:\/\/ecoledelacroiseedeschemins.fr\/en\/activites-enfants-jeunes\/\" class=\"more-link\">Continue reading <span class=\"screen-reader-text\">Activit\u00e9s enfants-jeunes<\/span> <span class=\"meta-nav\">&rarr;<\/span><\/a><\/p>\n","protected":false},"author":14,"featured_media":0,"parent":0,"menu_order":4,"comment_status":"closed","ping_status":"closed","template":"","meta":{"ngg_post_thumbnail":0},"_links":{"self":[{"href":"http:\/\/ecoledelacroiseedeschemins.fr\/en\/wp-json\/wp\/v2\/pages\/1738"}],"collection":[{"href":"http:\/\/ecoledelacroiseedeschemins.fr\/en\/wp-json\/wp\/v2\/pages"}],"about":[{"href":"http:\/\/ecoledelacroiseedeschemins.fr\/en\/wp-json\/wp\/v2\/types\/page"}],"author":[{"embeddable":true,"href":"http:\/\/ecoledelacroiseedeschemins.fr\/en\/wp-json\/wp\/v2\/users\/14"}],"replies":[{"embeddable":true,"href":"http:\/\/ecoledelacroiseedeschemins.fr\/en\/wp-json\/wp\/v2\/comments?post=1738"}],"version-history":[{"count":0,"href":"http:\/\/ecoledelacroiseedeschemins.fr\/en\/wp-json\/wp\/v2\/pages\/1738\/revisions"}],"wp:attachment":[{"href":"http:\/\/ecoledelacroiseedeschemins.fr\/en\/wp-json\/wp\/v2\/media?parent=1738"}],"curies":[{"name":"wp","href":"https:\/\/api.w.org\/{rel}","templated":true}]}}