{"id":1845,"date":"2014-08-05T11:28:48","date_gmt":"2014-08-05T10:28:48","guid":{"rendered":"http:\/\/ecoledelacroiseedeschemins.fr\/?page_id=1845"},"modified":"2014-08-05T11:30:10","modified_gmt":"2014-08-05T10:30:10","slug":"prises-de-position","status":"publish","type":"page","link":"http:\/\/ecoledelacroiseedeschemins.fr\/en\/a-propos\/prises-de-position\/","title":{"rendered":"Prises de position"},"content":{"rendered":"<p><span style=\"color: #000000;\">L&#8217;\u00c9cole de la Crois\u00e9e des Chemins est une association citoyenne : nous mettons en \u0153uvre des activit\u00e9s avec l&#8217;intention de contribuer \u00e0 la r\u00e9alisation d&#8217;une certaine<\/span> <a href=\"http:\/\/ecoledelacroiseedeschemins.fr\/association\/vision\/\" target=\"_blank\">vision de la soci\u00e9t\u00e9<\/a><span style=\"color: #000000;\">.<\/span><\/p>\n<p><span style=\"color: #000000;\">C&#8217;est pourquoi nous souhaitons relayer sur cette page des prises de position \u00e9manant de la soci\u00e9t\u00e9 civile, qui sont en r\u00e9sonance avec notre projet.<br \/>\nA chacun-e ensuite d&#8217;y r\u00e9fl\u00e9chir et de se positionner personnellement, \u00e0 sa fa\u00e7on.<\/span><\/p>\n<ul class=\"lcp_catlist\" id=\"lcp_instance_0\"><li><a href=\"http:\/\/ecoledelacroiseedeschemins.fr\/en\/pourquoi-nous-refusons-le-compteur-linky\/\">(Fran\u00e7ais) Pourquoi nous refusons le compteur Linky<\/a><\/li><li><a href=\"http:\/\/ecoledelacroiseedeschemins.fr\/en\/vaccins-obligatoires-mais-retires-de-la-vente\/\">(Fran\u00e7ais) Des vaccins obligatoires mais retir\u00e9s de la vente&#8230;<\/a><\/li><li><a href=\"http:\/\/ecoledelacroiseedeschemins.fr\/en\/jouer-est-un-droit-de-lenfant\/\">Jouer est un droit de l&#8217;enfant !<\/a><\/li><li><a href=\"http:\/\/ecoledelacroiseedeschemins.fr\/en\/appel-alternative-dans-ecole-publique\/\">Appel pour pouvoir choisir une alternative \u00e0 l&#8217;\u00e9cole traditionnelle dans l&#8217;\u00e9cole publique<\/a><\/li><\/ul>\n","protected":false},"excerpt":{"rendered":"<p>L&#8217;\u00c9cole de la Crois\u00e9e des Chemins est une association citoyenne : nous mettons en \u0153uvre des activit\u00e9s avec l&#8217;intention de contribuer \u00e0 la r\u00e9alisation d&#8217;une certaine vision de la soci\u00e9t\u00e9. C&#8217;est pourquoi nous souhaitons relayer sur cette page des prises de position \u00e9manant de la soci\u00e9t\u00e9 civile, qui sont en r\u00e9sonance avec notre projet. A &hellip; <a href=\"http:\/\/ecoledelacroiseedeschemins.fr\/en\/a-propos\/prises-de-position\/\" class=\"more-link\">Continue reading <span class=\"screen-reader-text\">Prises de position<\/span> <span class=\"meta-nav\">&rarr;<\/span><\/a><\/p>\n","protected":false},"author":14,"featured_media":0,"parent":1593,"menu_order":4,"comment_status":"closed","ping_status":"closed","template":"","meta":{"ngg_post_thumbnail":0},"_links":{"self":[{"href":"http:\/\/ecoledelacroiseedeschemins.fr\/en\/wp-json\/wp\/v2\/pages\/1845"}],"collection":[{"href":"http:\/\/ecoledelacroiseedeschemins.fr\/en\/wp-json\/wp\/v2\/pages"}],"about":[{"href":"http:\/\/ecoledelacroiseedeschemins.fr\/en\/wp-json\/wp\/v2\/types\/page"}],"author":[{"embeddable":true,"href":"http:\/\/ecoledelacroiseedeschemins.fr\/en\/wp-json\/wp\/v2\/users\/14"}],"replies":[{"embeddable":true,"href":"http:\/\/ecoledelacroiseedeschemins.fr\/en\/wp-json\/wp\/v2\/comments?post=1845"}],"version-history":[{"count":0,"href":"http:\/\/ecoledelacroiseedeschemins.fr\/en\/wp-json\/wp\/v2\/pages\/1845\/revisions"}],"up":[{"embeddable":true,"href":"http:\/\/ecoledelacroiseedeschemins.fr\/en\/wp-json\/wp\/v2\/pages\/1593"}],"wp:attachment":[{"href":"http:\/\/ecoledelacroiseedeschemins.fr\/en\/wp-json\/wp\/v2\/media?parent=1845"}],"curies":[{"name":"wp","href":"https:\/\/api.w.org\/{rel}","templated":true}]}}