{"id":2142,"date":"2014-05-25T16:27:56","date_gmt":"2014-05-25T14:27:56","guid":{"rendered":"http:\/\/ecoledelacroiseedeschemins.fr\/?page_id=2142"},"modified":"2018-04-05T17:17:12","modified_gmt":"2018-04-05T15:17:12","slug":"confirmation-inscription","status":"publish","type":"page","link":"http:\/\/ecoledelacroiseedeschemins.fr\/en\/confirmation-inscription\/","title":{"rendered":"Confirmation d&#8217;inscription"},"content":{"rendered":"<p>Nous avons ajout\u00e9 votre courriel \u00e0 notre liste pour l&#8217;envoi des lettres d&#8217;information de votre choix.<\/p>\n<p>Merci pour votre int\u00e9r\u00eat !<\/p>\n<p>Vous pourrez vous d\u00e9sabonner quand vous le souhaitez, en cliquant sur un lien situ\u00e9 en bas des messages re\u00e7us par courriel.<\/p>","protected":false},"excerpt":{"rendered":"<p>Nous avons ajout\u00e9 votre courriel \u00e0 notre liste pour l&#8217;envoi des lettres d&#8217;information de votre choix. Merci pour votre int\u00e9r\u00eat ! Vous pourrez vous d\u00e9sabonner quand vous le souhaitez, en cliquant sur un lien situ\u00e9 en bas des messages re\u00e7us par courriel.<\/p>\n","protected":false},"author":1,"featured_media":0,"parent":0,"menu_order":0,"comment_status":"closed","ping_status":"closed","template":"","meta":{"ngg_post_thumbnail":0},"_links":{"self":[{"href":"http:\/\/ecoledelacroiseedeschemins.fr\/en\/wp-json\/wp\/v2\/pages\/2142"}],"collection":[{"href":"http:\/\/ecoledelacroiseedeschemins.fr\/en\/wp-json\/wp\/v2\/pages"}],"about":[{"href":"http:\/\/ecoledelacroiseedeschemins.fr\/en\/wp-json\/wp\/v2\/types\/page"}],"author":[{"embeddable":true,"href":"http:\/\/ecoledelacroiseedeschemins.fr\/en\/wp-json\/wp\/v2\/users\/1"}],"replies":[{"embeddable":true,"href":"http:\/\/ecoledelacroiseedeschemins.fr\/en\/wp-json\/wp\/v2\/comments?post=2142"}],"version-history":[{"count":0,"href":"http:\/\/ecoledelacroiseedeschemins.fr\/en\/wp-json\/wp\/v2\/pages\/2142\/revisions"}],"wp:attachment":[{"href":"http:\/\/ecoledelacroiseedeschemins.fr\/en\/wp-json\/wp\/v2\/media?parent=2142"}],"curies":[{"name":"wp","href":"https:\/\/api.w.org\/{rel}","templated":true}]}}