{"id":3099,"date":"2016-02-11T12:40:55","date_gmt":"2016-02-11T11:40:55","guid":{"rendered":"http:\/\/ecoledelacroiseedeschemins.fr\/?page_id=3099"},"modified":"2021-07-28T02:10:00","modified_gmt":"2021-07-28T00:10:00","slug":"accueil2","status":"publish","type":"page","link":"http:\/\/ecoledelacroiseedeschemins.fr\/en\/","title":{"rendered":"Welcome !"},"content":{"rendered":"<p><span style=\"color: #000000;\"><em>To find what you&#8217;re looking for, simply click on the menu above. You can click on each tab for an overview of each title, or go directly to the pages that you are interested in by clicking on the subheadings that appear.<\/em><br \/>\n<em> Until now, we translated in english the main pages presenting our project and organization.<\/em><br \/>\n<\/span><\/p>\n<p><span style=\"color: #000000;\">For further information\u00a0, do not hesistate to contact us via email, telephone or post through the details below. You can suscribe to our newsletters (in french).<br \/>\n<\/span><\/p>\n<p><strong><span style=\"color: #000000;\">L&#8217;\u00c9cole de la Crois\u00e9e des Chemins is a non-profit organization created in 2012. <\/span><\/strong><\/p>\n<p><span style=\"color: #000000;\">Our organization has been developing a <strong>non-contractual, private, secular, democratic school with an international focus<\/strong>. The school is open to children between the ages of 4 and 19 (K-12) \u2013 and includes a primary school, secondary school (high school) and a sixth form college.<br \/>\nThe school opened for the first time 5th May 2014.<br \/>\n<\/span><\/p>\n<p><span style=\"color: #000000;\">Through creativity, listening and games, our school provides individualised and personal support for each of our pupils.<\/span><\/p>\n<p><span style=\"color: #000000;\">We offer after school <strong>activities for children on Wednesdays, as well as during school holidays<\/strong>.<\/span><\/p>\n<p><span style=\"color: #000000;\">Our organization also provides various activities available to the general public, including <strong>workshops\u00a0, training sessions, project support and an exchange of knowledge and materials<\/strong> through our network.<\/span><\/p>\n<p><span style=\"color: #000000;\">Our organization is a member of several partnerships\u00a0:<\/span><\/p>\n<p><strong><span style=\"color: #000000;\">A french movement : &#8220;le Printemps de l\u2019\u00c9ducation&#8221;<\/span><\/strong><\/p>\n<p><strong><span style=\"color: #000000;\">The European Democratic Education Community<\/span><\/strong><\/p>\n<p><a href=\"http:\/\/www.eudec.org\"><img loading=\"lazy\" class=\"aligncenter wp-image-730 size-medium\" src=\"http:\/\/ecoledelacroiseedeschemins.fr\/wp-content\/uploads\/2012\/07\/Logo-Eudec-300x300.png\" alt=\"l'Education D\u00e9mocratique : transformer les \u00e9coles en communaut\u00e9s d\u00e9mocratiques d'apprentissage\" width=\"300\" height=\"300\" srcset=\"http:\/\/ecoledelacroiseedeschemins.fr\/wp-content\/uploads\/2012\/07\/Logo-Eudec-300x300.png 300w, http:\/\/ecoledelacroiseedeschemins.fr\/wp-content\/uploads\/2012\/07\/Logo-Eudec-150x150.png 150w, http:\/\/ecoledelacroiseedeschemins.fr\/wp-content\/uploads\/2012\/07\/Logo-Eudec.png 400w\" sizes=\"(max-width: 300px) 100vw, 300px\" \/><\/a><span style=\"color: #000000;\">&amp;<strong> IDEN<\/strong> = <a href=\"http:\/\/www.idenetwork.org\" target=\"_blank\" rel=\"noopener\">International Democratic Education Network<\/a><br \/>\n<\/span><\/p>\n<p><span style=\"color: #000000;\">\u00c9cole de la Crois\u00e9e des Chemins <\/span><br \/>\n<span style=\"color: #000000;\"> 10 rue de la Marseillaise \u2013 21000 Dijon <\/span><br \/>\n<span style=\"color: #000000;\"> tel : 0 (033)<\/span> 9 51 84 50 67<br \/>\n<span style=\"color: #000000;\"> SIRET : 789 965 209 00024<\/span><\/p>","protected":false},"excerpt":{"rendered":"<p>To find what you&#8217;re looking for, simply click on the menu above. You can click on each tab for an overview of each title, or go directly to the pages that you are interested in by clicking on the subheadings that appear. Until now, we translated in english the main pages presenting our project and &hellip; <a href=\"http:\/\/ecoledelacroiseedeschemins.fr\/en\/\" class=\"more-link\">Continue reading <span class=\"screen-reader-text\">Welcome !<\/span> <span class=\"meta-nav\">&rarr;<\/span><\/a><\/p>\n","protected":false},"author":1,"featured_media":0,"parent":0,"menu_order":0,"comment_status":"closed","ping_status":"closed","template":"","meta":{"ngg_post_thumbnail":0},"_links":{"self":[{"href":"http:\/\/ecoledelacroiseedeschemins.fr\/en\/wp-json\/wp\/v2\/pages\/3099"}],"collection":[{"href":"http:\/\/ecoledelacroiseedeschemins.fr\/en\/wp-json\/wp\/v2\/pages"}],"about":[{"href":"http:\/\/ecoledelacroiseedeschemins.fr\/en\/wp-json\/wp\/v2\/types\/page"}],"author":[{"embeddable":true,"href":"http:\/\/ecoledelacroiseedeschemins.fr\/en\/wp-json\/wp\/v2\/users\/1"}],"replies":[{"embeddable":true,"href":"http:\/\/ecoledelacroiseedeschemins.fr\/en\/wp-json\/wp\/v2\/comments?post=3099"}],"version-history":[{"count":0,"href":"http:\/\/ecoledelacroiseedeschemins.fr\/en\/wp-json\/wp\/v2\/pages\/3099\/revisions"}],"wp:attachment":[{"href":"http:\/\/ecoledelacroiseedeschemins.fr\/en\/wp-json\/wp\/v2\/media?parent=3099"}],"curies":[{"name":"wp","href":"https:\/\/api.w.org\/{rel}","templated":true}]}}