{"id":3704,"date":"2018-01-30T16:31:29","date_gmt":"2018-01-30T15:31:29","guid":{"rendered":"http:\/\/ecoledelacroiseedeschemins.fr\/?page_id=3704"},"modified":"2019-01-15T12:23:52","modified_gmt":"2019-01-15T11:23:52","slug":"immersion-ecole-democratique","status":"publish","type":"page","link":"http:\/\/ecoledelacroiseedeschemins.fr\/en\/formation\/immersion-ecole-democratique\/","title":{"rendered":"(Fran\u00e7ais) En immersion \u00e0 l&#8217;\u00e9cole d\u00e9mocratique"},"content":{"rendered":"<p class=\"qtranxs-available-languages-message qtranxs-available-languages-message-en\">Sorry, this entry is only available in <a href=\"http:\/\/ecoledelacroiseedeschemins.fr\/fr\/wp-json\/wp\/v2\/pages\/3704\" class=\"qtranxs-available-language-link qtranxs-available-language-link-fr\" title=\"Fran\u00e7ais\">French<\/a>.<\/p>","protected":false},"excerpt":{"rendered":"<p>Sorry, this entry is only available in French.<\/p>\n","protected":false},"author":1,"featured_media":0,"parent":11,"menu_order":0,"comment_status":"closed","ping_status":"closed","template":"","meta":{"ngg_post_thumbnail":0},"_links":{"self":[{"href":"http:\/\/ecoledelacroiseedeschemins.fr\/en\/wp-json\/wp\/v2\/pages\/3704"}],"collection":[{"href":"http:\/\/ecoledelacroiseedeschemins.fr\/en\/wp-json\/wp\/v2\/pages"}],"about":[{"href":"http:\/\/ecoledelacroiseedeschemins.fr\/en\/wp-json\/wp\/v2\/types\/page"}],"author":[{"embeddable":true,"href":"http:\/\/ecoledelacroiseedeschemins.fr\/en\/wp-json\/wp\/v2\/users\/1"}],"replies":[{"embeddable":true,"href":"http:\/\/ecoledelacroiseedeschemins.fr\/en\/wp-json\/wp\/v2\/comments?post=3704"}],"version-history":[{"count":0,"href":"http:\/\/ecoledelacroiseedeschemins.fr\/en\/wp-json\/wp\/v2\/pages\/3704\/revisions"}],"up":[{"embeddable":true,"href":"http:\/\/ecoledelacroiseedeschemins.fr\/en\/wp-json\/wp\/v2\/pages\/11"}],"wp:attachment":[{"href":"http:\/\/ecoledelacroiseedeschemins.fr\/en\/wp-json\/wp\/v2\/media?parent=3704"}],"curies":[{"name":"wp","href":"https:\/\/api.w.org\/{rel}","templated":true}]}}