{"id":826,"date":"2013-07-15T18:38:13","date_gmt":"2013-07-15T17:38:13","guid":{"rendered":"http:\/\/ecoledelacroiseedeschemins.fr\/?page_id=826"},"modified":"2013-11-07T17:13:44","modified_gmt":"2013-11-07T17:13:44","slug":"articles","status":"publish","type":"page","link":"http:\/\/ecoledelacroiseedeschemins.fr\/en\/ecole\/articles\/","title":{"rendered":"Articles"},"content":{"rendered":"<p>Dans le souci de faciliter la d\u00e9couverte du projet et l&#8217;exploration du site, nous avons souhait\u00e9 faire des articles courts.<\/p>\n<p>Les gourmand-e-s trouverons ici deux articles qui d\u00e9veloppent la th\u00e9matique du Jeu et celle des Apprentissages.<\/p>\n<p>Bonne lecture !<\/p>\n<p>(Vos retours sont les bienvenus)<\/p>\n","protected":false},"excerpt":{"rendered":"<p>Dans le souci de faciliter la d\u00e9couverte du projet et l&#8217;exploration du site, nous avons souhait\u00e9 faire des articles courts. Les gourmand-e-s trouverons ici deux articles qui d\u00e9veloppent la th\u00e9matique du Jeu et celle des Apprentissages. Bonne lecture ! (Vos retours sont les bienvenus)<\/p>\n","protected":false},"author":14,"featured_media":0,"parent":5,"menu_order":10,"comment_status":"closed","ping_status":"closed","template":"","meta":{"ngg_post_thumbnail":0},"_links":{"self":[{"href":"http:\/\/ecoledelacroiseedeschemins.fr\/en\/wp-json\/wp\/v2\/pages\/826"}],"collection":[{"href":"http:\/\/ecoledelacroiseedeschemins.fr\/en\/wp-json\/wp\/v2\/pages"}],"about":[{"href":"http:\/\/ecoledelacroiseedeschemins.fr\/en\/wp-json\/wp\/v2\/types\/page"}],"author":[{"embeddable":true,"href":"http:\/\/ecoledelacroiseedeschemins.fr\/en\/wp-json\/wp\/v2\/users\/14"}],"replies":[{"embeddable":true,"href":"http:\/\/ecoledelacroiseedeschemins.fr\/en\/wp-json\/wp\/v2\/comments?post=826"}],"version-history":[{"count":0,"href":"http:\/\/ecoledelacroiseedeschemins.fr\/en\/wp-json\/wp\/v2\/pages\/826\/revisions"}],"up":[{"embeddable":true,"href":"http:\/\/ecoledelacroiseedeschemins.fr\/en\/wp-json\/wp\/v2\/pages\/5"}],"wp:attachment":[{"href":"http:\/\/ecoledelacroiseedeschemins.fr\/en\/wp-json\/wp\/v2\/media?parent=826"}],"curies":[{"name":"wp","href":"https:\/\/api.w.org\/{rel}","templated":true}]}}