{"id":857,"date":"2013-09-11T10:50:32","date_gmt":"2013-09-11T09:50:32","guid":{"rendered":"http:\/\/ecoledelacroiseedeschemins.fr\/?page_id=857"},"modified":"2015-02-20T17:15:26","modified_gmt":"2015-02-20T16:15:26","slug":"vision","status":"publish","type":"page","link":"http:\/\/ecoledelacroiseedeschemins.fr\/en\/vision\/","title":{"rendered":"Vision"},"content":{"rendered":"<p><strong><span style=\"color: #000000;\">La finalit\u00e9 de l&#8217;association \u2013 sa vision \u2013 est de contribuer \u00e0 l&#8217;\u00e9mergence d&#8217;un monde :<\/span><\/strong><\/p>\n<h2><span style=\"color: #000000;\">O\u00f9 chacun-e puisse jouir d&#8217;un environnement favorable au plein d\u00e9veloppement de l&#8217;ensemble de ses potentiels.<\/span><\/h2>\n<p style=\"padding-left: 30px;\"><em><span style=\"color: #000000;\">O\u00f9 ces potentiels (\u00e0 la fois communs \u00e0 l&#8217;esp\u00e8ce et propres \u00e0 l&#8217;individu) puissent \u00eatre reconnus, d\u00e9velopp\u00e9s et mis \u00e0 profit, en famille, \u00e0 l&#8217;\u00e9cole, dans la soci\u00e9t\u00e9, et ceci \u00e0 l&#8217;\u00e9chelle internationale.<\/span><\/em><\/p>\n<h2><span style=\"color: #000000;\">O\u00f9 soient reconnues et mises en \u0153uvre les qualit\u00e9s humaines requises \u00e0 l&#8217;instauration de ce climat favorable&#8230;<\/span><\/h2>\n<p style=\"padding-left: 30px;\"><em><span style=\"color: #000000;\">un climat emprunt de libert\u00e9 et de s\u00e9curit\u00e9, qui d\u00e9coule de la capacit\u00e9 des \u00eatres humains \u00e0 manifester de la congruence, de l&#8217;empathie, et de la consid\u00e9ration positive inconditionnelle, comme le d\u00e9crit l&#8217;approche centr\u00e9e sur la personne \u00e0 laquelle nous nous r\u00e9f\u00e9rons.<\/span><\/em><\/p>\n<p style=\"padding-left: 30px;\"><em><span style=\"color: #000000;\">En effet, lorsque les personnes b\u00e9n\u00e9ficient de cette qualit\u00e9 de pr\u00e9sence, elles sont alors plus \u00e0 m\u00eame de percevoir la r\u00e9alit\u00e9 des choses \u2013 la leur mais \u00e9galement celle du monde dont elles font partie.<\/span><\/em><\/p>\n<p style=\"padding-left: 30px;\"><em><span style=\"color: #000000;\">Elles parviennent \u00e0 exprimer leurs \u00e9motions, leurs besoins ainsi qu&#8217;\u00e0 formuler des demandes \/ des propositions \/ des projets de mani\u00e8re optimale : <\/span><\/em><\/p>\n<ul style=\"padding-left: 30px;\">\n<li><em><span style=\"color: #000000;\">c&#8217;est-\u00e0-dire cr\u00e9ative, reli\u00e9e \u00e0 leurs processus int\u00e9rieurs,<\/span><\/em><\/li>\n<li><em><span style=\"color: #000000;\">et \u00e9cologique : tenant compte du plus grand nombre de param\u00e8tres environnementaux.<\/span><\/em><\/li>\n<\/ul>\n<p>&nbsp;<\/p>\n<h2><span style=\"color: #000000;\">O\u00f9 soit \u00e9galement reconnue la valeur d&#8217;un environnement stable et d\u00e9mocratique, centr\u00e9 sur les besoins tant des personnes que des communaut\u00e9s et du monde qui les entoure.<\/span><\/h2>\n<p style=\"padding-left: 60px;\"><em><span style=\"color: #000000;\">Ce projet est \u00e0 la port\u00e9e de tout groupe humain qui choisit de prendre la d\u00e9cision de voir fleurir la diversit\u00e9 dans un climat d&#8217;harmonie entre tous les acteurs du monde vivant.<\/span><\/em><\/p>\n<h2><span style=\"color: #000000;\">O\u00f9 l&#8217;autod\u00e9termination soit reconnue comme un droit fondamental.<\/span><\/h2>\n<p style=\"text-align: left; padding-left: 30px;\"><em><span style=\"color: #000000;\">O\u00f9 chacun-e puisse donc notamment :<\/span><\/em><\/p>\n<ul style=\"text-align: left; padding-left: 30px;\">\n<li><em><span style=\"color: #000000;\">D\u00e9velopper une conscience personnelle dans le lien \u00e0 son environnement au sens le plus large du terme et s&#8217;exprimer librement.<\/span><\/em><\/li>\n<li><em><span style=\"color: #000000;\">Participer aux d\u00e9cisions qui le \/ la concerne de mani\u00e8re \u00e9quitable.<\/span><\/em><\/li>\n<li><em><span style=\"color: #000000;\">Vivre et apprendre sereinement \u00e0 partir de ses dons, de ses go\u00fbts, \u00e0 son rythme et \u00e0 sa mani\u00e8re dans le respect, la confiance et avec le soutien d&#8217;une communaut\u00e9 compos\u00e9e d&#8217;une diversit\u00e9 d&#8217;individus.<\/span><\/em><\/li>\n<\/ul>\n<p style=\"text-align: left; padding-left: 30px;\"><em><span style=\"color: #000000;\">Cela signifie concr\u00e8tement que soit offerte, en particulier aux jeunes personnes, la libert\u00e9 illimit\u00e9e de poursuivre leurs propres centres d&#8217;int\u00e9r\u00eat, de jouer, de r\u00eaver, de s&#8217;exprimer, d&#8217;explorer leur environnement&#8230; car c&#8217;est ainsi qu&#8217;elles grandiront de la mani\u00e8re la plus utile \u00e0 la communaut\u00e9 humaine.<\/span><\/em><\/p>\n<p style=\"text-align: left;\"><span style=\"color: #000000;\"><strong>Les phrases mises en valeur ci-dessus constituent la vision de l&#8217;association telle qu&#8217;elle est r\u00e9sum\u00e9e dans ses statuts.<\/strong><\/span><br \/>\n<span style=\"color: #000000;\"><strong>En italique, nous d\u00e9veloppons et explicitons le sens que ces phrases ont pour nous.<\/strong><\/span><br \/>\n<a href=\"http:\/\/ecoledelacroiseedeschemins.fr\/contact-2\/\">Vos remarques sont les bienvenues !<\/a><\/p>\n<p style=\"padding-left: 30px;\">\n","protected":false},"excerpt":{"rendered":"<p>La finalit\u00e9 de l&#8217;association \u2013 sa vision \u2013 est de contribuer \u00e0 l&#8217;\u00e9mergence d&#8217;un monde : O\u00f9 chacun-e puisse jouir d&#8217;un environnement favorable au plein d\u00e9veloppement de l&#8217;ensemble de ses potentiels. O\u00f9 ces potentiels (\u00e0 la fois communs \u00e0 l&#8217;esp\u00e8ce et propres \u00e0 l&#8217;individu) puissent \u00eatre reconnus, d\u00e9velopp\u00e9s et mis \u00e0 profit, en famille, \u00e0 &hellip; <a href=\"http:\/\/ecoledelacroiseedeschemins.fr\/en\/vision\/\" class=\"more-link\">Continue reading <span class=\"screen-reader-text\">Vision<\/span> <span class=\"meta-nav\">&rarr;<\/span><\/a><\/p>\n","protected":false},"author":14,"featured_media":0,"parent":0,"menu_order":2,"comment_status":"closed","ping_status":"closed","template":"","meta":{"ngg_post_thumbnail":0},"_links":{"self":[{"href":"http:\/\/ecoledelacroiseedeschemins.fr\/en\/wp-json\/wp\/v2\/pages\/857"}],"collection":[{"href":"http:\/\/ecoledelacroiseedeschemins.fr\/en\/wp-json\/wp\/v2\/pages"}],"about":[{"href":"http:\/\/ecoledelacroiseedeschemins.fr\/en\/wp-json\/wp\/v2\/types\/page"}],"author":[{"embeddable":true,"href":"http:\/\/ecoledelacroiseedeschemins.fr\/en\/wp-json\/wp\/v2\/users\/14"}],"replies":[{"embeddable":true,"href":"http:\/\/ecoledelacroiseedeschemins.fr\/en\/wp-json\/wp\/v2\/comments?post=857"}],"version-history":[{"count":0,"href":"http:\/\/ecoledelacroiseedeschemins.fr\/en\/wp-json\/wp\/v2\/pages\/857\/revisions"}],"wp:attachment":[{"href":"http:\/\/ecoledelacroiseedeschemins.fr\/en\/wp-json\/wp\/v2\/media?parent=857"}],"curies":[{"name":"wp","href":"https:\/\/api.w.org\/{rel}","templated":true}]}}