{"id":1398,"date":"2014-06-02T19:29:11","date_gmt":"2014-06-02T17:29:11","guid":{"rendered":"http:\/\/ecoledelacroiseedeschemins.fr\/?page_id=1398"},"modified":"2019-10-22T20:19:07","modified_gmt":"2019-10-22T18:19:07","slug":"la-culture-de-la-democratie-a-lecole","status":"publish","type":"page","link":"https:\/\/ecoledelacroiseedeschemins.fr\/en\/formation\/la-culture-de-la-democratie-a-lecole\/","title":{"rendered":"Cultiver la d\u00e9mocratie au sein d&#8217;une organisation"},"content":{"rendered":"<p><strong>Notre intention<\/strong><\/p>\n<p>Partager ensemble nos exp\u00e9riences de la d\u00e9mocratie,<\/p>\n<p>Nous permettre d&#8217;approfondir notre r\u00e9flexion sur la question,<\/p>\n<p>Proposer des outils utiles pour la vie d\u00e9mocratique d&#8217;un projet et notamment : nous initier \u00e0 \/ approfondir la m\u00e9thode sociocratique.<\/p>\n<p><strong>Th\u00e8mes qu&#8217;il est possible d&#8217;aborder ensemble<\/strong><\/p>\n<p>Histoire \/ Philosophie \/ R\u00e9seaux internationaux.<\/p>\n<p><strong>Ressources<\/strong><\/p>\n<p>Notre exp\u00e9rience en la mati\u00e8re,<\/p>\n<p>La participation de jeunes issus de diff\u00e9rentes \u00e9coles d\u00e9mocratiques europ\u00e9ennes,<\/p>\n<p>Publications de l&#8217;\u00e9cole Sudbury Valley,<\/p>\n<p>Publications de l&#8217;\u00e9cole Summerhil,<\/p>\n<p>Notre site internet.<\/p>\n<p><strong>Dur\u00e9e indicative<\/strong><\/p>\n<p>2 jours.<\/p>\n","protected":false},"excerpt":{"rendered":"<p>Notre intention Partager ensemble nos exp\u00e9riences de la d\u00e9mocratie, Nous permettre d&#8217;approfondir notre r\u00e9flexion sur la question, Proposer des outils utiles pour la vie d\u00e9mocratique d&#8217;un projet et notamment : nous initier \u00e0 \/ approfondir la m\u00e9thode sociocratique. Th\u00e8mes qu&#8217;il est possible d&#8217;aborder ensemble Histoire \/ Philosophie \/ R\u00e9seaux internationaux. Ressources Notre exp\u00e9rience en la &hellip; <a href=\"https:\/\/ecoledelacroiseedeschemins.fr\/en\/formation\/la-culture-de-la-democratie-a-lecole\/\" class=\"more-link\">Continue reading <span class=\"screen-reader-text\">Cultiver la d\u00e9mocratie au sein d&#8217;une organisation<\/span> <span class=\"meta-nav\">&rarr;<\/span><\/a><\/p>\n","protected":false},"author":14,"featured_media":0,"parent":11,"menu_order":6,"comment_status":"closed","ping_status":"closed","template":"","meta":{"ngg_post_thumbnail":0},"_links":{"self":[{"href":"https:\/\/ecoledelacroiseedeschemins.fr\/en\/wp-json\/wp\/v2\/pages\/1398"}],"collection":[{"href":"https:\/\/ecoledelacroiseedeschemins.fr\/en\/wp-json\/wp\/v2\/pages"}],"about":[{"href":"https:\/\/ecoledelacroiseedeschemins.fr\/en\/wp-json\/wp\/v2\/types\/page"}],"author":[{"embeddable":true,"href":"https:\/\/ecoledelacroiseedeschemins.fr\/en\/wp-json\/wp\/v2\/users\/14"}],"replies":[{"embeddable":true,"href":"https:\/\/ecoledelacroiseedeschemins.fr\/en\/wp-json\/wp\/v2\/comments?post=1398"}],"version-history":[{"count":0,"href":"https:\/\/ecoledelacroiseedeschemins.fr\/en\/wp-json\/wp\/v2\/pages\/1398\/revisions"}],"up":[{"embeddable":true,"href":"https:\/\/ecoledelacroiseedeschemins.fr\/en\/wp-json\/wp\/v2\/pages\/11"}],"wp:attachment":[{"href":"https:\/\/ecoledelacroiseedeschemins.fr\/en\/wp-json\/wp\/v2\/media?parent=1398"}],"curies":[{"name":"wp","href":"https:\/\/api.w.org\/{rel}","templated":true}]}}