{"id":1480,"date":"2014-06-05T09:39:26","date_gmt":"2014-06-05T08:39:26","guid":{"rendered":"http:\/\/ecoledelacroiseedeschemins.fr\/?page_id=1480"},"modified":"2014-09-08T10:39:17","modified_gmt":"2014-09-08T09:39:17","slug":"presentation-eudec","status":"publish","type":"page","link":"https:\/\/ecoledelacroiseedeschemins.fr\/en\/presentation-eudec\/","title":{"rendered":"L&#8217;\u00e9ducation d\u00e9mocratique"},"content":{"rendered":"<p style=\"text-align: left;\"><span style=\"color: #000000;\">L&#8217;association participe au mouvement international en faveur de l&#8217;\u00e9ducation d\u00e9mocratique. Nous sommes membre de l&#8217;organisation europ\u00e9enne EUDEC.<\/span><span style=\"color: #000000;\"><br \/>\nVoici une pr\u00e9sentation que nous avons traduite en fran\u00e7ais.<\/span><\/p>\n<p><img loading=\"lazy\" class=\"aligncenter size-large wp-image-1487\" title=\"Heckenbeck_16\" src=\"http:\/\/ecoledelacroiseedeschemins.fr\/wp-content\/uploads\/2014\/06\/Heckenbeck_16-1024x576.jpg\" alt=\"\" width=\"640\" height=\"360\" srcset=\"https:\/\/ecoledelacroiseedeschemins.fr\/wp-content\/uploads\/2014\/06\/Heckenbeck_16-1024x576.jpg 1024w, https:\/\/ecoledelacroiseedeschemins.fr\/wp-content\/uploads\/2014\/06\/Heckenbeck_16-300x168.jpg 300w, https:\/\/ecoledelacroiseedeschemins.fr\/wp-content\/uploads\/2014\/06\/Heckenbeck_16-600x337.jpg 600w, https:\/\/ecoledelacroiseedeschemins.fr\/wp-content\/uploads\/2014\/06\/Heckenbeck_16.jpg 1920w\" sizes=\"(max-width: 640px) 100vw, 640px\" \/><\/p>\n<h1 style=\"text-align: center;\"><strong>Pr\u00eat \u00e0 changer de regard sur l&#8217;\u00e9ducation ?<\/strong><\/h1>\n<blockquote>\n<h3><span style=\"color: #000000;\">\u00ab\u00a0Dans un monde en mouvement, \u00e9duquer c&#8217;est permettre aux jeunes d&#8217;acqu\u00e9rir les outils et les forces n\u00e9cessaires pour apprendre par eux-m\u00eames tout au long de leur vie.\u00a0\u00bb<\/span><\/h3>\n<\/blockquote>\n<p><span style=\"color: #000000;\">Les \u00e9l\u00e8ves d&#8217;aujourd&#8217;hui travailleront demain dans des activit\u00e9s qui n&#8217;existent peut-\u00eatre pas encore, avec des outils que nous ne pouvons m\u00eame pas imaginer, et pourtant la plupart des enfants re\u00e7oivent une \u00e9ducation qui habitue plus aux certitudes qu&#8217;\u00e0 la nouveaut\u00e9.<\/span><\/p>\n<blockquote>\n<h3><span style=\"color: #000000;\">\u00ab\u00a0Une \u00e9ducation faite pour une diversit\u00e9 d&#8217;individus apporte \u00e0 tous les enfants un m\u00eame soutien au d\u00e9veloppement de leur potentiel \u00e0 partir de leurs centres d&#8217;int\u00e9r\u00eats.\u00a0\u00bb<\/span><\/h3>\n<\/blockquote>\n<p><span style=\"color: #000000;\">Les enfants ont des centres d&#8217;int\u00e9r\u00eats, des besoins, un parcours, des fa\u00e7ons d&#8217;apprendre qui leur sont propres. Dans notre syst\u00e8me \u00e9ducatif standardis\u00e9, beaucoup de jeunes finissent par d\u00e9crocher, par \u00eatre stigmatis\u00e9s, ou se retrouvent dans des fili\u00e8res sp\u00e9cialis\u00e9es.<\/span><\/p>\n<p><img loading=\"lazy\" class=\"aligncenter size-large wp-image-1490\" title=\"Eudec2012_9\" src=\"http:\/\/ecoledelacroiseedeschemins.fr\/wp-content\/uploads\/2014\/06\/Eudec2012_9-1024x576.jpg\" alt=\"\" width=\"640\" height=\"360\" srcset=\"https:\/\/ecoledelacroiseedeschemins.fr\/wp-content\/uploads\/2014\/06\/Eudec2012_9-1024x576.jpg 1024w, https:\/\/ecoledelacroiseedeschemins.fr\/wp-content\/uploads\/2014\/06\/Eudec2012_9-300x168.jpg 300w, https:\/\/ecoledelacroiseedeschemins.fr\/wp-content\/uploads\/2014\/06\/Eudec2012_9-600x337.jpg 600w, https:\/\/ecoledelacroiseedeschemins.fr\/wp-content\/uploads\/2014\/06\/Eudec2012_9.jpg 1920w\" sizes=\"(max-width: 640px) 100vw, 640px\" \/><\/p>\n<blockquote>\n<h2><span style=\"color: #000000;\">Un mod\u00e8le qui a fait ses preuves :<br \/>\nl&#8217;\u00e9ducation d\u00e9mocratique<\/span><\/h2>\n<\/blockquote>\n<p><strong><span style=\"color: #000000;\">Un environnement \u00e9ducatif qui est bas\u00e9 sur la confiance et le respect plut\u00f4t que sur les punitions et les r\u00e9compenses.<\/span><\/strong><\/p>\n<blockquote>\n<h3><span style=\"color: #000000;\">D\u00e9cider par soi-m\u00eame de ses apprentissages<\/span><\/h3>\n<\/blockquote>\n<p><span style=\"color: #000000;\"><span style=\"color: #000000;\">Les sciences de l&#8217;\u00e9ducation ont montr\u00e9 que l&#8217;apprentissage est plus efficace lorsqu&#8217;il vient de l&#8217;enfant lui-m\u00eame \u2013\u00a0<span style=\"color: #000000;\"><span style=\"color: #000000;\">c&#8217;est pourquoi dans les \u00e9coles d\u00e9mocratiques, les \u00e9tudiants choisissent ce qu&#8217;ils souhaitent apprendre, quand, o\u00f9, comment et avec qui<\/span>.<\/span><\/span><\/span><\/p>\n<blockquote><p><span style=\"color: #000000;\">\u00ab\u00a0Les jeunes font l&#8217;exp\u00e9rience qu&#8217;apprendre peut \u00eatre une qu\u00eate excitante aliment\u00e9e par leur curiosit\u00e9 naturelle et leurs centres d&#8217;int\u00e9r\u00eat.\u00a0\u00bb<\/span><\/p>\n<h3><span style=\"color: #000000;\">Prendre ensemble les d\u00e9cisions<\/span><\/h3>\n<\/blockquote>\n<p><span style=\"color: #000000;\"><span style=\"color: #000000;\">Dans les \u00e9coles d\u00e9mocratiques, tous les membres sont sur un pied d&#8217;\u00e9galit\u00e9. Lors des assembl\u00e9es d&#8217;\u00e9cole, les \u00e9tudiants et l&#8217;\u00e9quipe ont une voix \u00e9quivalente dans les processus de d\u00e9cision concernant l&#8217;organisation de l&#8217;\u00e9cole \u2013 tant au sujet des r\u00e8gles de l&#8217;\u00e9cole, que du programme, des projets, du recrutement des intervenants, ou m\u00eame de l&#8217;utilisation de l&#8217;argent.<\/span><\/span><\/p>\n<p><img loading=\"lazy\" class=\"aligncenter size-large wp-image-1489\" title=\"Heckenbeck_4-recadre\" src=\"http:\/\/ecoledelacroiseedeschemins.fr\/wp-content\/uploads\/2014\/06\/Heckenbeck_4-recadre-1024x517.jpg\" alt=\"\" width=\"640\" height=\"323\" srcset=\"https:\/\/ecoledelacroiseedeschemins.fr\/wp-content\/uploads\/2014\/06\/Heckenbeck_4-recadre-1024x517.jpg 1024w, https:\/\/ecoledelacroiseedeschemins.fr\/wp-content\/uploads\/2014\/06\/Heckenbeck_4-recadre-300x151.jpg 300w, https:\/\/ecoledelacroiseedeschemins.fr\/wp-content\/uploads\/2014\/06\/Heckenbeck_4-recadre-600x303.jpg 600w, https:\/\/ecoledelacroiseedeschemins.fr\/wp-content\/uploads\/2014\/06\/Heckenbeck_4-recadre.jpg 1917w\" sizes=\"(max-width: 640px) 100vw, 640px\" \/><\/p>\n<blockquote>\n<h2><span style=\"color: #000000;\">Qu&#8217;est-ce que l&#8217;EUDEC ?<\/span><\/h2>\n<\/blockquote>\n<ul>\n<li><span style=\"color: #000000;\">Soutenir la cr\u00e9ation d&#8217;\u00e9coles<\/span><\/li>\n<li><span style=\"color: #000000;\">R\u00e9seautage et \u00e9changes<\/span><\/li>\n<li><span style=\"color: #000000;\">Partenariat entre \u00e9coles<\/span><\/li>\n<li><span style=\"color: #000000;\">Conf\u00e9rences<\/span><\/li>\n<li><span style=\"color: #000000;\">Plaidoyer<\/span><\/li>\n<li><span style=\"color: #000000;\">Dipl\u00f4me de l&#8217;EUDEC<\/span><\/li>\n<\/ul>\n<p><span style=\"color: #000000;\"><span style=\"color: #000000;\">La Communaut\u00e9 Europ\u00e9enne pour l\u2019\u00c9ducation D\u00e9mocratique est une organisation \u00e0 but non-lucratif qui \u0153uvre \u00e0 soutenir le mouvement pour l&#8217;\u00e9ducation d\u00e9mocratique. En quelques ann\u00e9es seulement, nous sommes pass\u00e9s d&#8217;un petit groupe d&#8217;\u00e9coles \u00e0 une organisation dynamique g\u00e9r\u00e9e par ses adh\u00e9rents, au sein de laquelle sont repr\u00e9sent\u00e9s chacun des principaux pays europ\u00e9ens.<\/span><\/span><\/p>\n<p><span style=\"color: #000000;\">Nos membres sont des enseignants, des \u00e9tudiants, des parents, des \u00e9coles, des groupes porteurs de projets d&#8217;\u00e9cole, et des organisations. Certains de ses membres ont des d\u00e9cennies d&#8217;exp\u00e9rience dans le domaine de l&#8217;\u00e9ducation d\u00e9mocratique. D&#8217;autres nous rejoignent pour soutenir notre d\u00e9veloppement, profiter du dynamisme de notre communaut\u00e9, ou d\u00e9couvrir l&#8217;\u00e9ducation d\u00e9mocratique comme une option pour eux-m\u00eames, pour leurs enfants, ou leur \u00e9tudiants.<\/span><\/p>\n<figure id=\"attachment_730\" aria-describedby=\"caption-attachment-730\" style=\"width: 300px\" class=\"wp-caption aligncenter\"><a href=\"http:\/\/ecoledelacroiseedeschemins.fr\/wp-content\/uploads\/2012\/07\/Logo-Eudec.png\"><img loading=\"lazy\" class=\"size-medium wp-image-730\" title=\"Logo Eudec\" src=\"http:\/\/ecoledelacroiseedeschemins.fr\/wp-content\/uploads\/2012\/07\/Logo-Eudec-300x300.png\" alt=\"\" width=\"300\" height=\"300\" srcset=\"https:\/\/ecoledelacroiseedeschemins.fr\/wp-content\/uploads\/2012\/07\/Logo-Eudec-300x300.png 300w, https:\/\/ecoledelacroiseedeschemins.fr\/wp-content\/uploads\/2012\/07\/Logo-Eudec-150x150.png 150w, https:\/\/ecoledelacroiseedeschemins.fr\/wp-content\/uploads\/2012\/07\/Logo-Eudec.png 400w\" sizes=\"(max-width: 300px) 100vw, 300px\" \/><\/a><figcaption id=\"caption-attachment-730\" class=\"wp-caption-text\">l<\/figcaption><\/figure>\n<h3><strong><span style=\"color: #000000;\">Restons en contact !<\/span><\/strong><\/h3>\n<p><span style=\"color: #000000;\">Rejoignez-nous ! Les membres de l&#8217;EUDEC restent en lien gr\u00e2ce \u00e0 :<\/span><\/p>\n<ul>\n<li><span style=\"color: #000000;\">des conf\u00e9rences, des s\u00e9minaires et autres \u00e9v\u00e9nements<\/span><\/li>\n<li><span style=\"color: #000000;\">des lettres d&#8217;information<\/span><\/li>\n<li><span style=\"color: #000000;\">un site internet anim\u00e9 collectivement<\/span><\/li>\n<li><span style=\"color: #000000;\">des forums en ligne<\/span><\/li>\n<li><span style=\"color: #000000;\">des listes de diffusion<\/span><\/li>\n<\/ul>\n<p><span style=\"color: #000000;\">Si vous \u00eates impliqu\u00e9s dans des \u00e9v\u00e9nements ou des projets en lien avec l&#8217;\u00e9ducation d\u00e9mocratique, ou si vous voulez en savoir plus sur ce qui se passe pr\u00e8s de chez vous, alors contactez-nous.<\/span><\/p>\n<p><span style=\"color: #000000;\"><span style=\"color: #000000;\">Ne soyez pas timides \u2013\u00a0et osez un premier pas pour d\u00e9couvrir quels sont les avantages de l&#8217;\u00e9ducation d\u00e9mocratique pour les \u00e9tudiants et pour la soci\u00e9t\u00e9.<\/span><\/span><\/p>\n<p><span style=\"color: #000000;\"><span style=\"color: #000000;\">EUDEC e.V.\u00a0\u00a0\u00a0\u00a0\u00a0\u00a0\u00a0\u00a0\u00a0\u00a0\u00a0\u00a0\u00a0 Communaut\u00e9 Europ\u00e9enne pour l\u2019\u00c9ducation D\u00e9mocratique<\/span><\/span><\/p>\n<ul>\n<li><span style=\"color: #000000;\">m\u00e8l : info@eudec.org <\/span><\/li>\n<li><span style=\"color: #000000;\">web : <a href=\"http:\/\/www.eudec.org\" target=\"_blank\">www.eudec.org<\/a><br \/>\n<\/span><\/li>\n<li><span style=\"color: #000000;\">Twitter @eudec.org <\/span><\/li>\n<li><a href=\"http:\/\/facebook.com\/EUDEC\" target=\"_blank\"><span style=\"color: #000000;\">facebook.com\/EUDEC<\/span><\/a><\/li>\n<\/ul>\n<p><span style=\"color: #000000;\">Merci \u00e0 Thomas M\u00f6ller pour les photos issues du tournage de son film documentaire : &#8220;<a href=\"https:\/\/www.youtube.com\/watch?v=pfHrgRITnVM\" target=\"_blank\">Schools of Trust<\/a>&#8220;.<\/span><\/p>\n","protected":false},"excerpt":{"rendered":"<p>L&#8217;association participe au mouvement international en faveur de l&#8217;\u00e9ducation d\u00e9mocratique. Nous sommes membre de l&#8217;organisation europ\u00e9enne EUDEC. Voici une pr\u00e9sentation que nous avons traduite en fran\u00e7ais. Pr\u00eat \u00e0 changer de regard sur l&#8217;\u00e9ducation ? \u00ab\u00a0Dans un monde en mouvement, \u00e9duquer c&#8217;est permettre aux jeunes d&#8217;acqu\u00e9rir les outils et les forces n\u00e9cessaires pour apprendre par eux-m\u00eames &hellip; <a href=\"https:\/\/ecoledelacroiseedeschemins.fr\/en\/presentation-eudec\/\" class=\"more-link\">Continue reading <span class=\"screen-reader-text\">L&#8217;\u00e9ducation d\u00e9mocratique<\/span> <span class=\"meta-nav\">&rarr;<\/span><\/a><\/p>\n","protected":false},"author":14,"featured_media":0,"parent":0,"menu_order":5,"comment_status":"closed","ping_status":"closed","template":"","meta":{"ngg_post_thumbnail":0},"_links":{"self":[{"href":"https:\/\/ecoledelacroiseedeschemins.fr\/en\/wp-json\/wp\/v2\/pages\/1480"}],"collection":[{"href":"https:\/\/ecoledelacroiseedeschemins.fr\/en\/wp-json\/wp\/v2\/pages"}],"about":[{"href":"https:\/\/ecoledelacroiseedeschemins.fr\/en\/wp-json\/wp\/v2\/types\/page"}],"author":[{"embeddable":true,"href":"https:\/\/ecoledelacroiseedeschemins.fr\/en\/wp-json\/wp\/v2\/users\/14"}],"replies":[{"embeddable":true,"href":"https:\/\/ecoledelacroiseedeschemins.fr\/en\/wp-json\/wp\/v2\/comments?post=1480"}],"version-history":[{"count":0,"href":"https:\/\/ecoledelacroiseedeschemins.fr\/en\/wp-json\/wp\/v2\/pages\/1480\/revisions"}],"wp:attachment":[{"href":"https:\/\/ecoledelacroiseedeschemins.fr\/en\/wp-json\/wp\/v2\/media?parent=1480"}],"curies":[{"name":"wp","href":"https:\/\/api.w.org\/{rel}","templated":true}]}}