{"id":1538,"date":"2014-06-09T10:26:57","date_gmt":"2014-06-09T09:26:57","guid":{"rendered":"http:\/\/ecoledelacroiseedeschemins.fr\/?page_id=1538"},"modified":"2014-07-14T14:56:23","modified_gmt":"2014-07-14T13:56:23","slug":"accompagnement-de-projet","status":"publish","type":"page","link":"https:\/\/ecoledelacroiseedeschemins.fr\/en\/formation\/accompagnement-de-projet\/","title":{"rendered":"Accompagnement de projet"},"content":{"rendered":"<p><span style=\"color: #000000;\">Vous avez besoin d&#8217;un accompagnement personnalis\u00e9 pour vos projets, votre pratique professionnelle, ou une intervention dans un groupe ?<\/span><\/p>\n<p><span style=\"color: #000000;\">D\u00e9couvrez nos propositions :<\/span><\/p>\n<ul>\n<li><span style=\"color: #000000;\"><a title=\"Accompagnement de projet avec Thomas Marshall\" href=\"http:\/\/ecoledelacroiseedeschemins.fr\/formation\/accompagnement-de-projet\/accompagnement-marshall\/\">Accompagnement de projet avec Thomas Marshall<\/a>, accr\u00e9dit\u00e9 par le Centre Fran\u00e7ais de Sociocratie<br \/>\nEntretiens individuels (rencontres, \u00e9changes par t\u00e9l\u00e9phone) ou interventions avec un groupe.<br \/>\n<\/span><\/li>\n<li><span style=\"color: #000000;\"><a title=\"Accompagnement de projet et d\u00e9veloppement professionnel\" href=\"http:\/\/ecoledelacroiseedeschemins.fr\/formation\/accompagnement-de-projet\/accompagnement-projet-developpement-professionnel\/\">Accompagnement de projet et d\u00e9veloppement professionnel<\/a> :<\/span><br \/>\n<span style=\"color: #000000;\">Entretiens en individuel propos\u00e9s par Fleur Mathet-Jolly, facilitatrice et psychopraticienne.<\/span><\/li>\n<\/ul>\n<p><span style=\"color: #000000;\">Nous vous en souhaitons bonne lecture.<\/span><\/p>\n<p>&nbsp;<\/p>\n","protected":false},"excerpt":{"rendered":"<p>Vous avez besoin d&#8217;un accompagnement personnalis\u00e9 pour vos projets, votre pratique professionnelle, ou une intervention dans un groupe ? D\u00e9couvrez nos propositions : Accompagnement de projet avec Thomas Marshall, accr\u00e9dit\u00e9 par le Centre Fran\u00e7ais de Sociocratie Entretiens individuels (rencontres, \u00e9changes par t\u00e9l\u00e9phone) ou interventions avec un groupe. Accompagnement de projet et d\u00e9veloppement professionnel : Entretiens &hellip; <a href=\"https:\/\/ecoledelacroiseedeschemins.fr\/en\/formation\/accompagnement-de-projet\/\" class=\"more-link\">Continue reading <span class=\"screen-reader-text\">Accompagnement de projet<\/span> <span class=\"meta-nav\">&rarr;<\/span><\/a><\/p>\n","protected":false},"author":14,"featured_media":0,"parent":11,"menu_order":11,"comment_status":"closed","ping_status":"closed","template":"","meta":{"ngg_post_thumbnail":0},"_links":{"self":[{"href":"https:\/\/ecoledelacroiseedeschemins.fr\/en\/wp-json\/wp\/v2\/pages\/1538"}],"collection":[{"href":"https:\/\/ecoledelacroiseedeschemins.fr\/en\/wp-json\/wp\/v2\/pages"}],"about":[{"href":"https:\/\/ecoledelacroiseedeschemins.fr\/en\/wp-json\/wp\/v2\/types\/page"}],"author":[{"embeddable":true,"href":"https:\/\/ecoledelacroiseedeschemins.fr\/en\/wp-json\/wp\/v2\/users\/14"}],"replies":[{"embeddable":true,"href":"https:\/\/ecoledelacroiseedeschemins.fr\/en\/wp-json\/wp\/v2\/comments?post=1538"}],"version-history":[{"count":0,"href":"https:\/\/ecoledelacroiseedeschemins.fr\/en\/wp-json\/wp\/v2\/pages\/1538\/revisions"}],"up":[{"embeddable":true,"href":"https:\/\/ecoledelacroiseedeschemins.fr\/en\/wp-json\/wp\/v2\/pages\/11"}],"wp:attachment":[{"href":"https:\/\/ecoledelacroiseedeschemins.fr\/en\/wp-json\/wp\/v2\/media?parent=1538"}],"curies":[{"name":"wp","href":"https:\/\/api.w.org\/{rel}","templated":true}]}}