{"id":1593,"date":"2014-06-12T14:34:43","date_gmt":"2014-06-12T13:34:43","guid":{"rendered":"http:\/\/ecoledelacroiseedeschemins.fr\/?page_id=1593"},"modified":"2014-06-12T14:58:27","modified_gmt":"2014-06-12T13:58:27","slug":"a-propos","status":"publish","type":"page","link":"https:\/\/ecoledelacroiseedeschemins.fr\/en\/a-propos\/","title":{"rendered":"A propos"},"content":{"rendered":"<p>Nous compl\u00e9terons cette rubrique au fur et \u00e0 mesure avec :<\/p>\n<ul>\n<li>Une revue de presse sur notre association<\/li>\n<li>Des liens vers des sites, des livres et des vid\u00e9os que nous trouvons int\u00e9ressants<\/li>\n<\/ul>\n<p><span style=\"color: #000000;\">Vos suggestions sont les bienvenues !<\/span><\/p>\n","protected":false},"excerpt":{"rendered":"<p>Nous compl\u00e9terons cette rubrique au fur et \u00e0 mesure avec : Une revue de presse sur notre association Des liens vers des sites, des livres et des vid\u00e9os que nous trouvons int\u00e9ressants Vos suggestions sont les bienvenues !<\/p>\n","protected":false},"author":14,"featured_media":0,"parent":0,"menu_order":7,"comment_status":"closed","ping_status":"closed","template":"","meta":{"ngg_post_thumbnail":0},"_links":{"self":[{"href":"https:\/\/ecoledelacroiseedeschemins.fr\/en\/wp-json\/wp\/v2\/pages\/1593"}],"collection":[{"href":"https:\/\/ecoledelacroiseedeschemins.fr\/en\/wp-json\/wp\/v2\/pages"}],"about":[{"href":"https:\/\/ecoledelacroiseedeschemins.fr\/en\/wp-json\/wp\/v2\/types\/page"}],"author":[{"embeddable":true,"href":"https:\/\/ecoledelacroiseedeschemins.fr\/en\/wp-json\/wp\/v2\/users\/14"}],"replies":[{"embeddable":true,"href":"https:\/\/ecoledelacroiseedeschemins.fr\/en\/wp-json\/wp\/v2\/comments?post=1593"}],"version-history":[{"count":0,"href":"https:\/\/ecoledelacroiseedeschemins.fr\/en\/wp-json\/wp\/v2\/pages\/1593\/revisions"}],"wp:attachment":[{"href":"https:\/\/ecoledelacroiseedeschemins.fr\/en\/wp-json\/wp\/v2\/media?parent=1593"}],"curies":[{"name":"wp","href":"https:\/\/api.w.org\/{rel}","templated":true}]}}