{"id":1595,"date":"2014-06-12T14:50:28","date_gmt":"2014-06-12T13:50:28","guid":{"rendered":"http:\/\/ecoledelacroiseedeschemins.fr\/?page_id=1595"},"modified":"2016-09-06T20:15:35","modified_gmt":"2016-09-06T18:15:35","slug":"revue-de-presse","status":"publish","type":"page","link":"https:\/\/ecoledelacroiseedeschemins.fr\/en\/a-propos\/revue-de-presse\/","title":{"rendered":"Revue de presse"},"content":{"rendered":"<p><\/p>\n<p style=\"text-align: center;\"><span style=\"color: #000000;\">Le Bien Public a consacr\u00e9 un article d&#8217;une page \u00e0 l&#8217;ouverture de l\u2019\u00c9cole de la Crois\u00e9e des Chemins, \u00e0 la une de son \u00e9dition du 26 mai 2014.<\/span><br \/>\n<a href=\"http:\/\/ecoledelacroiseedeschemins.fr\/wp-content\/uploads\/2014\/06\/article-BP-26mai2014.pdf\" target=\"_blank\">Document pdf \u00e0 consulter ou \u00e0 t\u00e9l\u00e9charger<\/a><\/p>\n<p style=\"text-align: center;\"><a href=\"http:\/\/ecoledelacroiseedeschemins.fr\/wp-content\/uploads\/2014\/06\/une-BienPublic-26mai2014.jpg\"><img loading=\"lazy\" class=\"wp-image-1597 aligncenter\" title=\"une-BienPublic-26mai2014\" src=\"http:\/\/ecoledelacroiseedeschemins.fr\/wp-content\/uploads\/2014\/06\/une-BienPublic-26mai2014-1024x961.jpg\" alt=\"&quot;L'\u00e9cole des jeunes&quot;\" width=\"640\" height=\"600\" srcset=\"https:\/\/ecoledelacroiseedeschemins.fr\/wp-content\/uploads\/2014\/06\/une-BienPublic-26mai2014-1024x961.jpg 1024w, https:\/\/ecoledelacroiseedeschemins.fr\/wp-content\/uploads\/2014\/06\/une-BienPublic-26mai2014-300x281.jpg 300w, https:\/\/ecoledelacroiseedeschemins.fr\/wp-content\/uploads\/2014\/06\/une-BienPublic-26mai2014-600x563.jpg 600w, https:\/\/ecoledelacroiseedeschemins.fr\/wp-content\/uploads\/2014\/06\/une-BienPublic-26mai2014.jpg 1980w\" sizes=\"(max-width: 640px) 100vw, 640px\" \/><\/a><\/p>\n<p style=\"text-align: center;\"><span style=\"color: #000000;\">Le Journal du Palais, hebdomadaire r\u00e9gional d&#8217;information \u00e9conomique, a consacr\u00e9 un article \u00e0 notre association le 26 juin 2014. Cliquez sur l&#8217;image pour l&#8217;afficher en grand.<\/span><\/p>\n<p style=\"text-align: center;\"><a href=\"http:\/\/ecoledelacroiseedeschemins.fr\/wp-content\/uploads\/2014\/06\/journal_du_palais-23juin2014.jpg\"><img loading=\"lazy\" class=\"aligncenter size-thumbnail wp-image-1789\" title=\"journal_du_palais-23juin2014\" src=\"http:\/\/ecoledelacroiseedeschemins.fr\/wp-content\/uploads\/2014\/06\/journal_du_palais-23juin2014-150x150.jpg\" alt=\"\" width=\"150\" height=\"150\" \/><\/a><\/p>\n<p style=\"text-align: center;\"><span style=\"color: #000000;\">En janvier 2014, notre projet a \u00e9t\u00e9 pr\u00e9sent\u00e9 dans la revue Sources, parmi quelques &#8220;projets innovants&#8221; embl\u00e9matiques retenus par l&#8217;association nationale<\/span> <a href=\"http:\/\/www.printemps-education.org\" target=\"_blank\">le Printemps de l&#8217;Education<\/a><span style=\"color: #000000;\">.<\/span><br \/>\n<span style=\"color: #000000;\">Cliquez sur l&#8217;image pour l&#8217;afficher en grand.<\/span><\/p>\n<p style=\"text-align: center;\"><a href=\"http:\/\/ecoledelacroiseedeschemins.fr\/wp-content\/uploads\/2014\/06\/Sources-dossier-janv2014.jpg\"><img loading=\"lazy\" class=\"aligncenter size-medium wp-image-1790\" title=\"Sources dossier janv2014\" src=\"http:\/\/ecoledelacroiseedeschemins.fr\/wp-content\/uploads\/2014\/06\/Sources-dossier-janv2014-210x300.jpg\" alt=\"\" width=\"210\" height=\"300\" srcset=\"https:\/\/ecoledelacroiseedeschemins.fr\/wp-content\/uploads\/2014\/06\/Sources-dossier-janv2014-210x300.jpg 210w, https:\/\/ecoledelacroiseedeschemins.fr\/wp-content\/uploads\/2014\/06\/Sources-dossier-janv2014-719x1024.jpg 719w, https:\/\/ecoledelacroiseedeschemins.fr\/wp-content\/uploads\/2014\/06\/Sources-dossier-janv2014-600x853.jpg 600w, https:\/\/ecoledelacroiseedeschemins.fr\/wp-content\/uploads\/2014\/06\/Sources-dossier-janv2014.jpg 1192w\" sizes=\"(max-width: 210px) 100vw, 210px\" \/><\/a><a href=\"http:\/\/ecoledelacroiseedeschemins.fr\/wp-content\/uploads\/2014\/06\/Sources-article-janv2014.jpg\"><img loading=\"lazy\" class=\"aligncenter size-thumbnail wp-image-1791\" title=\"Sources article janv2014\" src=\"http:\/\/ecoledelacroiseedeschemins.fr\/wp-content\/uploads\/2014\/06\/Sources-article-janv2014-150x150.jpg\" alt=\"\" width=\"150\" height=\"150\" \/><\/a><\/p>\n<p><span style=\"color: #000000;\">\u00a0Nous avons actualis\u00e9 cet article \u00e0 la demande du Printemps de l&#8217;\u00c9ducation, et il a \u00e9t\u00e9 publi\u00e9 sur leur site internet\u00a0 le 3 septembre 2014 :<\/span><br \/>\n&#8220;<a href=\"http:\/\/www.printemps-education.org\/lecole-de-la-croisee-des-chemins-un-lieu-innovant\/\" target=\"_blank\">L&#8217;Ecole de la Crois\u00e9e des Chemins, un lieu innovant<\/a>&#8221;<\/p>\n<p>Le magazine en ligne du Mouvement Colibris a publi\u00e9 un article \u00e0 propos de notre formation \u00e0 la facilitation de l&#8217;apprentissage :<br \/>\n<a href=\"http:\/\/www.colibris-lemouvement.org\/webzine\/projets\/ecole-de-la-croisee-des-chemins-dijon\">http:\/\/www.colibris-lemouvement.org\/webzine\/projets\/ecole-de-la-croisee-des-chemins-dijon<\/a><\/p>","protected":false},"excerpt":{"rendered":"<p>Le Bien Public a consacr\u00e9 un article d&#8217;une page \u00e0 l&#8217;ouverture de l\u2019\u00c9cole de la Crois\u00e9e des Chemins, \u00e0 la une de son \u00e9dition du 26 mai 2014. Document pdf \u00e0 consulter ou \u00e0 t\u00e9l\u00e9charger Le Journal du Palais, hebdomadaire r\u00e9gional d&#8217;information \u00e9conomique, a consacr\u00e9 un article \u00e0 notre association le 26 juin 2014. Cliquez &hellip; <a href=\"https:\/\/ecoledelacroiseedeschemins.fr\/en\/a-propos\/revue-de-presse\/\" class=\"more-link\">Continue reading <span class=\"screen-reader-text\">Revue de presse<\/span> <span class=\"meta-nav\">&rarr;<\/span><\/a><\/p>\n","protected":false},"author":14,"featured_media":0,"parent":1593,"menu_order":1,"comment_status":"closed","ping_status":"closed","template":"","meta":{"ngg_post_thumbnail":0},"_links":{"self":[{"href":"https:\/\/ecoledelacroiseedeschemins.fr\/en\/wp-json\/wp\/v2\/pages\/1595"}],"collection":[{"href":"https:\/\/ecoledelacroiseedeschemins.fr\/en\/wp-json\/wp\/v2\/pages"}],"about":[{"href":"https:\/\/ecoledelacroiseedeschemins.fr\/en\/wp-json\/wp\/v2\/types\/page"}],"author":[{"embeddable":true,"href":"https:\/\/ecoledelacroiseedeschemins.fr\/en\/wp-json\/wp\/v2\/users\/14"}],"replies":[{"embeddable":true,"href":"https:\/\/ecoledelacroiseedeschemins.fr\/en\/wp-json\/wp\/v2\/comments?post=1595"}],"version-history":[{"count":0,"href":"https:\/\/ecoledelacroiseedeschemins.fr\/en\/wp-json\/wp\/v2\/pages\/1595\/revisions"}],"up":[{"embeddable":true,"href":"https:\/\/ecoledelacroiseedeschemins.fr\/en\/wp-json\/wp\/v2\/pages\/1593"}],"wp:attachment":[{"href":"https:\/\/ecoledelacroiseedeschemins.fr\/en\/wp-json\/wp\/v2\/media?parent=1595"}],"curies":[{"name":"wp","href":"https:\/\/api.w.org\/{rel}","templated":true}]}}