{"id":1779,"date":"2014-07-02T09:48:33","date_gmt":"2014-07-02T08:48:33","guid":{"rendered":"http:\/\/ecoledelacroiseedeschemins.fr\/?page_id=1779"},"modified":"2014-08-05T10:01:34","modified_gmt":"2014-08-05T09:01:34","slug":"communiques-a-diffuser","status":"publish","type":"page","link":"https:\/\/ecoledelacroiseedeschemins.fr\/en\/a-propos\/communiques-a-diffuser\/","title":{"rendered":"Communiqu\u00e9s \u00e0 diffuser"},"content":{"rendered":"<h3><span style=\"color: #000000;\">Pour nous aider \u00e0 faire conna\u00eetre l&#8217;association, tant aupr\u00e8s de vos amis que par l&#8217;interm\u00e9diaire de diff\u00e9rents m\u00e9dias, vous pouvez utiliser ces diff\u00e9rentes ressources :<\/span><\/h3>\n<ul>\n<li><span style=\"color: #000000;\">Quelques lignes pour diffusion par courriel, sur les r\u00e9seaux sociaux&#8230;\u00a0<\/span><\/li>\n<\/ul>\n<p><span style=\"color: #000000;\"><strong>Une \u00e9cole d\u00e9mocratique pour les jeunes de 4 \u00e0 19 ans a ouvert \u00e0 Dijon<\/strong><\/span><span style=\"color: #000000;\"><br \/>\nDepuis mai dernier, l&#8217;association Ecole de la Crois\u00e9e des Chemins met en pratique une vision atypique de l&#8217;\u00e9ducation, dans le cadre d&#8217;un \u00e9tablissement priv\u00e9 hors contrat. Ce projet hybride diff\u00e9rentes sources d&#8217;inspiration : l&#8217;approche centr\u00e9e sur la personne, initi\u00e9e par le psychologue Carl Rogers ; les \u00e9coles d\u00e9mocratiques, telles Summerhill ou encore Sudbury Valley, qui constituent un mouvement international dynamique ; des m\u00e9thodes comme la communication non-violente, la sociocratie&#8230; Et les enfants peuvent aussi en profiter pendant les vacances, dans le cadre d&#8217;un accueil de loisirs.<\/span><br \/>\n<span style=\"color: #000000;\">En savoir plus : <a href=\"http:\/\/www.ecoledelacroiseedeschemins.fr\" target=\"_blank\">http:\/\/www.ecoledelacroiseedeschemins.fr<\/a><\/span><br \/>\n<span style=\"color: #000000;\"><strong><br \/>\nDes formations \u00e0 vivre, \u00e0 l\u2019\u00c9cole de la Crois\u00e9e des Chemins<\/strong><\/span><br \/>\n<span style=\"color: #000000;\">Pour transformer l&#8217;\u00e9ducation, l&#8217;association met en place des formations destin\u00e9es aux adultes interpell\u00e9s par ce que nous mettons en \u0153uvre dans le cadre de notre projet. Des journ\u00e9es de d\u00e9couverte sont organis\u00e9es les 6 et 7 septembre, pour permettre \u00e0 chacun-e de composer \u00e0 la carte, selon ses besoins, un parcours parmi nos propositions.<\/span><br \/>\n<a href=\"http:\/\/ecoledelacroiseedeschemins.fr\/formation\/journees-decouverte-formations\/\" target=\"_blank\"><span style=\"color: #000000;\">http:\/\/ecoledelacroiseedeschemins.fr\/formation\/journees-decouverte-formations\/<\/span><\/a><br \/>\n<span style=\"color: #000000;\">Les 26 et 27 juillet a eu lieu la premi\u00e8re session de &#8220;cr\u00e9er l&#8217;\u00e9cole de mes r\u00eaves&#8221; : un atelier propos\u00e9 aux personnes qui souhaitent \u00eatre accompagn\u00e9es dans la cr\u00e9ation et la mise en \u0153uvre d&#8217;un projet d&#8217;\u00e9cole, quelle que soit leur optique p\u00e9dagogique.<\/span> <span style=\"color: #000000;\">Une nouvelle date est \u00e0 pr\u00e9voir pour r\u00e9pondre aux demandes.<\/span><br \/>\n<a href=\"http:\/\/ecoledelacroiseedeschemins.fr\/formation\/creer-lecole-de-mes-reves\/ \" target=\"_blank\"><span style=\"color: #000000;\">http:\/\/ecoledelacroiseedeschemins.fr\/formation\/creer-lecole-de-mes-reves\/ <\/span><\/a><\/p>\n<ul>\n<li><span style=\"color: #000000;\">rejoindre notre page Facebook<\/span><\/li>\n<\/ul>\n<p><strong><span style=\"color: #000000;\">T\u00e9l\u00e9charger :<br \/>\n<\/span><\/strong><\/p>\n<ul>\n<li><span style=\"color: #000000;\">un<\/span> <a href=\"http:\/\/ecoledelacroiseedeschemins.fr\/wp-content\/uploads\/2014\/07\/Communiqu\u00e9-national.pdf\" target=\"_blank\">communiqu\u00e9<\/a> <span style=\"color: #000000;\">pour diffusion nationale (juin 2014)<\/span><\/li>\n<li><span style=\"color: #000000;\">l&#8217;<\/span><a href=\"http:\/\/ecoledelacroiseedeschemins.fr\/wp-content\/uploads\/2014\/07\/Histoire-en-bref.pdf\" target=\"_blank\">histoire en bref du projet<\/a><span style=\"color: #000000;\">, jusqu&#8217;\u00e0 l&#8217;ouverture fin avril 2014<\/span><\/li>\n<li><span style=\"color: #000000;\">un r\u00e9sum\u00e9 de<\/span> <a href=\"http:\/\/ecoledelacroiseedeschemins.fr\/wp-content\/uploads\/2014\/07\/Notre-approche.pdf\" target=\"_blank\">notre approche p\u00e9dagogique<\/a><span style=\"color: #000000;\">, en 2 pages<\/span><\/li>\n<li><span style=\"color: #000000;\">la lettre destin\u00e9e aux <a href=\"http:\/\/ecoledelacroiseedeschemins.fr\/wp-content\/uploads\/2014\/07\/lettre-aux-ecoles.pdf\">\u00e9tablissements d&#8217;enseignement locaux<\/a> (envoi le 2 juillet \u00e0 environ 80 \u00e9coles et coll\u00e8ges publics ou priv\u00e9s)<br \/>\n<\/span><\/li>\n<li><span style=\"color: #000000;\">le visuel de notre carte postale (compos\u00e9 \u00e0 partir de photos d&#8217;\u00e9coles d\u00e9mocratiques en Allemagne)<\/span><\/li>\n<\/ul>\n<p><span style=\"color: #000000;\"><a href=\"http:\/\/ecoledelacroiseedeschemins.fr\/wp-content\/uploads\/2014\/07\/RECTO-CARTE-POSTALE-DROIT1.jpg\"><span style=\"color: #000000;\"><img loading=\"lazy\" class=\"aligncenter  wp-image-1783\" title=\"RECTO CARTE POSTALE\" src=\"http:\/\/ecoledelacroiseedeschemins.fr\/wp-content\/uploads\/2014\/07\/RECTO-CARTE-POSTALE-DROIT1-212x300.jpg\" alt=\"\" width=\"212\" height=\"300\" srcset=\"https:\/\/ecoledelacroiseedeschemins.fr\/wp-content\/uploads\/2014\/07\/RECTO-CARTE-POSTALE-DROIT1-212x300.jpg 212w, https:\/\/ecoledelacroiseedeschemins.fr\/wp-content\/uploads\/2014\/07\/RECTO-CARTE-POSTALE-DROIT1-726x1024.jpg 726w, https:\/\/ecoledelacroiseedeschemins.fr\/wp-content\/uploads\/2014\/07\/RECTO-CARTE-POSTALE-DROIT1-600x845.jpg 600w, https:\/\/ecoledelacroiseedeschemins.fr\/wp-content\/uploads\/2014\/07\/RECTO-CARTE-POSTALE-DROIT1.jpg 1240w\" sizes=\"(max-width: 212px) 100vw, 212px\" \/><\/span><\/a><strong>Merci !<\/strong><\/span><\/p>\n<p>&nbsp;<\/p>\n","protected":false},"excerpt":{"rendered":"<p>Pour nous aider \u00e0 faire conna\u00eetre l&#8217;association, tant aupr\u00e8s de vos amis que par l&#8217;interm\u00e9diaire de diff\u00e9rents m\u00e9dias, vous pouvez utiliser ces diff\u00e9rentes ressources : Quelques lignes pour diffusion par courriel, sur les r\u00e9seaux sociaux&#8230;\u00a0 Une \u00e9cole d\u00e9mocratique pour les jeunes de 4 \u00e0 19 ans a ouvert \u00e0 Dijon Depuis mai dernier, l&#8217;association Ecole &hellip; <a href=\"https:\/\/ecoledelacroiseedeschemins.fr\/en\/a-propos\/communiques-a-diffuser\/\" class=\"more-link\">Continue reading <span class=\"screen-reader-text\">Communiqu\u00e9s \u00e0 diffuser<\/span> <span class=\"meta-nav\">&rarr;<\/span><\/a><\/p>\n","protected":false},"author":14,"featured_media":0,"parent":1593,"menu_order":2,"comment_status":"closed","ping_status":"closed","template":"","meta":{"ngg_post_thumbnail":0},"_links":{"self":[{"href":"https:\/\/ecoledelacroiseedeschemins.fr\/en\/wp-json\/wp\/v2\/pages\/1779"}],"collection":[{"href":"https:\/\/ecoledelacroiseedeschemins.fr\/en\/wp-json\/wp\/v2\/pages"}],"about":[{"href":"https:\/\/ecoledelacroiseedeschemins.fr\/en\/wp-json\/wp\/v2\/types\/page"}],"author":[{"embeddable":true,"href":"https:\/\/ecoledelacroiseedeschemins.fr\/en\/wp-json\/wp\/v2\/users\/14"}],"replies":[{"embeddable":true,"href":"https:\/\/ecoledelacroiseedeschemins.fr\/en\/wp-json\/wp\/v2\/comments?post=1779"}],"version-history":[{"count":0,"href":"https:\/\/ecoledelacroiseedeschemins.fr\/en\/wp-json\/wp\/v2\/pages\/1779\/revisions"}],"up":[{"embeddable":true,"href":"https:\/\/ecoledelacroiseedeschemins.fr\/en\/wp-json\/wp\/v2\/pages\/1593"}],"wp:attachment":[{"href":"https:\/\/ecoledelacroiseedeschemins.fr\/en\/wp-json\/wp\/v2\/media?parent=1779"}],"curies":[{"name":"wp","href":"https:\/\/api.w.org\/{rel}","templated":true}]}}