{"id":1801,"date":"2014-07-14T14:26:12","date_gmt":"2014-07-14T13:26:12","guid":{"rendered":"http:\/\/ecoledelacroiseedeschemins.fr\/?page_id=1801"},"modified":"2014-07-25T20:09:50","modified_gmt":"2014-07-25T19:09:50","slug":"accompagnement-marshall","status":"publish","type":"page","link":"https:\/\/ecoledelacroiseedeschemins.fr\/en\/formation\/accompagnement-de-projet\/accompagnement-marshall\/","title":{"rendered":"Accompagnement de projet avec Thomas Marshall"},"content":{"rendered":"<h3><span style=\"color: #000000;\">A travers des entretiens individuels (rencontres, \u00e9changes par t\u00e9l\u00e9phone) ou des interventions avec un groupe.<\/span><\/h3>\n<h3><span style=\"color: #000000;\">Mon intention est\u00a0 :<\/span><\/h3>\n<ul>\n<li><span style=\"color: #000000;\">d&#8217;instaurer une relation de qualit\u00e9 propice au d\u00e9ploiement de vos potentiels, en vous offrant toute l\u2019authenticit\u00e9, la confiance et l\u2019empathie, dont je suis capable d\u2019instant en instant ;<\/span><\/li>\n<li><span style=\"color: #000000;\">d&#8217;aider \u00e0 la formulation de votre but pour cet accompagnement, et pour chaque entretien \/ intervention ;<\/span><\/li>\n<li><span style=\"color: #000000;\">de proposer en fonction de vos besoins des ressources et outils adapt\u00e9s pour faciliter la r\u00e9alisation de vos objectifs.<\/span><\/li>\n<\/ul>\n<h3><img loading=\"lazy\" class=\"aligncenter size-medium wp-image-1805\" title=\"dev graine\" src=\"http:\/\/ecoledelacroiseedeschemins.fr\/wp-content\/uploads\/2014\/07\/dev-graine-300x225.jpg\" alt=\"\" width=\"300\" height=\"225\" srcset=\"https:\/\/ecoledelacroiseedeschemins.fr\/wp-content\/uploads\/2014\/07\/dev-graine-300x225.jpg 300w, https:\/\/ecoledelacroiseedeschemins.fr\/wp-content\/uploads\/2014\/07\/dev-graine.jpg 477w\" sizes=\"(max-width: 300px) 100vw, 300px\" \/><\/h3>\n<h3><span style=\"color: #000000;\">Pourquoi cette proposition ?<\/span><\/h3>\n<p><span style=\"color: #000000;\">La cr\u00e9ation puis le d\u00e9veloppement de l\u2019\u00c9cole de la Crois\u00e9e des Chemins est pour moi l\u2019occasion de tester et de valider la pertinence de tout ce que j\u2019ai acquis comme m\u00e9thodes et attitudes. C\u2019est aussi un terrain d\u2019apprentissage quotidien pour relever les d\u00e9fis de tous ordres qui surviennent. Je per\u00e7ois \u00e0 travers cette exp\u00e9rience singuli\u00e8re des processus \u00e0 l\u2019\u0153uvre qui sont similaires dans le d\u00e9veloppement de tous les projets.<\/span><\/p>\n<p><span style=\"color: #000000;\"><strong>\u2192<\/strong> C\u2019est pourquoi je souhaite accompagner chaque personne en partageant les ressources m\u00e9thodologiques lui permettant d\u2019aller plus loin qu\u2019elle ne le peut aujourd&#8217;hui.<\/span><\/p>\n<h3><span style=\"color: #000000;\">Mes qualit\u00e9s et mes comp\u00e9tences<\/span><\/h3>\n<p><span style=\"color: #000000;\">Je suis une personne d\u2019une grande ouverture d\u2019esprit, curieux de d\u00e9couvrir, d\u2019explorer des voies nouvelles. J\u2019ai de la pers\u00e9v\u00e9rance et la solitude ne me fait pas peur. Je peux partager ma capacit\u00e9 de discernement et d\u2019adaptation dans des situations pleines d\u2019incertitude.<\/span><\/p>\n<p><span style=\"color: #000000;\">Je suis une personne sensible aux autres, pr\u00eat \u00e0 la rencontre, avec une grande capacit\u00e9 d\u2019\u00e9coute. J\u2019ai conscience que chacun-e est unique, aussi je ne pr\u00e9tends pas savoir ce qui est bon pour vous. Je peux vous aider \u00e0 vous centrer sur votre v\u00e9cu (sensations, \u00e9motions, actions) pour acc\u00e9der en vous \u00e0 des ressources insoup\u00e7onn\u00e9es.<\/span><\/p>\n<p><span style=\"color: #000000;\">Je suis une personne de convictions, qui tient parole. J\u2019accepte les tensions et les conflits comme une expression de la vie. J\u2019ai confiance dans la libert\u00e9 des \u00eatres humains, dans le processus de r\u00e9alisation de leurs potentiels. Je peux partager ma capacit\u00e9 \u00e0 cr\u00e9er des conditions plus favorables pour leur d\u00e9veloppement, tant au niveau de la personne, que du groupe, de l\u2019organisation, et de la vie sociale.<\/span><\/p>\n<h3><span style=\"color: #000000;\">T\u00e9moignage<\/span><\/h3>\n<p><em><span style=\"color: #000000;\">&#8220;Le suivi en supervision avec Thomas a \u00e9t\u00e9 un \u00e9l\u00e9ment bienfaisant et stabilisateur dans ma d\u00e9marche de conduite associative. Si la r\u00e9alit\u00e9 peut se comparer \u00e0 la haute mer et le projet au bateau qu&#8217;il s&#8217;agit de faire naviguer, les rendez-vous r\u00e9guliers de supervision \u00e9taient comme des bou\u00e9es, des balises lumineuses dans la houle, qui permettaient \u00e0 la fois d&#8217;\u00e9valuer le chemin parcouru et de corriger la course. La supervision est un r\u00e9el palliatif \u00e0 la solitude des entrepreneurs. M\u00eame en \u00e9tant largement son a\u00een\u00e9e, j&#8217;ai b\u00e9n\u00e9fici\u00e9 de l&#8217;\u00e9coute bienveillante de Thomas et de sa rigueur m\u00e9thodologique.<\/span><\/em>&#8221;<br \/>\n<span style=\"color: #000000;\">Camille Bierens de Haan, fondatrice de<\/span> <a href=\"http:\/\/ecoattitude.org\" target=\"_blank\">Eco-attitude<\/a>, <a href=\"http:\/\/www.creattitudes.ch\/\" target=\"_blank\">art-th\u00e9rapeute<\/a> <span style=\"color: #000000;\">(Gen\u00e8ve).<\/span><\/p>\n<h3><span style=\"color: #000000;\">\u00a0Demandez une pr\u00e9sentation plus compl\u00e8te :<\/span><\/h3>\n<div role=\"form\" class=\"wpcf7\" id=\"wpcf7-f1803-o1\" dir=\"ltr\">\n<div class=\"screen-reader-response\"><p role=\"status\" aria-live=\"polite\" aria-atomic=\"true\"><\/p> <ul><\/ul><\/div>\n<form action=\"\/en\/wp-json\/wp\/v2\/pages\/1801#wpcf7-f1803-o1\" method=\"post\" class=\"wpcf7-form init\" novalidate=\"novalidate\" data-status=\"init\">\n<div style=\"display: none;\">\n<input type=\"hidden\" name=\"_wpcf7\" value=\"1803\" \/>\n<input type=\"hidden\" name=\"_wpcf7_version\" value=\"5.5.6.1\" \/>\n<input type=\"hidden\" name=\"_wpcf7_locale\" value=\"\" \/>\n<input type=\"hidden\" name=\"_wpcf7_unit_tag\" value=\"wpcf7-f1803-o1\" \/>\n<input type=\"hidden\" name=\"_wpcf7_container_post\" value=\"0\" \/>\n<input type=\"hidden\" name=\"_wpcf7_posted_data_hash\" value=\"\" \/>\n<\/div>\n<p>Votre nom (obligatoire)<br \/>\n    <span class=\"wpcf7-form-control-wrap your-name\"><input type=\"text\" name=\"your-name\" value=\"\" size=\"40\" class=\"wpcf7-form-control wpcf7-text wpcf7-validates-as-required\" aria-required=\"true\" aria-invalid=\"false\" \/><\/span> <\/p>\n<p>Votre email (obligatoire)<br \/>\n    <span class=\"wpcf7-form-control-wrap your-email\"><input type=\"email\" name=\"your-email\" value=\"\" size=\"40\" class=\"wpcf7-form-control wpcf7-text wpcf7-email wpcf7-validates-as-required wpcf7-validates-as-email\" aria-required=\"true\" aria-invalid=\"false\" \/><\/span> <\/p>\n<p>Votre adresse postale (facultatif)<br \/>\n<span class=\"wpcf7-form-control-wrap adresse\"><input type=\"text\" name=\"adresse\" value=\"\" size=\"40\" class=\"wpcf7-form-control wpcf7-text\" aria-invalid=\"false\" \/><\/span> <\/p>\n<p>Votre t\u00e9l\u00e9phone (facultatif)<br \/>\n<span class=\"wpcf7-form-control-wrap telephone\"><input type=\"text\" name=\"telephone\" value=\"\" size=\"40\" class=\"wpcf7-form-control wpcf7-text\" aria-invalid=\"false\" \/><\/span> <\/p>\n<p>Le sujet de votre message<br \/>\n    <span class=\"wpcf7-form-control-wrap your-subject\"><input type=\"text\" name=\"your-subject\" value=\"\" size=\"40\" class=\"wpcf7-form-control wpcf7-text wpcf7-validates-as-required\" aria-required=\"true\" aria-invalid=\"false\" \/><\/span> <\/p>\n<p>Votre message, avec une description succinte de votre projet<br \/>\n    <span class=\"wpcf7-form-control-wrap your-message\"><textarea name=\"your-message\" cols=\"40\" rows=\"10\" class=\"wpcf7-form-control wpcf7-textarea\" aria-invalid=\"false\"><\/textarea><\/span> <\/p>\n<p>Merci et \u00e0 bient\u00f4t !<\/p>\n<p>[recaptcha]<\/p>\n<p><input type=\"submit\" value=\"Envoyer\" class=\"wpcf7-form-control has-spinner wpcf7-submit\" \/><\/p>\n<p>Vos coordonn\u00e9es ne seront pas utilis\u00e9es \u00e0 d'autres fins que le suivi de votre demande.<\/p>\n<p style=\"display: none !important;\" class=\"akismet-fields-container\" data-prefix=\"_wpcf7_ak_\"><label>&#916;<textarea name=\"_wpcf7_ak_hp_textarea\" cols=\"45\" rows=\"8\" maxlength=\"100\"><\/textarea><\/label><input type=\"hidden\" id=\"ak_js_1\" name=\"_wpcf7_ak_js\" value=\"171\"\/><script>document.getElementById( \"ak_js_1\" ).setAttribute( \"value\", ( new Date() ).getTime() );<\/script><\/p><div class=\"wpcf7-response-output\" aria-hidden=\"true\"><\/div><\/form><\/div>\n","protected":false},"excerpt":{"rendered":"<p>A travers des entretiens individuels (rencontres, \u00e9changes par t\u00e9l\u00e9phone) ou des interventions avec un groupe. Mon intention est\u00a0 : d&#8217;instaurer une relation de qualit\u00e9 propice au d\u00e9ploiement de vos potentiels, en vous offrant toute l\u2019authenticit\u00e9, la confiance et l\u2019empathie, dont je suis capable d\u2019instant en instant ; d&#8217;aider \u00e0 la formulation de votre but pour &hellip; <a href=\"https:\/\/ecoledelacroiseedeschemins.fr\/en\/formation\/accompagnement-de-projet\/accompagnement-marshall\/\" class=\"more-link\">Continue reading <span class=\"screen-reader-text\">Accompagnement de projet avec Thomas Marshall<\/span> <span class=\"meta-nav\">&rarr;<\/span><\/a><\/p>\n","protected":false},"author":14,"featured_media":0,"parent":1538,"menu_order":0,"comment_status":"closed","ping_status":"closed","template":"","meta":{"ngg_post_thumbnail":0},"_links":{"self":[{"href":"https:\/\/ecoledelacroiseedeschemins.fr\/en\/wp-json\/wp\/v2\/pages\/1801"}],"collection":[{"href":"https:\/\/ecoledelacroiseedeschemins.fr\/en\/wp-json\/wp\/v2\/pages"}],"about":[{"href":"https:\/\/ecoledelacroiseedeschemins.fr\/en\/wp-json\/wp\/v2\/types\/page"}],"author":[{"embeddable":true,"href":"https:\/\/ecoledelacroiseedeschemins.fr\/en\/wp-json\/wp\/v2\/users\/14"}],"replies":[{"embeddable":true,"href":"https:\/\/ecoledelacroiseedeschemins.fr\/en\/wp-json\/wp\/v2\/comments?post=1801"}],"version-history":[{"count":0,"href":"https:\/\/ecoledelacroiseedeschemins.fr\/en\/wp-json\/wp\/v2\/pages\/1801\/revisions"}],"up":[{"embeddable":true,"href":"https:\/\/ecoledelacroiseedeschemins.fr\/en\/wp-json\/wp\/v2\/pages\/1538"}],"wp:attachment":[{"href":"https:\/\/ecoledelacroiseedeschemins.fr\/en\/wp-json\/wp\/v2\/media?parent=1801"}],"curies":[{"name":"wp","href":"https:\/\/api.w.org\/{rel}","templated":true}]}}