{"id":2320,"date":"2014-11-21T17:54:27","date_gmt":"2014-11-21T16:54:27","guid":{"rendered":"http:\/\/ecoledelacroiseedeschemins.fr\/?page_id=2320"},"modified":"2014-11-21T18:01:25","modified_gmt":"2014-11-21T17:01:25","slug":"chroniques-pour-comprendre","status":"publish","type":"page","link":"https:\/\/ecoledelacroiseedeschemins.fr\/en\/ecole\/articles\/chroniques-pour-comprendre\/","title":{"rendered":"Des chroniques pour comprendre&#8230;"},"content":{"rendered":"<h2>comment une \u00e9cole d\u00e9mocratique peut-elle amener les jeunes \u00e0 r\u00e9ussir ?<\/h2>\n<p><span style=\"color: #000000;\">Nous avons d\u00e9couvert un enseignant \u00e0 la retraite, issu du mouvement Freinet, qui parle avec beaucoup de clart\u00e9 et de sensibilit\u00e9 de son exp\u00e9rience de l&#8217;\u00e9cole : <strong>Bernard Collot<\/strong>.<\/span><\/p>\n<p><span style=\"color: #000000;\">Il a pass\u00e9 une bonne partie de sa carri\u00e8re dans des classes uniques d&#8217;\u00e9coles primaires rurales. Ce contexte, per\u00e7u par beaucoup d&#8217;enseignants et de parents comme un d\u00e9savantage, a repr\u00e9sent\u00e9 au contraire pour lui une opportunit\u00e9 pour exp\u00e9rimenter une voie nouvelle, \u00e9mergeant peu \u00e0 peu de sa pratique : ce qu&#8217;il a nomm\u00e9 <strong>&#8220;l&#8217;\u00e9cole du troisi\u00e8me type&#8221;<\/strong>.<\/span><\/p>\n<p><span style=\"color: #000000;\">Le fonctionnement de notre \u00e9cole d\u00e9mocratique correspond \u00e0 cela. Bernard Collot a entendu de ce fait des questions et des r\u00e9actions similaires \u00e0 celles que suscite l&#8217;\u00c9cole de la Crois\u00e9e des Chemins. A partir de ses recherches personnelles, il a r\u00e9alis\u00e9 une s\u00e9rie de chroniques courtes, vivantes, qui aident \u00e0 comprendre le sens et l&#8217;efficacit\u00e9 d&#8217;une \u00e9cole du troisi\u00e8me type.<\/span><\/p>\n<p><span style=\"color: #000000;\">Nous vous proposons ici des s\u00e9ries de chroniques choisies autour de th\u00e8mes qui peuvent vous int\u00e9resser. Elles sont disponibles en format audio mp3, \u00e0 t\u00e9l\u00e9charger et \u00e0 extraire d&#8217;un dossier compress\u00e9 zip.<\/span><\/p>\n<p><span style=\"color: #000000;\">Vous pouvez les \u00e9couter directement sur votre ordinateur ou sur un baladeur num\u00e9rique, ou encore les graver sur un CD \u00e0 \u00e9couter en voiture, sur votre lecteur de salon&#8230;<br \/>\nUne liste des chroniques avec titres et courte description est incluse dans chaque dossier.<br \/>\n<\/span><\/p>\n<p><span style=\"color: #000000;\">&#8211; <strong>Apprendre \u00e0 marcher, \u00e0 parler, \u00e0 lire, \u00e0 \u00e9crire : acqu\u00e9rir des savoirs ou construire des langages neurocognitifs ?<\/strong><br \/>\n(9 chroniques &#8211; dur\u00e9e totale 1h07)<\/span><br \/>\n<a href=\"http:\/\/ecoledelacroiseedeschemins.fr\/wp-content\/uploads\/2014\/11\/savoirs-ou-langages-neurocognitifs.zip\">A t\u00e9l\u00e9charger<\/a><\/p>\n<p><span style=\"color: #000000;\">&#8211; <strong>L&#8217;apprentissage du langage math\u00e9matique est-il possible sans cours de maths ?<\/strong><br \/>\n(6 chroniques &#8211; dur\u00e9e totale 48 min)<\/span><br \/>\n<a href=\"http:\/\/ecoledelacroiseedeschemins.fr\/wp-content\/uploads\/2014\/11\/langage-mathematique.zip\">A t\u00e9l\u00e9charger<\/a><\/p>\n<p><span style=\"color: #000000;\">&#8211; <strong>Une \u00e9cole sans le\u00e7ons, sans exercices, sans devoirs, sans notes ? Comment les enfants apprennent-ils alors ? Que fait l&#8217;enseignant-e ? Quelles \u00e9valuations ?<\/strong><br \/>\n(8 chroniques &#8211; dur\u00e9e totale 1h06)<\/span><br \/>\n<a href=\"http:\/\/ecoledelacroiseedeschemins.fr\/wp-content\/uploads\/2014\/11\/apprendre-enseigner-evaluer.zip\">A t\u00e9l\u00e9charger<\/a><\/p>\n<p><span style=\"color: #000000;\">&#8211; <strong>L&#8217;apprentissage du langage scientifique dans une \u00e9cole du troisi\u00e8me type<\/strong><br \/>\n(3 chroniques &#8211; dur\u00e9e totale 23 min)<\/span><br \/>\n<a href=\"http:\/\/ecoledelacroiseedeschemins.fr\/wp-content\/uploads\/2014\/11\/langage-scientifique.zip\">A t\u00e9l\u00e9charger<\/a><\/p>\n<p><span style=\"color: #000000;\">&#8211; <strong>Apprendre dans un groupe multi-\u00e2ge : pourquoi, comment ? <\/strong><\/span><br \/>\n<span style=\"color: #000000;\">(7 chroniques &#8211; dur\u00e9e totale 1h07)<\/span><br \/>\n<a href=\"http:\/\/ecoledelacroiseedeschemins.fr\/wp-content\/uploads\/2014\/11\/groupe-multi-age.zip\">A t\u00e9l\u00e9charger<\/a><\/p>\n<p><strong>Pour en savoir plus<\/strong><\/p>\n<p><span style=\"color: #000000;\">Le site web de<\/span> <a href=\"http:\/\/b.collot.pagesperso-orange.fr\/b.collot\/index2.htm\" target=\"_blank\">Bernard Collot<\/a>\u00a0 <span style=\"color: #000000;\">et la page avec l&#8217;int\u00e9gralit\u00e9 de ses<\/span> <a href=\"http:\/\/b.collot.pagesperso-orange.fr\/b.collot\/audio.html\" target=\"_blank\">chroniques audio<\/a> <span style=\"color: #000000;\">\u00e0 \u00e9couter en ligne.<\/span><\/p>\n<p><span style=\"color: #000000;\">La transcription de ces chroniques est publi\u00e9e aux<\/span> <a href=\"http:\/\/www.editions-instant-present.com\/chroniques3etype\" target=\"_blank\">\u00e9ditions l&#8217;Instant Pr\u00e9sent<\/a>.<\/p>\n","protected":false},"excerpt":{"rendered":"<p>comment une \u00e9cole d\u00e9mocratique peut-elle amener les jeunes \u00e0 r\u00e9ussir ? Nous avons d\u00e9couvert un enseignant \u00e0 la retraite, issu du mouvement Freinet, qui parle avec beaucoup de clart\u00e9 et de sensibilit\u00e9 de son exp\u00e9rience de l&#8217;\u00e9cole : Bernard Collot. Il a pass\u00e9 une bonne partie de sa carri\u00e8re dans des classes uniques d&#8217;\u00e9coles primaires &hellip; <a href=\"https:\/\/ecoledelacroiseedeschemins.fr\/en\/ecole\/articles\/chroniques-pour-comprendre\/\" class=\"more-link\">Continue reading <span class=\"screen-reader-text\">Des chroniques pour comprendre&#8230;<\/span> <span class=\"meta-nav\">&rarr;<\/span><\/a><\/p>\n","protected":false},"author":14,"featured_media":0,"parent":826,"menu_order":0,"comment_status":"closed","ping_status":"closed","template":"","meta":{"ngg_post_thumbnail":0},"_links":{"self":[{"href":"https:\/\/ecoledelacroiseedeschemins.fr\/en\/wp-json\/wp\/v2\/pages\/2320"}],"collection":[{"href":"https:\/\/ecoledelacroiseedeschemins.fr\/en\/wp-json\/wp\/v2\/pages"}],"about":[{"href":"https:\/\/ecoledelacroiseedeschemins.fr\/en\/wp-json\/wp\/v2\/types\/page"}],"author":[{"embeddable":true,"href":"https:\/\/ecoledelacroiseedeschemins.fr\/en\/wp-json\/wp\/v2\/users\/14"}],"replies":[{"embeddable":true,"href":"https:\/\/ecoledelacroiseedeschemins.fr\/en\/wp-json\/wp\/v2\/comments?post=2320"}],"version-history":[{"count":0,"href":"https:\/\/ecoledelacroiseedeschemins.fr\/en\/wp-json\/wp\/v2\/pages\/2320\/revisions"}],"up":[{"embeddable":true,"href":"https:\/\/ecoledelacroiseedeschemins.fr\/en\/wp-json\/wp\/v2\/pages\/826"}],"wp:attachment":[{"href":"https:\/\/ecoledelacroiseedeschemins.fr\/en\/wp-json\/wp\/v2\/media?parent=2320"}],"curies":[{"name":"wp","href":"https:\/\/api.w.org\/{rel}","templated":true}]}}