{"id":2327,"date":"2014-11-25T17:22:23","date_gmt":"2014-11-25T16:22:23","guid":{"rendered":"http:\/\/ecoledelacroiseedeschemins.fr\/?page_id=2327"},"modified":"2014-11-25T17:23:30","modified_gmt":"2014-11-25T16:23:30","slug":"ecole-en-2030-avis-des-experts","status":"publish","type":"page","link":"https:\/\/ecoledelacroiseedeschemins.fr\/en\/a-propos\/ecole-en-2030-avis-des-experts\/","title":{"rendered":"L&#8217;\u00e9cole en 2030 ? L&#8217;avis des experts"},"content":{"rendered":"<p>Le sommet mondial pour l&#8217;innovation en \u00e9ducation (WISE) a lieu depuis 2009 chaque ann\u00e9e \u00e0 Doha, au Qatar. En juin 2014, ils ont men\u00e9 une enqu\u00eate aupr\u00e8s d&#8217;un \u00e9chantillon de 645 experts pour conna\u00eetre leur vision de l&#8217;\u00e9cole \u00e0 l&#8217;horizon 2030.<\/p>\n<p>Bien s\u00fbr, il ne s&#8217;agit pas d&#8217;une pr\u00e9diction &#8211; mais cela refl\u00e8te un large consensus au sein de cette communaut\u00e9 d&#8217;experts pour des changements profonds dans les syst\u00e8mes \u00e9ducatifs.<\/p>\n<blockquote><p>Les membres de la communaut\u00e9 WISE pr\u00e9disent que l\u2019\u00e9cole va \u00e9voluer pour devenir un \u00ab r\u00e9seau d&#8217;apprentissage \u00bb. Les ressources et technologies en ligne appuieront les \u00e9changes de \u00ab pair-\u00e0-pair \u00bb, faciliteront le dialogue et favoriseront une \u00e9volution vers un apprentissage plus collaboratif.<br \/>\n75% des experts interrog\u00e9s estiment qu\u2019en 2030 les valeurs les plus importantes seront les comp\u00e9tences personnelles et interpersonnelles.<\/p><\/blockquote>\n<blockquote><p>83% des experts interrog\u00e9s croient \u00e9galement que le contenu sera plus individualis\u00e9, refl\u00e9tant les besoins de chaque \u00e9l\u00e8ve. Un autre r\u00e9sultat cl\u00e9 est la pr\u00e9conisation d&#8217;une \u00e9volution du r\u00f4le de l&#8217;enseignant vers celui d\u2019un facilitateur d&#8217;apprentissage plut\u00f4t qu&#8217;un conf\u00e9rencier.<\/p><\/blockquote>\n<p>C&#8217;est ce que nous proposons d\u00e8s aujourd&#8217;hui \u00e0 l&#8217;\u00c9cole de la Crois\u00e9e des Chemins, en nous appuyant sur plusieurs d\u00e9cennies d&#8217;exp\u00e9rience d&#8217;autres \u00e9coles d\u00e9mocratiques.<\/p>\n<p>Voici une <a href=\"http:\/\/ecoledelacroiseedeschemins.fr\/wp-content\/uploads\/2014\/11\/wise-resultats-ecole-2030.jpg\" target=\"_blank\">pr\u00e9sentation illustr\u00e9e<\/a> des principaux r\u00e9sultats de cette enqu\u00eate.<\/p>\n<p>Pour en savoir plus : sur le site <a href=\"http:\/\/www.wise-qatar.org\/future-school-2030\" target=\"_blank\">WISE Initiative<\/a><\/p>\n","protected":false},"excerpt":{"rendered":"<p>Le sommet mondial pour l&#8217;innovation en \u00e9ducation (WISE) a lieu depuis 2009 chaque ann\u00e9e \u00e0 Doha, au Qatar. En juin 2014, ils ont men\u00e9 une enqu\u00eate aupr\u00e8s d&#8217;un \u00e9chantillon de 645 experts pour conna\u00eetre leur vision de l&#8217;\u00e9cole \u00e0 l&#8217;horizon 2030. Bien s\u00fbr, il ne s&#8217;agit pas d&#8217;une pr\u00e9diction &#8211; mais cela refl\u00e8te un large &hellip; <a href=\"https:\/\/ecoledelacroiseedeschemins.fr\/en\/a-propos\/ecole-en-2030-avis-des-experts\/\" class=\"more-link\">Continue reading <span class=\"screen-reader-text\">L&#8217;\u00e9cole en 2030 ? L&#8217;avis des experts<\/span> <span class=\"meta-nav\">&rarr;<\/span><\/a><\/p>\n","protected":false},"author":14,"featured_media":0,"parent":1593,"menu_order":0,"comment_status":"closed","ping_status":"closed","template":"","meta":{"ngg_post_thumbnail":0},"_links":{"self":[{"href":"https:\/\/ecoledelacroiseedeschemins.fr\/en\/wp-json\/wp\/v2\/pages\/2327"}],"collection":[{"href":"https:\/\/ecoledelacroiseedeschemins.fr\/en\/wp-json\/wp\/v2\/pages"}],"about":[{"href":"https:\/\/ecoledelacroiseedeschemins.fr\/en\/wp-json\/wp\/v2\/types\/page"}],"author":[{"embeddable":true,"href":"https:\/\/ecoledelacroiseedeschemins.fr\/en\/wp-json\/wp\/v2\/users\/14"}],"replies":[{"embeddable":true,"href":"https:\/\/ecoledelacroiseedeschemins.fr\/en\/wp-json\/wp\/v2\/comments?post=2327"}],"version-history":[{"count":0,"href":"https:\/\/ecoledelacroiseedeschemins.fr\/en\/wp-json\/wp\/v2\/pages\/2327\/revisions"}],"up":[{"embeddable":true,"href":"https:\/\/ecoledelacroiseedeschemins.fr\/en\/wp-json\/wp\/v2\/pages\/1593"}],"wp:attachment":[{"href":"https:\/\/ecoledelacroiseedeschemins.fr\/en\/wp-json\/wp\/v2\/media?parent=2327"}],"curies":[{"name":"wp","href":"https:\/\/api.w.org\/{rel}","templated":true}]}}