{"id":2585,"date":"2015-04-21T15:10:04","date_gmt":"2015-04-21T13:10:04","guid":{"rendered":"http:\/\/ecoledelacroiseedeschemins.fr\/?page_id=2585"},"modified":"2018-11-13T17:36:43","modified_gmt":"2018-11-13T16:36:43","slug":"centre-formation","status":"publish","type":"page","link":"https:\/\/ecoledelacroiseedeschemins.fr\/en\/formation\/centre-formation\/","title":{"rendered":"Le centre de formation"},"content":{"rendered":"<p><\/p>\n<h2 style=\"text-align: left;\">Pour qui ?<\/h2>\n<p style=\"text-align: center;\"><em>Vous \u00eates en relation au quotidien avec votre famille, vos ami-e-s, des coll\u00e8gues, des client-e-s, et vous souhaitez aller plus loin dans la relation, \u00eatre plus \u00e0 l&#8217;\u00e9coute de vous-m\u00eame, plus ouvert \u00e0 la communication avec votre entourage\u00a0?<\/em><\/p>\n<p style=\"text-align: center;\"><em>Vous dirigez une association, un \u00e9tablissement d&#8217;enseignement, une entreprise et souhaitez impulser une dynamique nouvelle en mati\u00e8re de communication, de leadership, d&#8217;apprentissage, de collaboration&#8230;<\/em><\/p>\n<p style=\"text-align: center;\"><em>Vous accompagnez des personnes dans un cadre professionnel et souhaitez enrichir votre pratique d&#8217;une exp\u00e9rience nouvelle ?<br \/>\n(travailleur social, animateur, professeur, th\u00e9rapeute, sage-femme, coiffeur, barman, garagiste\u00a0: toute personne amen\u00e9e \u00e0 composer avec le facteur humain&#8230;)<\/em><\/p>\n<p style=\"text-align: center;\"><em>Vous souhaitez cr\u00e9er une animation, une formation, une \u00e9cole ?<\/em><\/p>\n<p style=\"text-align: center;\"><em>Vous souhaitez prendre un virage dans votre vie professionnelle\u00a0?<\/em><\/p>\n<p style=\"text-align: left;\"><strong>Nous vous proposons des formations dans une approche coop\u00e9rative, exp\u00e9rientielle et centr\u00e9e sur la personne.<\/strong><\/p>\n<p style=\"text-align: left;\"><strong>Ces formations sont l&#8217;occasion de mettre nos ressources en commun et d&#8217;avancer \u2013 ensemble \u2013 dans la concr\u00e9tisation de nos projets.<\/strong><\/p>\n<h2><\/h2>\n<h2><strong>Notre intention<\/strong><\/h2>\n<p>Nous avons confiance dans la capacit\u00e9 des personnes et des groupes \u00e0 actualiser leur potentiel dans la perspective du bien-\u00eatre des personnes et du monde qui les entoure. Il est selon nous possible \u00e0 chacun-e de trouver de nouvelles voies, plus satisfaisantes, dans l&#8217;exploration et la mise en \u0153uvre de ses comp\u00e9tences, au plus pr\u00e8s de ses besoins actuels\u00a0: centres d&#8217;int\u00e9r\u00eat, rythme, style&#8230;<\/p>\n<p>Dans cette optique, nous vous proposons un terrain d&#8217;exp\u00e9rimentation que nous souhaitons facilitant : un environnement dans lequel vous puissiez trouver la libert\u00e9 et la s\u00e9curit\u00e9 n\u00e9cessaires au d\u00e9ploiement de vos aptitudes \u00e0 l&#8217;introspection, \u00e0 la cr\u00e9ativit\u00e9, \u00e0 la relation, \u00e0 la mise en \u0153uvre de d\u00e9marches d&#8217;apprentissage nouvelles, \u00e0 l&#8217;\u00e9laboration de projets innovants&#8230; en faisant des essais, des erreurs, en proc\u00e9dant \u00e0 des r\u00e9ajustements&#8230;<\/p>\n<p>Car comme l&#8217;a \u00e9crit Jean Le Gal dans un article de 1995\u00a0:<\/p>\n<p style=\"text-align: center;\"><em>&#8220;Pour pouvoir accompagner les enfants [les personnes] dans leurs t\u00e2tonnements sociaux, dans leur processus d&#8217;autonomisation, pour savoir poser les limites n\u00e9cessaires \u00e0 leur s\u00e9curit\u00e9 affective et juridique, pour aider efficacement \u00e0 la cr\u00e9ation d&#8217;instances collectives de d\u00e9cision et de r\u00e9gulation, il nous semble n\u00e9cessaire que les stagiaires puissent vivre eux-m\u00eames l&#8217;exp\u00e9rience qui sera celle des enfants [des personnes qu&#8217;ils accompagnent], au cours de leur formation&#8221;.<\/em><\/p>\n<p><strong>C&#8217;est ce que nous vous proposons\u00a0: l&#8217;opportunit\u00e9 de vivre pour vous-m\u00eame une exp\u00e9rience de d\u00e9veloppement personnel et\/ou professionnel dans une approche centr\u00e9e sur la personne.<\/strong><\/p>\n<h2><\/h2>\n<h2><strong>Notre \u00e9quipe<br \/>\n<\/strong><\/h2>\n<p>Les membres de notre \u00e9quipe ont des parcours riches et diversifi\u00e9s et nous avons \u00e0 c\u0153ur de partager avec vous \u2013 de personne \u00e0 personne \u2013 les fruits de ces exp\u00e9riences.<\/p>\n<ul>\n<li><a href=\"http:\/\/ecoledelacroiseedeschemins.fr\/association\/membres-de-lassociation\/#fleur\" target=\"_blank\">Fleur Mathet-Jolly<\/a>, facilitatrice d&#8217;apprentissage, psychoth\u00e9rapeute dipl\u00f4m\u00e9e du Person Centered Approach Institute &#8211; France.<\/li>\n<li><a href=\"http:\/\/ecoledelacroiseedeschemins.fr\/association\/membres-de-lassociation\/#thomas\" target=\"_blank\">Thomas Marshall<\/a>, facilitateur sociocratique, docteur en sciences de la communication.<\/li>\n<\/ul>\n<p><\/p>","protected":false},"excerpt":{"rendered":"<p>Pour qui ? Vous \u00eates en relation au quotidien avec votre famille, vos ami-e-s, des coll\u00e8gues, des client-e-s, et vous souhaitez aller plus loin dans la relation, \u00eatre plus \u00e0 l&#8217;\u00e9coute de vous-m\u00eame, plus ouvert \u00e0 la communication avec votre entourage\u00a0? Vous dirigez une association, un \u00e9tablissement d&#8217;enseignement, une entreprise et souhaitez impulser une dynamique &hellip; <a href=\"https:\/\/ecoledelacroiseedeschemins.fr\/en\/formation\/centre-formation\/\" class=\"more-link\">Continue reading <span class=\"screen-reader-text\">Le centre de formation<\/span> <span class=\"meta-nav\">&rarr;<\/span><\/a><\/p>\n","protected":false},"author":1,"featured_media":0,"parent":11,"menu_order":1,"comment_status":"closed","ping_status":"closed","template":"","meta":{"ngg_post_thumbnail":0},"_links":{"self":[{"href":"https:\/\/ecoledelacroiseedeschemins.fr\/en\/wp-json\/wp\/v2\/pages\/2585"}],"collection":[{"href":"https:\/\/ecoledelacroiseedeschemins.fr\/en\/wp-json\/wp\/v2\/pages"}],"about":[{"href":"https:\/\/ecoledelacroiseedeschemins.fr\/en\/wp-json\/wp\/v2\/types\/page"}],"author":[{"embeddable":true,"href":"https:\/\/ecoledelacroiseedeschemins.fr\/en\/wp-json\/wp\/v2\/users\/1"}],"replies":[{"embeddable":true,"href":"https:\/\/ecoledelacroiseedeschemins.fr\/en\/wp-json\/wp\/v2\/comments?post=2585"}],"version-history":[{"count":0,"href":"https:\/\/ecoledelacroiseedeschemins.fr\/en\/wp-json\/wp\/v2\/pages\/2585\/revisions"}],"up":[{"embeddable":true,"href":"https:\/\/ecoledelacroiseedeschemins.fr\/en\/wp-json\/wp\/v2\/pages\/11"}],"wp:attachment":[{"href":"https:\/\/ecoledelacroiseedeschemins.fr\/en\/wp-json\/wp\/v2\/media?parent=2585"}],"curies":[{"name":"wp","href":"https:\/\/api.w.org\/{rel}","templated":true}]}}