{"id":793,"date":"2013-07-15T17:25:32","date_gmt":"2013-07-15T16:25:32","guid":{"rendered":"http:\/\/ecoledelacroiseedeschemins.fr\/?page_id=793"},"modified":"2016-02-11T12:31:07","modified_gmt":"2016-02-11T11:31:07","slug":"tout-public","status":"publish","type":"page","link":"https:\/\/ecoledelacroiseedeschemins.fr\/en\/tout-public\/","title":{"rendered":"Activit\u00e9s pour tous"},"content":{"rendered":"<p><strong><span style=\"color: #000000;\">Nous proposons des activit\u00e9s vari\u00e9es pour tous et toutes :<\/span><\/strong><\/p>\n<ul>\n<li style=\"text-align: center;\"><span style=\"color: #000000;\">dans nos locaux, en semaine \u00e0 partir de 17h,<\/span><\/li>\n<li style=\"text-align: center;\"><span style=\"color: #000000;\">ainsi que les week-ends, les jours f\u00e9ri\u00e9s et pendant les vacances scolaires,<\/span><\/li>\n<li style=\"text-align: center;\"><span style=\"color: #000000;\">et sous forme d&#8217;interventions dans d&#8217;autres lieux.<\/span><\/li>\n<\/ul>\n<p><span style=\"color: #000000;\">Toutes nos propositions sont des pr\u00e9textes explicites \u00e0 la <strong>relation<\/strong>, \u00e0 la <strong>cr\u00e9ativit\u00e9<\/strong>, au<strong> lien entre les g\u00e9n\u00e9rations<\/strong> et \u00e0 la <strong>mixit\u00e9 sociale<\/strong>.<\/span><\/p>\n<p><span style=\"color: #000000;\">Les activit\u00e9s sont organis\u00e9es de fa\u00e7on <strong>participative<\/strong> : vous pouvez si vous le souhaitez participer \u00e0 l&#8217;\u00e9laboration des projets, \u00e0 l&#8217;organisation des \u00e9v\u00e9nements, \u00e0 leur pr\u00e9paration, \u00e0 leur animation, ou encore au rangement.<\/span><\/p>\n<p><span style=\"color: #000000;\">Concernant la programmation, <strong>toutes vos propositions sont les bienvenues<\/strong>. Nous organisons des rencontres r\u00e9guli\u00e8res pour les adh\u00e9rent-e-s qui souhaitent participer \u00e0 la construction de la vie associative de l\u2019\u00c9cole de la Crois\u00e9e des Chemins.<\/span><\/p>\n<p style=\"text-align: center;\"><em><span style=\"color: #000000;\"><strong>Il est naturel d&#8217;apprendre tout au long de la vie&#8230;<br \/>\net il n&#8217;est jamais trop tard pour d\u00e9velopper ses potentiels<\/strong><\/span><\/em><\/p>\n<p><span style=\"color: #000000;\">Dans notre \u00c9cole, les adultes aussi sont bienvenus pour laisser libre cours \u00e0 leurs besoins de d\u00e9couvrir, comprendre, jouer, cr\u00e9er, se r\u00e9aliser\u2026<\/span><\/p>\n<p><span style=\"color: #000000;\">Les activit\u00e9s sont regroup\u00e9es autour des th\u00e8mes suivants :<\/span><\/p>\n<p style=\"text-align: center;\"><span style=\"color: #000000;\"><strong>Fab Lab<\/strong>, pour fabriquer ensemble toutes sortes de choses utiles ou amusantes.<\/span><\/p>\n<p style=\"text-align: center;\"><span style=\"color: #000000;\"><strong>Social Lab<\/strong>, pour cultiver de nouvelles fa\u00e7ons d\u2019\u00eatre et de faire avec les autres.<\/span><\/p>\n<p style=\"text-align: center;\"><span style=\"color: #000000;\"><strong>Expressive Lab<\/strong>, pour s\u2019exprimer par la couleur, le son, le mouvement\u2026<\/span><\/p>\n<p><span style=\"color: #000000;\">Vous seul-e savez ce dont vous avez besoin ! C&#8217;est donc vous qui fixez les objectifs de votre apprentissage et nous vous accompagnons sur le chemin qui vous permettra de les atteindre.<\/span><\/p>\n<p><span style=\"color: #000000;\">Notre approche rejoint celle du <a href=\"http:\/\/selfmanagedlearning.org\/?page_id=285\" target=\"_blank\">Self-Managed Learning<\/a>, qui a fait la preuve de son efficacit\u00e9 dans les organisations.<\/span><\/p>\n<p><span style=\"color: #000000;\">Les intervenants sont l\u00e0 pour faciliter ce processus, qui peut \u00eatre mis en \u0153uvre \u00e0 travers des modalit\u00e9s vari\u00e9es : ateliers ponctuels ou r\u00e9guliers, entretiens personnels, journ\u00e9es de formation, stage pratique.<\/span><\/p>\n<p style=\"text-align: center;\"><em><strong><span style=\"color: #000000;\">L&#8217;auto-organisation collective permet l&#8217;\u00e9closion des talents :<br \/>\ncr\u00e9ons cet environnement riche de nos diversit\u00e9s !<\/span><\/strong><\/em><\/p>\n<p><span style=\"color: #000000;\">Dans notre \u00e9cole, chacun peut faire des propositions et des demandes pour mettre en place une activit\u00e9 qui r\u00e9ponde \u00e0 ses besoins et \u00e0 ceux d&#8217;un ensemble de personnes.<\/span><\/p>\n<p><span style=\"color: #000000;\">Une assembl\u00e9e r\u00e9guli\u00e8re ouverte \u00e0 tou-te-s permet de faire \u00e9merger les projets. Notre \u00e9quipe accompagne ce processus, organise le planning et la r\u00e9partition des salles.<\/span><\/p>\n<p><span style=\"color: #000000;\"><strong>Questions-R\u00e9ponses<\/strong><\/span><\/p>\n<p><em><span style=\"color: #000000;\">Pourquoi des activit\u00e9s tout public au sein d&#8217;une \u00e9cole ?<\/span><\/em><\/p>\n<p><span style=\"color: #000000;\">Parce que nous souhaitons contribuer \u00e0 l&#8217;\u00e9volution des personnes et de la soci\u00e9t\u00e9, en diffusant des pratiques innovantes.<\/span><\/p>\n<p><span style=\"color: #000000;\">Parce que beaucoup d&#8217;adultes n&#8217;ont pas eu la chance de b\u00e9n\u00e9ficier d&#8217;un environnement favorable au d\u00e9veloppement de leurs potentiels pendant leur propre scolarit\u00e9 : nous voulons donc proposer un lieu de ressourcement, de soutien, et d&#8217;inspiration, qui permette \u00e0 chacun-e d&#8217;\u00eatre acteur de son projet de vie dans sa famille, au travail, dans la cit\u00e9.<\/span><\/p>\n<p><span style=\"color: #000000;\">Parce que les \u00e9coles priv\u00e9es hors contrat ne b\u00e9n\u00e9ficient d&#8217;aucune subvention publique, l&#8217;association a fait le choix de diversifier ses activit\u00e9s, de fa\u00e7on \u00e0 partager les co\u00fbts fixes inh\u00e9rents notamment \u00e0 ses locaux r\u00e9pondant aux normes ERP.<\/span><\/p>\n<p><em><span style=\"color: #000000;\">Qui peut \u00eatre intervenant-e dans les activit\u00e9s tout public de l\u2019\u00c9cole de la Crois\u00e9e des Chemins ?<\/span><\/em><\/p>\n<p><span style=\"color: #000000;\">Les intervenants r\u00e9guliers sont membres actifs de l&#8217;association. A ce titre, ils s&#8217;engagent dans un processus visant \u00e0 int\u00e9grer l&#8217;Approche Centr\u00e9e sur la Personne \u00e0 leurs pratiques dans le cadre de la vie de l&#8217;association. Ils sont \u00e9galement associ\u00e9s au fonctionnement interne par le biais d&#8217;un cercle sociocratique.<\/span><\/p>\n<p><span style=\"color: #000000;\">Pour mettre en place une activit\u00e9 occasionnelle, il est demand\u00e9 de devenir membre adh\u00e9rent.<\/span><\/p>\n<p><span style=\"color: #000000;\">L&#8217;association peut aussi inviter des intervenants ext\u00e9rieurs dont le travail converge avec notre vision et notre mission.<\/span><\/p>\n<p><em><span style=\"color: #000000;\">Comment sont fix\u00e9s les tarifs des activit\u00e9s ?<\/span><\/em><\/p>\n<p><span style=\"color: #000000;\">Les intervenant-e-s peuvent \u00eatre b\u00e9n\u00e9voles ou r\u00e9mun\u00e9r\u00e9s. La fixation du tarif et des modalit\u00e9s de paiement (\u00e0 la s\u00e9ance, mensuel&#8230;) fait partie des discussions en amont de la mise en place de l&#8217;activit\u00e9.<\/span><\/p>\n<p><span style=\"color: #000000;\">L&#8217;intervenant-e re\u00e7oit les paiements \u00e0 son nom (sauf si c&#8217;est un-e salari\u00e9-e de l&#8217;association) et reverse en soutien \u00e0 l&#8217;association un montant correspondant \u00e0 d\u00e9terminer ensemble.<\/span><\/p>","protected":false},"excerpt":{"rendered":"<p>Nous proposons des activit\u00e9s vari\u00e9es pour tous et toutes : dans nos locaux, en semaine \u00e0 partir de 17h, ainsi que les week-ends, les jours f\u00e9ri\u00e9s et pendant les vacances scolaires, et sous forme d&#8217;interventions dans d&#8217;autres lieux. Toutes nos propositions sont des pr\u00e9textes explicites \u00e0 la relation, \u00e0 la cr\u00e9ativit\u00e9, au lien entre les &hellip; <a href=\"https:\/\/ecoledelacroiseedeschemins.fr\/en\/tout-public\/\" class=\"more-link\">Continue reading <span class=\"screen-reader-text\">Activit\u00e9s pour tous<\/span> <span class=\"meta-nav\">&rarr;<\/span><\/a><\/p>\n","protected":false},"author":14,"featured_media":0,"parent":0,"menu_order":5,"comment_status":"closed","ping_status":"closed","template":"","meta":{"ngg_post_thumbnail":0},"_links":{"self":[{"href":"https:\/\/ecoledelacroiseedeschemins.fr\/en\/wp-json\/wp\/v2\/pages\/793"}],"collection":[{"href":"https:\/\/ecoledelacroiseedeschemins.fr\/en\/wp-json\/wp\/v2\/pages"}],"about":[{"href":"https:\/\/ecoledelacroiseedeschemins.fr\/en\/wp-json\/wp\/v2\/types\/page"}],"author":[{"embeddable":true,"href":"https:\/\/ecoledelacroiseedeschemins.fr\/en\/wp-json\/wp\/v2\/users\/14"}],"replies":[{"embeddable":true,"href":"https:\/\/ecoledelacroiseedeschemins.fr\/en\/wp-json\/wp\/v2\/comments?post=793"}],"version-history":[{"count":0,"href":"https:\/\/ecoledelacroiseedeschemins.fr\/en\/wp-json\/wp\/v2\/pages\/793\/revisions"}],"wp:attachment":[{"href":"https:\/\/ecoledelacroiseedeschemins.fr\/en\/wp-json\/wp\/v2\/media?parent=793"}],"curies":[{"name":"wp","href":"https:\/\/api.w.org\/{rel}","templated":true}]}}