{"id":867,"date":"2013-09-11T11:04:08","date_gmt":"2013-09-11T10:04:08","guid":{"rendered":"http:\/\/ecoledelacroiseedeschemins.fr\/?page_id=867"},"modified":"2015-02-20T17:17:42","modified_gmt":"2015-02-20T16:17:42","slug":"mission","status":"publish","type":"page","link":"https:\/\/ecoledelacroiseedeschemins.fr\/en\/mission\/","title":{"rendered":"Mission"},"content":{"rendered":"<h2><span style=\"color: #000000;\">&#8220;La mission de l\u2019association est de proposer au public des activit\u00e9s d\u2019apprentissage exp\u00e9rientiel, de cr\u00e9ativit\u00e9, de coop\u00e9ration, dans une approche centr\u00e9e sur la personne.<\/span><\/h2>\n<p><span style=\"color: #000000;\">En particulier, l\u2019association se donne la mission de mettre en place, par tout moyen adapt\u00e9 et conforme aux lois et r\u00e8glements en vigueur :<\/span><\/p>\n<ul>\n<li><span style=\"color: #000000;\">Une \u00e9cole d\u00e9mocratique pour enfants et adolescents ;<\/span><\/li>\n<li><span style=\"color: #000000;\">Un accueil de loisirs ;<\/span><\/li>\n<li><span style=\"color: #000000;\">Un organisme de formation pour adultes ;<\/span><\/li>\n<li><span style=\"color: #000000;\">Des ateliers et autres activit\u00e9s ouvertes \u00e0 tou-te-s ;<\/span><\/li>\n<li><span style=\"color: #000000;\">Une offre d\u2019accompagnement des personnes et de psychoth\u00e9rapie ;<\/span><\/li>\n<li><span style=\"color: #000000;\">Tous services utiles au fonctionnement de l\u2019association, y compris la vente d\u2019articles divers.&#8221;<\/span><\/li>\n<\/ul>\n<p><span style=\"color: #000000;\">Il s&#8217;agit d&#8217;un extrait des statuts qui d\u00e9finit l&#8217;objet de l&#8217;association.<\/span><\/p>\n<p><span style=\"color: #000000;\">L&#8217;approche centr\u00e9e sur la personne est issue des travaux de Carl Rogers : <a href=\"http:\/\/fr.wikipedia.org\/wiki\/Approche_centr%C3%A9e_sur_la_personne\">une pr\u00e9sentation sur Wikip\u00e9dia<\/a>.<br \/>\nL&#8217;apprentissage exp\u00e9rientiel passe par l&#8217;exp\u00e9rience personnelle ; \u00e0 ce sujet, voir un article de Wikip\u00e9dia sur les m\u00e9thodes en <a href=\"http:\/\/fr.wikipedia.org\/wiki\/M%C3%A9thodes_en_p%C3%A9dagogie_active\"><span style=\"color: #000000;\">p\u00e9dagogie active<\/span><\/a>.<\/span><\/p>\n","protected":false},"excerpt":{"rendered":"<p>&#8220;La mission de l\u2019association est de proposer au public des activit\u00e9s d\u2019apprentissage exp\u00e9rientiel, de cr\u00e9ativit\u00e9, de coop\u00e9ration, dans une approche centr\u00e9e sur la personne. En particulier, l\u2019association se donne la mission de mettre en place, par tout moyen adapt\u00e9 et conforme aux lois et r\u00e8glements en vigueur : Une \u00e9cole d\u00e9mocratique pour enfants et adolescents &hellip; <a href=\"https:\/\/ecoledelacroiseedeschemins.fr\/en\/mission\/\" class=\"more-link\">Continue reading <span class=\"screen-reader-text\">Mission<\/span> <span class=\"meta-nav\">&rarr;<\/span><\/a><\/p>\n","protected":false},"author":14,"featured_media":0,"parent":0,"menu_order":4,"comment_status":"closed","ping_status":"closed","template":"","meta":{"ngg_post_thumbnail":0},"_links":{"self":[{"href":"https:\/\/ecoledelacroiseedeschemins.fr\/en\/wp-json\/wp\/v2\/pages\/867"}],"collection":[{"href":"https:\/\/ecoledelacroiseedeschemins.fr\/en\/wp-json\/wp\/v2\/pages"}],"about":[{"href":"https:\/\/ecoledelacroiseedeschemins.fr\/en\/wp-json\/wp\/v2\/types\/page"}],"author":[{"embeddable":true,"href":"https:\/\/ecoledelacroiseedeschemins.fr\/en\/wp-json\/wp\/v2\/users\/14"}],"replies":[{"embeddable":true,"href":"https:\/\/ecoledelacroiseedeschemins.fr\/en\/wp-json\/wp\/v2\/comments?post=867"}],"version-history":[{"count":0,"href":"https:\/\/ecoledelacroiseedeschemins.fr\/en\/wp-json\/wp\/v2\/pages\/867\/revisions"}],"wp:attachment":[{"href":"https:\/\/ecoledelacroiseedeschemins.fr\/en\/wp-json\/wp\/v2\/media?parent=867"}],"curies":[{"name":"wp","href":"https:\/\/api.w.org\/{rel}","templated":true}]}}