{"id":902,"date":"2013-09-16T18:10:06","date_gmt":"2013-09-16T17:10:06","guid":{"rendered":"http:\/\/ecoledelacroiseedeschemins.fr\/?page_id=902"},"modified":"2016-03-23T15:37:00","modified_gmt":"2016-03-23T14:37:00","slug":"actualites","status":"publish","type":"page","link":"https:\/\/ecoledelacroiseedeschemins.fr\/en\/actualites\/","title":{"rendered":"Actualit\u00e9s"},"content":{"rendered":"<p><\/p>\n<h2><strong>Rendez-vous pass\u00e9s et \u00e0 venir<br \/>\n<\/strong><\/h2>\n<div><\/div>\n<div><\/div>\n<div id=\"stcpDiv\"><ul class=\"lcp_catlist\" id=\"lcp_instance_0\"><li><a href=\"https:\/\/ecoledelacroiseedeschemins.fr\/en\/atelier-lacto-fermentation-19-mars-2016\/\">(Fran\u00e7ais) Atelier lacto-fermentation &#8211; samedi 19 mars<\/a><\/li><li><a href=\"https:\/\/ecoledelacroiseedeschemins.fr\/en\/prochaine-page-a-ecrire-avec-vous\/\">(Fran\u00e7ais) La prochaine page de l&#8217;aventure \u00e0 \u00e9crire avec vous !<\/a><\/li><li><a href=\"https:\/\/ecoledelacroiseedeschemins.fr\/en\/une-formation-pour-vivre-et-transformer-les-conflits\/\">(Fran\u00e7ais) Une formation pour vivre et transformer les conflits<\/a><\/li><li><a href=\"https:\/\/ecoledelacroiseedeschemins.fr\/en\/assemblee-generale-2020\/\">(Fran\u00e7ais) Assembl\u00e9e G\u00e9n\u00e9rale : quels projets pour l&#8217;association en 2020 ?<\/a><\/li><li><a href=\"https:\/\/ecoledelacroiseedeschemins.fr\/en\/nouvelle-ecole-democratique-bourgogne\/\">(Fran\u00e7ais) Une nouvelle \u00e9cole d\u00e9mocratique en Bourgogne !<\/a><\/li><li><a href=\"https:\/\/ecoledelacroiseedeschemins.fr\/en\/portes-ouvertes\/\">Open doors at the school !<\/a><\/li><li><a href=\"https:\/\/ecoledelacroiseedeschemins.fr\/en\/appel-candidature-coordinateur-trice-pedagogique\/\">(Fran\u00e7ais) Appel \u00e0 candidature pour la mission de coordinateur-trice p\u00e9dagogique<\/a><\/li><li><a href=\"https:\/\/ecoledelacroiseedeschemins.fr\/en\/engagement-en-service-civique\/\">Young volunteer : \u00ab La Crois\u00e9e des Chemins \u00bb needs you !<\/a><\/li><li><a href=\"https:\/\/ecoledelacroiseedeschemins.fr\/en\/vide-dressing-et-braderie-de-printemps\/\">(Fran\u00e7ais) Vide dressing et braderie de printemps<\/a><\/li><li><a href=\"https:\/\/ecoledelacroiseedeschemins.fr\/en\/appel-aux-dons-pour-le-fonds-de-solidarite-de-lecole\/\">(Fran\u00e7ais) Appel aux dons pour le fonds de solidarit\u00e9 de l&#8217;\u00e9cole<\/a><\/li><li><a href=\"https:\/\/ecoledelacroiseedeschemins.fr\/en\/que-deviennent-les-anciens-eleves-une-bande-annonce\/\">(Fran\u00e7ais) Que deviennent les anciens \u00e9l\u00e8ves ? Une bande-annonce<\/a><\/li><li><a href=\"https:\/\/ecoledelacroiseedeschemins.fr\/en\/la-croisee-des-chemins-sur-canal-plus\/\">(Fran\u00e7ais) La Crois\u00e9e des Chemins sur Canal +<\/a><\/li><li><a href=\"https:\/\/ecoledelacroiseedeschemins.fr\/en\/un-marche-de-noel-a-lecole-le-8-decembre-2018\/\">(Fran\u00e7ais) Un march\u00e9 de No\u00ebl \u00e0 l&#8217;\u00e9cole le 8 d\u00e9cembre !<\/a><\/li><li><a href=\"https:\/\/ecoledelacroiseedeschemins.fr\/en\/conference-jacqueline-de-bony-sociologue-27-septembre-2018\/\">(Fran\u00e7ais) Un autre regard sur l&#8217;\u00e9cole : conf\u00e9rence de Jacqueline de Bony, sociologue du CNRS, le 27 septembre<\/a><\/li><li><a href=\"https:\/\/ecoledelacroiseedeschemins.fr\/en\/ecole-recrute-directeur-directrice-2018\/\">(Fran\u00e7ais) L\u2019\u00e9cole La Crois\u00e9e des Chemins \u00e0 Dijon recrute un directeur \/ une directrice en 2018<\/a><\/li><li><a href=\"https:\/\/ecoledelacroiseedeschemins.fr\/en\/soiree-membres-association-vendredi-2-mars-2018\/\">(Fran\u00e7ais) Soir\u00e9e pour les membres de l&#8217;association vendredi 2 mars 2018<\/a><\/li><li><a href=\"https:\/\/ecoledelacroiseedeschemins.fr\/en\/en-vente-a-la-boutique\/\">(Fran\u00e7ais) En vente \u00e0 la boutique !<\/a><\/li><li><a href=\"https:\/\/ecoledelacroiseedeschemins.fr\/en\/formations-et-propositions-2018\/\">(Fran\u00e7ais) Nos formations et propositions en 2018<\/a><\/li><li><a href=\"https:\/\/ecoledelacroiseedeschemins.fr\/en\/prochaines-interventions-au-coeur-de-la-transition\/\">(Fran\u00e7ais) Nos interventions avec le nouveau projet &#8220;Au C\u0153ur de la Transition&#8221;<\/a><\/li><li><a href=\"https:\/\/ecoledelacroiseedeschemins.fr\/en\/apprentissage-auto-organise-par-la-pratique\/\">(Fran\u00e7ais) 2017-18 : Appel \u00e0 candidatures pour une ann\u00e9e d&#8217;apprentissage auto-organis\u00e9 sur l&#8217;\u00e9ducation d\u00e9mocratique<\/a><\/li><li><a href=\"https:\/\/ecoledelacroiseedeschemins.fr\/en\/actus-5mai2017-anniversaire-ecole\/\">(Fran\u00e7ais) L&#8217;\u00e9cole a 3 ans ! Toutes les actus<\/a><\/li><li><a href=\"https:\/\/ecoledelacroiseedeschemins.fr\/en\/conference-europeenne-sur-leducation-democratique-a-paris\/\">(Fran\u00e7ais) Conf\u00e9rence europ\u00e9enne sur l&#8217;\u00e9ducation d\u00e9mocratique \u00e0 Paris<\/a><\/li><li><a href=\"https:\/\/ecoledelacroiseedeschemins.fr\/en\/forum-non-violence-educative-8-avril-2017\/\">(Fran\u00e7ais) Forum de la non-violence \u00e9ducative le 8 avril \u00e0 Dijon<\/a><\/li><li><a href=\"https:\/\/ecoledelacroiseedeschemins.fr\/en\/news-centre-formation-mars2017\/\">(Fran\u00e7ais) Du nouveau pour notre centre de formation !<\/a><\/li><li><a href=\"https:\/\/ecoledelacroiseedeschemins.fr\/en\/formations-cnv-2016\/\">Formations \u00e0 la Communication NonViolente en 2016<\/a><\/li><li><a href=\"https:\/\/ecoledelacroiseedeschemins.fr\/en\/soiree-bernard-collot\/\">(Fran\u00e7ais) L&#8217;\u00e9cole du troisi\u00e8me type : Soir\u00e9e d&#8217;\u00e9changes avec Bernard Collot<\/a><\/li><li><a href=\"https:\/\/ecoledelacroiseedeschemins.fr\/en\/pourquoi-nous-refusons-le-compteur-linky\/\">(Fran\u00e7ais) Pourquoi nous refusons le compteur Linky<\/a><\/li><li><a href=\"https:\/\/ecoledelacroiseedeschemins.fr\/en\/cafe-des-enfants-annonce\/\">(Fran\u00e7ais) Le Caf\u00e9 des Enfants, pour les petits et les grands&#8230;<\/a><\/li><li><a href=\"https:\/\/ecoledelacroiseedeschemins.fr\/en\/plate-forme-formation-sur-internet\/\">Vers une plate-forme de formation sur internet ?<\/a><\/li><li><a href=\"https:\/\/ecoledelacroiseedeschemins.fr\/en\/grand-dej-2016\/\">(Fran\u00e7ais) RV le 25 septembre au Forum des Associations \u00e0 Dijon<\/a><\/li><li><a href=\"https:\/\/ecoledelacroiseedeschemins.fr\/en\/conference-24-septembre-montpellier\/\">(Fran\u00e7ais) Conf\u00e9rence le 24 septembre au Festival de l&#8217;\u00e9cole de la vie<\/a><\/li><li><a href=\"https:\/\/ecoledelacroiseedeschemins.fr\/en\/site-collaboratif-creation-fonctionnement-ecoles-democratiques\/\">(Fran\u00e7ais) Un site collaboratif pour aider \u00e0 la cr\u00e9ation et au fonctionnement des \u00e9coles d\u00e9mocratiques<\/a><\/li><li><a href=\"https:\/\/ecoledelacroiseedeschemins.fr\/en\/calendrier-formations-2016-2017\/\">(Fran\u00e7ais) Le calendrier des formations 2016-2017<\/a><\/li><li><a href=\"https:\/\/ecoledelacroiseedeschemins.fr\/en\/creation-federation-parents-ecoles-independantes\/\">(Fran\u00e7ais) Cr\u00e9ation d&#8217;une F\u00e9d\u00e9ration des Parents d&#8217;\u00c9l\u00e8ves des \u00c9coles Ind\u00e9pendantes<\/a><\/li><li><a href=\"https:\/\/ecoledelacroiseedeschemins.fr\/en\/vendredi-3-juin-soiree-accompagner-les-enfants-autrement\/\">(Fran\u00e7ais) Vendredi 3 juin &#8211; Soir\u00e9e Accompagner les enfants autrement<\/a><\/li><li><a href=\"https:\/\/ecoledelacroiseedeschemins.fr\/en\/spectacle-de-contes-dimanche-29-mai\/\">(Fran\u00e7ais) Spectacle de contes dimanche 29 mai<\/a><\/li><li><a href=\"https:\/\/ecoledelacroiseedeschemins.fr\/en\/vendredi-13-mai-soiree-accompagner-les-enfants-autrement\/\">(Fran\u00e7ais) Vendredi 13 mai \u2013 Soir\u00e9e Accompagner les enfants autrement<\/a><\/li><li><a href=\"https:\/\/ecoledelacroiseedeschemins.fr\/en\/campagne-financement-participatif-2016\/\">(Fran\u00e7ais) La campagne de financement participatif<\/a><\/li><li><a href=\"https:\/\/ecoledelacroiseedeschemins.fr\/en\/dates-prochaines-formations\/\">(Fran\u00e7ais) Les dates des prochaines formations<\/a><\/li><li><a href=\"https:\/\/ecoledelacroiseedeschemins.fr\/en\/vendredi-1er-avril-soiree-accompagner-les-enfants-autrement\/\">(Fran\u00e7ais) Vendredi 1er avril \u2013 Soir\u00e9e Accompagner les enfants autrement<\/a><\/li><li><a href=\"https:\/\/ecoledelacroiseedeschemins.fr\/en\/une-emission-de-radio-sur-lecole\/\">(Fran\u00e7ais) Une \u00e9mission de radio sur l&#8217;\u00e9cole<\/a><\/li><li><a href=\"https:\/\/ecoledelacroiseedeschemins.fr\/en\/mon-jardin-ideal-mercredi-23-mars\/\">(Fran\u00e7ais) Mon Jardin Id\u00e9al &#8211; Mercredi 23 Mars<\/a><\/li><li><a href=\"https:\/\/ecoledelacroiseedeschemins.fr\/en\/mon-jardin-ideal-en-janvier\/\">(Fran\u00e7ais) Mon Jardin Id\u00e9al en Janvier<\/a><\/li><li><a href=\"https:\/\/ecoledelacroiseedeschemins.fr\/en\/vendredi-4-mars-soiree-accompagner-les-enfants-autrement\/\">(Fran\u00e7ais) Vendredi 4 mars &#8211; Soir\u00e9e Accompagner les enfants autrement<\/a><\/li><li><a href=\"https:\/\/ecoledelacroiseedeschemins.fr\/en\/le-cafe-des-enfants-en-fevrier\/\">Le Caf\u00e9 des Enfants en F\u00e9vrier<\/a><\/li><li><a href=\"https:\/\/ecoledelacroiseedeschemins.fr\/en\/cafe-fete-de-printemps\/\">F\u00eate de Printemps ! Mercredi 2 Mars<\/a><\/li><li><a href=\"https:\/\/ecoledelacroiseedeschemins.fr\/en\/soiree-debat-mercredi-13-janvier-2016\/\">Retour sur la soir\u00e9e &#8220;Cultiver la paix : le d\u00e9fi de la non-violence&#8221;<\/a><\/li><li><a href=\"https:\/\/ecoledelacroiseedeschemins.fr\/en\/vendredi-5-fevrier-besoins-emotions-enfants\/\">Vendredi 5 f\u00e9vrier &#8211; Soir\u00e9e Accompagner les enfants autrement<\/a><\/li><li><a href=\"https:\/\/ecoledelacroiseedeschemins.fr\/en\/cafe-enfants-janvier-2015\/\">Le Caf\u00e9 des Enfants en Janvier<\/a><\/li><li><a href=\"https:\/\/ecoledelacroiseedeschemins.fr\/en\/soiree-8-janvier-relation-enfants-jeunes\/\">Vendredi 8 janvier : Vivre la relation avec les enfants et les jeunes, pourquoi est-ce si difficile ?<\/a><\/li><li><a href=\"https:\/\/ecoledelacroiseedeschemins.fr\/en\/mon-jardin-ideal-13-janvier\/\">Mon Jardin Id\u00e9al &#8211; 13 Janvier<\/a><\/li><li><a href=\"https:\/\/ecoledelacroiseedeschemins.fr\/en\/lecole-dynamique-paris-interview-sur-tv5-monde\/\">L&#8217;\u00e9cole dynamique (Paris) &#8211; interview sur TV5 Monde<\/a><\/li><li><a href=\"https:\/\/ecoledelacroiseedeschemins.fr\/en\/film-alphabet-7-decembre-2015\/\">Projection et d\u00e9bat autour du film &#8220;Alphabet&#8221; &#8211; lundi 7 d\u00e9cembre<\/a><\/li><li><a href=\"https:\/\/ecoledelacroiseedeschemins.fr\/en\/il-etait-une-fois-les-poules-et-le-potager-en-novembre\/\">il \u00e9tait une fois &#8230;. les poules et le potager  en novembre<\/a><\/li><li><a href=\"https:\/\/ecoledelacroiseedeschemins.fr\/en\/mon-jardin-ideal-9-decembre\/\">Mon Jardin Id\u00e9al &#8211; 9 D\u00e9cembre<\/a><\/li><li><a href=\"https:\/\/ecoledelacroiseedeschemins.fr\/en\/les-poules-et-le-potager-en-juin\/\">les poules et le potager en juin<\/a><\/li><li><a href=\"https:\/\/ecoledelacroiseedeschemins.fr\/en\/notre-participation-au-printemps-de-leducation\/\">Notre participation au Printemps de l\u2019\u00c9ducation<\/a><\/li><li><a href=\"https:\/\/ecoledelacroiseedeschemins.fr\/en\/notre-participation-a-alternatiba\/\">Notre participation \u00e0 Alternatiba, le village festif des alternatives pour le climat<\/a><\/li><li><a href=\"https:\/\/ecoledelacroiseedeschemins.fr\/en\/prochaines-activites-ouvertes-a-tous-mai-juin\/\">Les prochaines activit\u00e9s ouvertes \u00e0 tous en mai et juin<\/a><\/li><li><a href=\"https:\/\/ecoledelacroiseedeschemins.fr\/en\/actualites-formations\/\">Actualit\u00e9 des formations<\/a><\/li><li><a href=\"https:\/\/ecoledelacroiseedeschemins.fr\/en\/colloque-pedagogies-differentes-avril-2015\/\">Colloque autour de p\u00e9dagogies diff\u00e9rentes 24-26 avril 2015<\/a><\/li><li><a href=\"https:\/\/ecoledelacroiseedeschemins.fr\/en\/vivre-ensemble-sociocratie-fevrier-2015\/\">F\u00e9vrier &#8211; Apprendre \u00e0 vivre ensemble : des outils existent !<\/a><\/li><li><a href=\"https:\/\/ecoledelacroiseedeschemins.fr\/en\/stage-permaculture-locale-7-8-fevrier\/\">Stage de permaculture locale par l&#8217;exemple et la pratique &#8211; 7,8 f\u00e9vrier<\/a><\/li><li><a href=\"https:\/\/ecoledelacroiseedeschemins.fr\/en\/conference-13-novembre\/\">Conf\u00e9rence jeudi 13 novembre 2014<\/a><\/li><li><a href=\"https:\/\/ecoledelacroiseedeschemins.fr\/en\/les-activites-en-octobre\/\">Les activit\u00e9s en octobre<\/a><\/li><li><a href=\"https:\/\/ecoledelacroiseedeschemins.fr\/en\/suite-piratage-site\/\">Suite au piratage de notre site<\/a><\/li><li><a href=\"https:\/\/ecoledelacroiseedeschemins.fr\/en\/fete-lancement-septembre-2014\/\">F\u00eate de lancement les 12, 13 et 14 septembre 2014<\/a><\/li><\/ul><\/div>\n<p>&nbsp;<\/p>","protected":false},"excerpt":{"rendered":"<p>Rendez-vous pass\u00e9s et \u00e0 venir &nbsp;<\/p>\n","protected":false},"author":14,"featured_media":0,"parent":0,"menu_order":1,"comment_status":"closed","ping_status":"closed","template":"","meta":{"ngg_post_thumbnail":0},"_links":{"self":[{"href":"https:\/\/ecoledelacroiseedeschemins.fr\/en\/wp-json\/wp\/v2\/pages\/902"}],"collection":[{"href":"https:\/\/ecoledelacroiseedeschemins.fr\/en\/wp-json\/wp\/v2\/pages"}],"about":[{"href":"https:\/\/ecoledelacroiseedeschemins.fr\/en\/wp-json\/wp\/v2\/types\/page"}],"author":[{"embeddable":true,"href":"https:\/\/ecoledelacroiseedeschemins.fr\/en\/wp-json\/wp\/v2\/users\/14"}],"replies":[{"embeddable":true,"href":"https:\/\/ecoledelacroiseedeschemins.fr\/en\/wp-json\/wp\/v2\/comments?post=902"}],"version-history":[{"count":0,"href":"https:\/\/ecoledelacroiseedeschemins.fr\/en\/wp-json\/wp\/v2\/pages\/902\/revisions"}],"wp:attachment":[{"href":"https:\/\/ecoledelacroiseedeschemins.fr\/en\/wp-json\/wp\/v2\/media?parent=902"}],"curies":[{"name":"wp","href":"https:\/\/api.w.org\/{rel}","templated":true}]}}